{"id":7127,"date":"2025-06-16T22:42:34","date_gmt":"2025-06-16T20:42:34","guid":{"rendered":"https:\/\/feistererhof.at\/organic-hotel-room\/last-minute\/"},"modified":"2025-06-16T22:43:39","modified_gmt":"2025-06-16T20:43:39","slug":"last-minute","status":"publish","type":"page","link":"https:\/\/feistererhof.at\/en\/organic-hotel-room\/last-minute\/","title":{"rendered":"Last Minute"},"content":{"rendered":"\n<h2 style=\"font-weight: 400;\">The joy of experiencing nature: Our remaining place exchange for your flexible time-out with us at the Feistererhof<\/h2>\n<p style=\"font-weight: 400;\">\u00a0<\/p>\n<p style=\"font-weight: 400;\">Our guests appreciate the warm, family atmosphere in our family-run organic farm, embedded in the beauty of the Dachstein region.<\/p>\n<p style=\"font-weight: 400;\">Here you can experience nature in its most beautiful form, stroke animals, breathe fresh mountain air, read, gentle morning yoga and enjoy the peace and quiet.<\/p>\n<p style=\"font-weight: 400;\">Sometimes there is free capacity at short notice, which we then offer on our last-minute remaining place exchange &#8211; perfect for a spontaneous break.<\/p>\n<p style=\"font-weight: 400;\">\u00a0<\/p>\n<p style=\"font-weight: 400;\">The prices below are based on double occupancy.<\/p>\n<p style=\"font-weight: 400;\">And if there is nothing for you? Then we look forward to your individual inquiry.<\/p>\n","protected":false},"excerpt":{"rendered":"<p>The joy of experiencing nature: Our remaining place exchange for your flexible time-out with us at the Feistererhof \u00a0 Our guests appreciate the warm, family atmosphere in our family-run organic farm, embedded in the beauty of the Dachstein region. Here you can experience nature in its most beautiful form, stroke animals, breathe fresh mountain air, [&hellip;]<\/p>\n","protected":false},"author":7,"featured_media":0,"parent":2063,"menu_order":0,"comment_status":"closed","ping_status":"closed","template":"content_page.php","meta":{"_acf_changed":false,"_monsterinsights_skip_tracking":false,"_monsterinsights_sitenote_active":false,"_monsterinsights_sitenote_note":"","_monsterinsights_sitenote_category":0,"footnotes":""},"class_list":["post-7127","page","type-page","status-publish","hentry"],"acf":[],"yoast_head":"<!-- This site is optimized with the Yoast SEO plugin v27.5 - https:\/\/yoast.com\/product\/yoast-seo-wordpress\/ -->\n<title>Last Minute - Bio Hotel Feistererhof - Ramsau am Dachstein<\/title>\n<meta name=\"robots\" content=\"index, follow, max-snippet:-1, max-image-preview:large, max-video-preview:-1\" \/>\n<link rel=\"canonical\" href=\"https:\/\/feistererhof.at\/en\/organic-hotel-room\/last-minute\/\" \/>\n<meta property=\"og:locale\" content=\"en_US\" \/>\n<meta property=\"og:type\" content=\"article\" \/>\n<meta property=\"og:title\" content=\"Last Minute - Bio Hotel Feistererhof - Ramsau am Dachstein\" \/>\n<meta property=\"og:description\" content=\"The joy of experiencing nature: Our remaining place exchange for your flexible time-out with us at the Feistererhof \u00a0 Our guests appreciate the warm, family atmosphere in our family-run organic farm, embedded in the beauty of the Dachstein region. Here you can experience nature in its most beautiful form, stroke animals, breathe fresh mountain air, [&hellip;]\" \/>\n<meta property=\"og:url\" content=\"https:\/\/feistererhof.at\/en\/organic-hotel-room\/last-minute\/\" \/>\n<meta property=\"og:site_name\" content=\"Bio Hotel Feistererhof - Ramsau am Dachstein\" \/>\n<meta property=\"article:modified_time\" content=\"2025-06-16T20:43:39+00:00\" \/>\n<meta name=\"twitter:card\" content=\"summary_large_image\" \/>\n<meta name=\"twitter:label1\" content=\"Est. reading time\" \/>\n\t<meta name=\"twitter:data1\" content=\"1 minute\" \/>\n<script type=\"application\/ld+json\" class=\"yoast-schema-graph\">{\"@context\":\"https:\\\/\\\/schema.org\",\"@graph\":[{\"@type\":\"WebPage\",\"@id\":\"https:\\\/\\\/feistererhof.at\\\/en\\\/organic-hotel-room\\\/last-minute\\\/\",\"url\":\"https:\\\/\\\/feistererhof.at\\\/en\\\/organic-hotel-room\\\/last-minute\\\/\",\"name\":\"Last Minute - Bio Hotel Feistererhof - Ramsau am Dachstein\",\"isPartOf\":{\"@id\":\"https:\\\/\\\/feistererhof.at\\\/en\\\/#website\"},\"datePublished\":\"2025-06-16T20:42:34+00:00\",\"dateModified\":\"2025-06-16T20:43:39+00:00\",\"breadcrumb\":{\"@id\":\"https:\\\/\\\/feistererhof.at\\\/en\\\/organic-hotel-room\\\/last-minute\\\/#breadcrumb\"},\"inLanguage\":\"en-US\",\"potentialAction\":[{\"@type\":\"ReadAction\",\"target\":[\"https:\\\/\\\/feistererhof.at\\\/en\\\/organic-hotel-room\\\/last-minute\\\/\"]}]},{\"@type\":\"BreadcrumbList\",\"@id\":\"https:\\\/\\\/feistererhof.at\\\/en\\\/organic-hotel-room\\\/last-minute\\\/#breadcrumb\",\"itemListElement\":[{\"@type\":\"ListItem\",\"position\":1,\"name\":\"Home\",\"item\":\"https:\\\/\\\/feistererhof.at\\\/en\\\/\"},{\"@type\":\"ListItem\",\"position\":2,\"name\":\"Organic hotel room\",\"item\":\"https:\\\/\\\/feistererhof.at\\\/en\\\/organic-hotel-room\\\/\"},{\"@type\":\"ListItem\",\"position\":3,\"name\":\"Last Minute\"}]},{\"@type\":\"WebSite\",\"@id\":\"https:\\\/\\\/feistererhof.at\\\/en\\\/#website\",\"url\":\"https:\\\/\\\/feistererhof.at\\\/en\\\/\",\"name\":\"Bio Hotel Feistererhof - Ramsau am Dachstein\",\"description\":\"Unser 4 Sterne Familien- und Biohotel in der Ramsau am Dachstein hei\u00dft Sie herzlich Willkommen! Gastfreundschaft, beste regionale K\u00fcche, Erzeugung im eigenen Haus und der pers\u00f6nliche Kontakt mit unseren G\u00e4sten zeichnet uns aus.\",\"publisher\":{\"@id\":\"https:\\\/\\\/feistererhof.at\\\/en\\\/#organization\"},\"potentialAction\":[{\"@type\":\"SearchAction\",\"target\":{\"@type\":\"EntryPoint\",\"urlTemplate\":\"https:\\\/\\\/feistererhof.at\\\/en\\\/?s={search_term_string}\"},\"query-input\":{\"@type\":\"PropertyValueSpecification\",\"valueRequired\":true,\"valueName\":\"search_term_string\"}}],\"inLanguage\":\"en-US\"},{\"@type\":\"Organization\",\"@id\":\"https:\\\/\\\/feistererhof.at\\\/en\\\/#organization\",\"name\":\"Bio Hotel Feistererhof - Ramsau am Dachstein\",\"url\":\"https:\\\/\\\/feistererhof.at\\\/en\\\/\",\"logo\":{\"@type\":\"ImageObject\",\"inLanguage\":\"en-US\",\"@id\":\"https:\\\/\\\/feistererhof.at\\\/en\\\/#\\\/schema\\\/logo\\\/image\\\/\",\"url\":\"https:\\\/\\\/feistererhof.at\\\/wp-content\\\/uploads\\\/2019\\\/10\\\/Feistererhof_Logo_1_black_RGB_large.png\",\"contentUrl\":\"https:\\\/\\\/feistererhof.at\\\/wp-content\\\/uploads\\\/2019\\\/10\\\/Feistererhof_Logo_1_black_RGB_large.png\",\"width\":1000,\"height\":81,\"caption\":\"Bio Hotel Feistererhof - Ramsau am Dachstein\"},\"image\":{\"@id\":\"https:\\\/\\\/feistererhof.at\\\/en\\\/#\\\/schema\\\/logo\\\/image\\\/\"}}]}<\/script>\n<!-- \/ Yoast SEO plugin. -->","yoast_head_json":{"title":"Last Minute - Bio Hotel Feistererhof - Ramsau am Dachstein","robots":{"index":"index","follow":"follow","max-snippet":"max-snippet:-1","max-image-preview":"max-image-preview:large","max-video-preview":"max-video-preview:-1"},"canonical":"https:\/\/feistererhof.at\/en\/organic-hotel-room\/last-minute\/","og_locale":"en_US","og_type":"article","og_title":"Last Minute - Bio Hotel Feistererhof - Ramsau am Dachstein","og_description":"The joy of experiencing nature: Our remaining place exchange for your flexible time-out with us at the Feistererhof \u00a0 Our guests appreciate the warm, family atmosphere in our family-run organic farm, embedded in the beauty of the Dachstein region. Here you can experience nature in its most beautiful form, stroke animals, breathe fresh mountain air, [&hellip;]","og_url":"https:\/\/feistererhof.at\/en\/organic-hotel-room\/last-minute\/","og_site_name":"Bio Hotel Feistererhof - Ramsau am Dachstein","article_modified_time":"2025-06-16T20:43:39+00:00","twitter_card":"summary_large_image","twitter_misc":{"Est. reading time":"1 minute"},"schema":{"@context":"https:\/\/schema.org","@graph":[{"@type":"WebPage","@id":"https:\/\/feistererhof.at\/en\/organic-hotel-room\/last-minute\/","url":"https:\/\/feistererhof.at\/en\/organic-hotel-room\/last-minute\/","name":"Last Minute - Bio Hotel Feistererhof - Ramsau am Dachstein","isPartOf":{"@id":"https:\/\/feistererhof.at\/en\/#website"},"datePublished":"2025-06-16T20:42:34+00:00","dateModified":"2025-06-16T20:43:39+00:00","breadcrumb":{"@id":"https:\/\/feistererhof.at\/en\/organic-hotel-room\/last-minute\/#breadcrumb"},"inLanguage":"en-US","potentialAction":[{"@type":"ReadAction","target":["https:\/\/feistererhof.at\/en\/organic-hotel-room\/last-minute\/"]}]},{"@type":"BreadcrumbList","@id":"https:\/\/feistererhof.at\/en\/organic-hotel-room\/last-minute\/#breadcrumb","itemListElement":[{"@type":"ListItem","position":1,"name":"Home","item":"https:\/\/feistererhof.at\/en\/"},{"@type":"ListItem","position":2,"name":"Organic hotel room","item":"https:\/\/feistererhof.at\/en\/organic-hotel-room\/"},{"@type":"ListItem","position":3,"name":"Last Minute"}]},{"@type":"WebSite","@id":"https:\/\/feistererhof.at\/en\/#website","url":"https:\/\/feistererhof.at\/en\/","name":"Bio Hotel Feistererhof - Ramsau am Dachstein","description":"Unser 4 Sterne Familien- und Biohotel in der Ramsau am Dachstein hei\u00dft Sie herzlich Willkommen! Gastfreundschaft, beste regionale K\u00fcche, Erzeugung im eigenen Haus und der pers\u00f6nliche Kontakt mit unseren G\u00e4sten zeichnet uns aus.","publisher":{"@id":"https:\/\/feistererhof.at\/en\/#organization"},"potentialAction":[{"@type":"SearchAction","target":{"@type":"EntryPoint","urlTemplate":"https:\/\/feistererhof.at\/en\/?s={search_term_string}"},"query-input":{"@type":"PropertyValueSpecification","valueRequired":true,"valueName":"search_term_string"}}],"inLanguage":"en-US"},{"@type":"Organization","@id":"https:\/\/feistererhof.at\/en\/#organization","name":"Bio Hotel Feistererhof - Ramsau am Dachstein","url":"https:\/\/feistererhof.at\/en\/","logo":{"@type":"ImageObject","inLanguage":"en-US","@id":"https:\/\/feistererhof.at\/en\/#\/schema\/logo\/image\/","url":"https:\/\/feistererhof.at\/wp-content\/uploads\/2019\/10\/Feistererhof_Logo_1_black_RGB_large.png","contentUrl":"https:\/\/feistererhof.at\/wp-content\/uploads\/2019\/10\/Feistererhof_Logo_1_black_RGB_large.png","width":1000,"height":81,"caption":"Bio Hotel Feistererhof - Ramsau am Dachstein"},"image":{"@id":"https:\/\/feistererhof.at\/en\/#\/schema\/logo\/image\/"}}]}},"_links":{"self":[{"href":"https:\/\/feistererhof.at\/en\/wp-json\/wp\/v2\/pages\/7127","targetHints":{"allow":["GET"]}}],"collection":[{"href":"https:\/\/feistererhof.at\/en\/wp-json\/wp\/v2\/pages"}],"about":[{"href":"https:\/\/feistererhof.at\/en\/wp-json\/wp\/v2\/types\/page"}],"author":[{"embeddable":true,"href":"https:\/\/feistererhof.at\/en\/wp-json\/wp\/v2\/users\/7"}],"replies":[{"embeddable":true,"href":"https:\/\/feistererhof.at\/en\/wp-json\/wp\/v2\/comments?post=7127"}],"version-history":[{"count":2,"href":"https:\/\/feistererhof.at\/en\/wp-json\/wp\/v2\/pages\/7127\/revisions"}],"predecessor-version":[{"id":7129,"href":"https:\/\/feistererhof.at\/en\/wp-json\/wp\/v2\/pages\/7127\/revisions\/7129"}],"up":[{"embeddable":true,"href":"https:\/\/feistererhof.at\/en\/wp-json\/wp\/v2\/pages\/2063"}],"wp:attachment":[{"href":"https:\/\/feistererhof.at\/en\/wp-json\/wp\/v2\/media?parent=7127"}],"curies":[{"name":"wp","href":"https:\/\/api.w.org\/{rel}","templated":true}]}}