{"id":4577,"date":"2022-08-11T13:53:17","date_gmt":"2022-08-11T11:53:17","guid":{"rendered":"https:\/\/feistererhof.at\/request-indulgence-yoga-retreat\/"},"modified":"2023-09-05T11:20:28","modified_gmt":"2023-09-05T09:20:28","slug":"request-indulgence-yoga-retreat","status":"publish","type":"page","link":"https:\/\/feistererhof.at\/en\/request-indulgence-yoga-retreat\/","title":{"rendered":"Request Indulgence Yoga Retreat"},"content":{"rendered":"\n          \n\n          <div class=\"wpforms-container wpforms-container-full\" id=\"wpforms-2927\"><form id=\"wpforms-form-2927\" class=\"wpforms-validate wpforms-form\" data-formid=\"2927\" method=\"post\" enctype=\"multipart\/form-data\" action=\"\/en\/wp-json\/wp\/v2\/pages\/4577\" data-token=\"ea5e9ddc85ad92a9591049add587c38a\" data-token-time=\"1777584704\"><noscript class=\"wpforms-error-noscript\">Please enable JavaScript in your browser to complete this form.<\/noscript><div class=\"wpforms-field-container\"><div id=\"wpforms-2927-field_5-container\" class=\"wpforms-field wpforms-field-name wpforms-one-half wpforms-first\" data-field-id=\"5\"><label class=\"wpforms-field-label\" for=\"wpforms-2927-field_5\">Vorname <span class=\"wpforms-required-label\">*<\/span><\/label><input type=\"text\" id=\"wpforms-2927-field_5\" class=\"wpforms-field-large wpforms-field-required\" name=\"wpforms[fields][5]\" required><\/div><div id=\"wpforms-2927-field_20-container\" class=\"wpforms-field wpforms-field-name wpforms-one-half\" data-field-id=\"20\"><label class=\"wpforms-field-label\" for=\"wpforms-2927-field_20\">Nachname <span class=\"wpforms-required-label\">*<\/span><\/label><input type=\"text\" id=\"wpforms-2927-field_20\" class=\"wpforms-field-large wpforms-field-required\" name=\"wpforms[fields][20]\" required><\/div><div id=\"wpforms-2927-field_7-container\" class=\"wpforms-field wpforms-field-email wpforms-one-half wpforms-first\" data-field-id=\"7\"><label class=\"wpforms-field-label\" for=\"wpforms-2927-field_7\">E-Mail <span class=\"wpforms-required-label\">*<\/span><\/label><input type=\"email\" id=\"wpforms-2927-field_7\" class=\"wpforms-field-large wpforms-field-required\" name=\"wpforms[fields][7]\" spellcheck=\"false\" required><\/div><div id=\"wpforms-2927-field_8-container\" class=\"wpforms-field wpforms-field-phone wpforms-one-half\" data-field-id=\"8\"><label class=\"wpforms-field-label\" for=\"wpforms-2927-field_8\">Telefon<\/label><input type=\"tel\" id=\"wpforms-2927-field_8\" class=\"wpforms-field-large wpforms-smart-phone-field\" data-rule-smart-phone-field=\"true\" name=\"wpforms[fields][8]\" aria-label=\"Telefon\" ><\/div><div id=\"wpforms-2927-field_1-container\" class=\"wpforms-field wpforms-field-date-time wpforms-one-half wpforms-first\" data-field-id=\"1\"><label class=\"wpforms-field-label\" for=\"wpforms-2927-field_1\">Anreise <span class=\"wpforms-required-label\">*<\/span><\/label><div class=\"wpforms-datepicker-wrap\"><input type=\"text\" id=\"wpforms-2927-field_1\" class=\"wpforms-field-date-time-date wpforms-datepicker wpforms-field-required wpforms-field-large\" data-date-format=\"d\/m\/Y\" data-disable-past-dates=\"0\" data-input=\"true\" name=\"wpforms[fields][1][date]\" required><a title=\"Clear Date\" data-clear role=\"button\" tabindex=\"0\" class=\"wpforms-datepicker-clear\" aria-label=\"Clear Date\" style=\"display:none;\"><\/a><\/div><\/div><div id=\"wpforms-2927-field_2-container\" class=\"wpforms-field wpforms-field-date-time wpforms-one-half\" data-field-id=\"2\"><label class=\"wpforms-field-label\" for=\"wpforms-2927-field_2\">Abreise <span class=\"wpforms-required-label\">*<\/span><\/label><div class=\"wpforms-datepicker-wrap\"><input type=\"text\" id=\"wpforms-2927-field_2\" class=\"wpforms-field-date-time-date wpforms-datepicker wpforms-field-required wpforms-field-large\" data-date-format=\"d\/m\/Y\" data-disable-past-dates=\"0\" data-input=\"true\" name=\"wpforms[fields][2][date]\" required><a title=\"Clear Date\" data-clear role=\"button\" tabindex=\"0\" class=\"wpforms-datepicker-clear\" aria-label=\"Clear Date\" style=\"display:none;\"><\/a><\/div><\/div><div id=\"wpforms-2927-field_11-container\" class=\"wpforms-field wpforms-field-number wpforms-one-fourth wpforms-first wpforms-firstwpforms-two-fourths\" data-field-id=\"11\"><label class=\"wpforms-field-label\" for=\"wpforms-2927-field_11\">Anzahl Erwachsene <span class=\"wpforms-required-label\">*<\/span><\/label><input type=\"number\" id=\"wpforms-2927-field_11\" class=\"wpforms-field-large wpforms-field-required\" name=\"wpforms[fields][11]\" step=\"any\" required><\/div><div id=\"wpforms-2927-field_9-container\" class=\"wpforms-field wpforms-field-number wpforms-one-fourth wpforms-one-fourthwpforms-one-fourth\" data-field-id=\"9\"><label class=\"wpforms-field-label\" for=\"wpforms-2927-field_9\">Kinder 0-5<\/label><input type=\"number\" id=\"wpforms-2927-field_9\" class=\"wpforms-field-large\" name=\"wpforms[fields][9]\" step=\"any\" ><\/div><div id=\"wpforms-2927-field_10-container\" class=\"wpforms-field wpforms-field-number wpforms-one-fourth wpforms-one-fourthwpforms-one-fourth\" data-field-id=\"10\"><label class=\"wpforms-field-label\" for=\"wpforms-2927-field_10\">Kinder 6-10<\/label><input type=\"number\" id=\"wpforms-2927-field_10\" class=\"wpforms-field-large\" name=\"wpforms[fields][10]\" step=\"any\" ><\/div><div id=\"wpforms-2927-field_21-container\" class=\"wpforms-field wpforms-field-number wpforms-one-fourthwpforms-one-fourth wpforms-one-fourth\" data-field-id=\"21\"><label class=\"wpforms-field-label\" for=\"wpforms-2927-field_21\">Kinder 11-14<\/label><input type=\"number\" id=\"wpforms-2927-field_21\" class=\"wpforms-field-large\" name=\"wpforms[fields][21]\" step=\"any\" ><\/div><div id=\"wpforms-2927-field_17-container\" class=\"wpforms-field wpforms-field-date-time wpforms-one-half wpforms-first\" data-field-id=\"17\"><label class=\"wpforms-field-label\" for=\"wpforms-2927-field_17\">Alternative Anreise<\/label><div class=\"wpforms-datepicker-wrap\"><input type=\"text\" id=\"wpforms-2927-field_17\" class=\"wpforms-field-date-time-date wpforms-datepicker wpforms-field-large\" data-date-format=\"d\/m\/Y\" data-disable-past-dates=\"0\" data-input=\"true\" name=\"wpforms[fields][17][date]\" ><a title=\"Clear Date\" data-clear role=\"button\" tabindex=\"0\" class=\"wpforms-datepicker-clear\" aria-label=\"Clear Date\" style=\"display:none;\"><\/a><\/div><\/div><div id=\"wpforms-2927-field_18-container\" class=\"wpforms-field wpforms-field-date-time wpforms-one-half\" data-field-id=\"18\"><label class=\"wpforms-field-label\" for=\"wpforms-2927-field_18\">Alternative Abreise<\/label><div class=\"wpforms-datepicker-wrap\"><input type=\"text\" id=\"wpforms-2927-field_18\" class=\"wpforms-field-date-time-date wpforms-datepicker wpforms-field-large\" data-date-format=\"d\/m\/Y\" data-disable-past-dates=\"0\" data-input=\"true\" name=\"wpforms[fields][18][date]\" ><a title=\"Clear Date\" data-clear role=\"button\" tabindex=\"0\" class=\"wpforms-datepicker-clear\" aria-label=\"Clear Date\" style=\"display:none;\"><\/a><\/div><\/div><div id=\"wpforms-2927-field_19-container\" class=\"wpforms-field wpforms-field-payment-checkbox wpforms-list-inline\" data-field-id=\"19\"><label class=\"wpforms-field-label\">W\u00e4hlen Sie Ihre bevorzugten Zimmerkategorie(n)<\/label><ul id=\"wpforms-2927-field_19\" class=\"wpforms-image-choices wpforms-image-choices-modern\"><li class=\"choice-9 wpforms-image-choices-item\"><label class=\"wpforms-field-label-inline\" for=\"wpforms-2927-field_19_9\"><span class=\"wpforms-image-choices-image\"><img decoding=\"async\" data-src=\"https:\/\/feistererhof.at\/wp-content\/uploads\/2019\/11\/DZlinde.jpg\" alt=\"Doppelzimmer Lindenbaum\" title=\"Doppelzimmer Lindenbaum\" src=\"data:image\/svg+xml;base64,PHN2ZyB3aWR0aD0iMSIgaGVpZ2h0PSIxIiB4bWxucz0iaHR0cDovL3d3dy53My5vcmcvMjAwMC9zdmciPjwvc3ZnPg==\" class=\"lazyload\" style=\"--smush-placeholder-width: 250px; --smush-placeholder-aspect-ratio: 250\/250;\"><\/span><input type=\"checkbox\" id=\"wpforms-2927-field_19_9\" class=\"wpforms-payment-price wpforms-screen-reader-element\" data-amount=\"0,00\" name=\"wpforms[fields][19][]\" value=\"9\"  ><span class=\"wpforms-image-choices-label\">Doppelzimmer Lindenbaum<\/span><\/label><\/li><li class=\"choice-8 wpforms-image-choices-item\"><label class=\"wpforms-field-label-inline\" for=\"wpforms-2927-field_19_8\"><span class=\"wpforms-image-choices-image\"><img decoding=\"async\" data-src=\"https:\/\/feistererhof.at\/wp-content\/uploads\/2019\/11\/dzaussicht.jpg\" alt=\"Doppelzimmer Aussicht\" title=\"Doppelzimmer Aussicht\" src=\"data:image\/svg+xml;base64,PHN2ZyB3aWR0aD0iMSIgaGVpZ2h0PSIxIiB4bWxucz0iaHR0cDovL3d3dy53My5vcmcvMjAwMC9zdmciPjwvc3ZnPg==\" class=\"lazyload\" style=\"--smush-placeholder-width: 250px; --smush-placeholder-aspect-ratio: 250\/250;\"><\/span><input type=\"checkbox\" id=\"wpforms-2927-field_19_8\" class=\"wpforms-payment-price wpforms-screen-reader-element\" data-amount=\"0,00\" name=\"wpforms[fields][19][]\" value=\"8\"  ><span class=\"wpforms-image-choices-label\">Doppelzimmer Aussicht<\/span><\/label><\/li><li class=\"choice-7 wpforms-image-choices-item\"><label class=\"wpforms-field-label-inline\" for=\"wpforms-2927-field_19_7\"><span class=\"wpforms-image-choices-image\"><img decoding=\"async\" data-src=\"https:\/\/feistererhof.at\/wp-content\/uploads\/2019\/11\/dzloggia.jpg\" alt=\"Doppelzimmer Loggia\" title=\"Doppelzimmer Loggia\" src=\"data:image\/svg+xml;base64,PHN2ZyB3aWR0aD0iMSIgaGVpZ2h0PSIxIiB4bWxucz0iaHR0cDovL3d3dy53My5vcmcvMjAwMC9zdmciPjwvc3ZnPg==\" class=\"lazyload\" style=\"--smush-placeholder-width: 250px; --smush-placeholder-aspect-ratio: 250\/250;\"><\/span><input type=\"checkbox\" id=\"wpforms-2927-field_19_7\" class=\"wpforms-payment-price wpforms-screen-reader-element\" data-amount=\"0,00\" name=\"wpforms[fields][19][]\" value=\"7\"  ><span class=\"wpforms-image-choices-label\">Doppelzimmer Loggia<\/span><\/label><\/li><\/ul><\/div><div id=\"wpforms-2927-field_15-container\" class=\"wpforms-field wpforms-field-textarea\" data-field-id=\"15\"><label class=\"wpforms-field-label\" for=\"wpforms-2927-field_15\">Nachricht an uns<\/label><textarea id=\"wpforms-2927-field_15\" class=\"wpforms-field-large\" name=\"wpforms[fields][15]\" ><\/textarea><\/div><div id=\"wpforms-2927-field_22-container\" class=\"wpforms-field wpforms-field-text\" data-field-id=\"22\"><label class=\"wpforms-field-label\" for=\"wpforms-2927-field_22\">Gutscheincode<\/label><input type=\"text\" id=\"wpforms-2927-field_22\" class=\"wpforms-field-large\" name=\"wpforms[fields][22]\" ><\/div><div id=\"wpforms-2927-field_14-container\" class=\"wpforms-field wpforms-field-gdpr-checkbox\" data-field-id=\"14\"><label class=\"wpforms-field-label\">DSGVO-Einverst\u00e4ndnis <span class=\"wpforms-required-label\">*<\/span><\/label><ul id=\"wpforms-2927-field_14\" class=\"wpforms-field-required\"><li class=\"choice-1\"><input type=\"checkbox\" id=\"wpforms-2927-field_14_1\" name=\"wpforms[fields][14][]\" value=\"Ich willige ein, dass diese Website meine \u00fcbermittelten Informationen speichert, sodass meine Anfrage beantwortet werden kann.\" required ><label class=\"wpforms-field-label-inline\" for=\"wpforms-2927-field_14_1\">Ich willige ein, dass diese Website meine \u00fcbermittelten Informationen speichert, sodass meine Anfrage beantwortet werden kann.<\/label><\/li><\/ul><\/div><\/div><!-- .wpforms-field-container --><div class=\"wpforms-field wpforms-field-hp\"><label for=\"wpforms-2927-field-hp\" class=\"wpforms-field-label\">Email<\/label><input type=\"text\" name=\"wpforms[hp]\" id=\"wpforms-2927-field-hp\" class=\"wpforms-field-medium\"><\/div><div class=\"wpforms-submit-container\" ><input type=\"hidden\" name=\"wpforms[id]\" value=\"2927\"><input type=\"hidden\" name=\"page_title\" value=\"\"><input type=\"hidden\" name=\"page_url\" value=\"https:\/\/feistererhof.at\/en\/wp-json\/wp\/v2\/pages\/4577\"><input type=\"hidden\" name=\"url_referer\" value=\"\"><button type=\"submit\" name=\"wpforms[submit]\" id=\"wpforms-submit-2927\" class=\"wpforms-submit btn-invert\" data-alt-text=\"Senden...\" data-submit-text=\"Absenden\" aria-live=\"assertive\" value=\"wpforms-submit\">Absenden<\/button><\/div><\/form><\/div>  <!-- .wpforms-container -->\n          \n\n        \n","protected":false},"excerpt":{"rendered":"","protected":false},"author":1,"featured_media":0,"parent":0,"menu_order":0,"comment_status":"closed","ping_status":"closed","template":"","meta":{"_acf_changed":false,"_monsterinsights_skip_tracking":false,"_monsterinsights_sitenote_active":false,"_monsterinsights_sitenote_note":"","_monsterinsights_sitenote_category":0,"footnotes":""},"class_list":["post-4577","page","type-page","status-publish","hentry"],"acf":[],"yoast_head":"<!-- This site is optimized with the Yoast SEO plugin v27.5 - https:\/\/yoast.com\/product\/yoast-seo-wordpress\/ -->\n<title>Request Indulgence Yoga Retreat - Bio Hotel Feistererhof - Ramsau am Dachstein<\/title>\n<meta name=\"robots\" content=\"index, follow, max-snippet:-1, max-image-preview:large, max-video-preview:-1\" \/>\n<link rel=\"canonical\" href=\"https:\/\/feistererhof.at\/en\/request-indulgence-yoga-retreat\/\" \/>\n<meta property=\"og:locale\" content=\"en_US\" \/>\n<meta property=\"og:type\" content=\"article\" \/>\n<meta property=\"og:title\" content=\"Request Indulgence Yoga Retreat - Bio Hotel Feistererhof - Ramsau am Dachstein\" \/>\n<meta property=\"og:url\" content=\"https:\/\/feistererhof.at\/en\/request-indulgence-yoga-retreat\/\" \/>\n<meta property=\"og:site_name\" content=\"Bio Hotel Feistererhof - Ramsau am Dachstein\" \/>\n<meta property=\"article:modified_time\" content=\"2023-09-05T09:20:28+00:00\" \/>\n<meta name=\"twitter:card\" content=\"summary_large_image\" \/>\n<script type=\"application\/ld+json\" class=\"yoast-schema-graph\">{\"@context\":\"https:\\\/\\\/schema.org\",\"@graph\":[{\"@type\":\"WebPage\",\"@id\":\"https:\\\/\\\/feistererhof.at\\\/en\\\/request-indulgence-yoga-retreat\\\/\",\"url\":\"https:\\\/\\\/feistererhof.at\\\/en\\\/request-indulgence-yoga-retreat\\\/\",\"name\":\"Request Indulgence Yoga Retreat - Bio Hotel Feistererhof - Ramsau am Dachstein\",\"isPartOf\":{\"@id\":\"https:\\\/\\\/feistererhof.at\\\/en\\\/#website\"},\"datePublished\":\"2022-08-11T11:53:17+00:00\",\"dateModified\":\"2023-09-05T09:20:28+00:00\",\"breadcrumb\":{\"@id\":\"https:\\\/\\\/feistererhof.at\\\/en\\\/request-indulgence-yoga-retreat\\\/#breadcrumb\"},\"inLanguage\":\"en-US\",\"potentialAction\":[{\"@type\":\"ReadAction\",\"target\":[\"https:\\\/\\\/feistererhof.at\\\/en\\\/request-indulgence-yoga-retreat\\\/\"]}]},{\"@type\":\"BreadcrumbList\",\"@id\":\"https:\\\/\\\/feistererhof.at\\\/en\\\/request-indulgence-yoga-retreat\\\/#breadcrumb\",\"itemListElement\":[{\"@type\":\"ListItem\",\"position\":1,\"name\":\"Home\",\"item\":\"https:\\\/\\\/feistererhof.at\\\/en\\\/\"},{\"@type\":\"ListItem\",\"position\":2,\"name\":\"Request Indulgence Yoga Retreat\"}]},{\"@type\":\"WebSite\",\"@id\":\"https:\\\/\\\/feistererhof.at\\\/en\\\/#website\",\"url\":\"https:\\\/\\\/feistererhof.at\\\/en\\\/\",\"name\":\"Bio Hotel Feistererhof - Ramsau am Dachstein\",\"description\":\"Unser 4 Sterne Familien- und Biohotel in der Ramsau am Dachstein hei\u00dft Sie herzlich Willkommen! Gastfreundschaft, beste regionale K\u00fcche, Erzeugung im eigenen Haus und der pers\u00f6nliche Kontakt mit unseren G\u00e4sten zeichnet uns aus.\",\"publisher\":{\"@id\":\"https:\\\/\\\/feistererhof.at\\\/en\\\/#organization\"},\"potentialAction\":[{\"@type\":\"SearchAction\",\"target\":{\"@type\":\"EntryPoint\",\"urlTemplate\":\"https:\\\/\\\/feistererhof.at\\\/en\\\/?s={search_term_string}\"},\"query-input\":{\"@type\":\"PropertyValueSpecification\",\"valueRequired\":true,\"valueName\":\"search_term_string\"}}],\"inLanguage\":\"en-US\"},{\"@type\":\"Organization\",\"@id\":\"https:\\\/\\\/feistererhof.at\\\/en\\\/#organization\",\"name\":\"Bio Hotel Feistererhof - Ramsau am Dachstein\",\"url\":\"https:\\\/\\\/feistererhof.at\\\/en\\\/\",\"logo\":{\"@type\":\"ImageObject\",\"inLanguage\":\"en-US\",\"@id\":\"https:\\\/\\\/feistererhof.at\\\/en\\\/#\\\/schema\\\/logo\\\/image\\\/\",\"url\":\"https:\\\/\\\/feistererhof.at\\\/wp-content\\\/uploads\\\/2019\\\/10\\\/Feistererhof_Logo_1_black_RGB_large.png\",\"contentUrl\":\"https:\\\/\\\/feistererhof.at\\\/wp-content\\\/uploads\\\/2019\\\/10\\\/Feistererhof_Logo_1_black_RGB_large.png\",\"width\":1000,\"height\":81,\"caption\":\"Bio Hotel Feistererhof - Ramsau am Dachstein\"},\"image\":{\"@id\":\"https:\\\/\\\/feistererhof.at\\\/en\\\/#\\\/schema\\\/logo\\\/image\\\/\"}}]}<\/script>\n<!-- \/ Yoast SEO plugin. -->","yoast_head_json":{"title":"Request Indulgence Yoga Retreat - Bio Hotel Feistererhof - Ramsau am Dachstein","robots":{"index":"index","follow":"follow","max-snippet":"max-snippet:-1","max-image-preview":"max-image-preview:large","max-video-preview":"max-video-preview:-1"},"canonical":"https:\/\/feistererhof.at\/en\/request-indulgence-yoga-retreat\/","og_locale":"en_US","og_type":"article","og_title":"Request Indulgence Yoga Retreat - Bio Hotel Feistererhof - Ramsau am Dachstein","og_url":"https:\/\/feistererhof.at\/en\/request-indulgence-yoga-retreat\/","og_site_name":"Bio Hotel Feistererhof - Ramsau am Dachstein","article_modified_time":"2023-09-05T09:20:28+00:00","twitter_card":"summary_large_image","schema":{"@context":"https:\/\/schema.org","@graph":[{"@type":"WebPage","@id":"https:\/\/feistererhof.at\/en\/request-indulgence-yoga-retreat\/","url":"https:\/\/feistererhof.at\/en\/request-indulgence-yoga-retreat\/","name":"Request Indulgence Yoga Retreat - Bio Hotel Feistererhof - Ramsau am Dachstein","isPartOf":{"@id":"https:\/\/feistererhof.at\/en\/#website"},"datePublished":"2022-08-11T11:53:17+00:00","dateModified":"2023-09-05T09:20:28+00:00","breadcrumb":{"@id":"https:\/\/feistererhof.at\/en\/request-indulgence-yoga-retreat\/#breadcrumb"},"inLanguage":"en-US","potentialAction":[{"@type":"ReadAction","target":["https:\/\/feistererhof.at\/en\/request-indulgence-yoga-retreat\/"]}]},{"@type":"BreadcrumbList","@id":"https:\/\/feistererhof.at\/en\/request-indulgence-yoga-retreat\/#breadcrumb","itemListElement":[{"@type":"ListItem","position":1,"name":"Home","item":"https:\/\/feistererhof.at\/en\/"},{"@type":"ListItem","position":2,"name":"Request Indulgence Yoga Retreat"}]},{"@type":"WebSite","@id":"https:\/\/feistererhof.at\/en\/#website","url":"https:\/\/feistererhof.at\/en\/","name":"Bio Hotel Feistererhof - Ramsau am Dachstein","description":"Unser 4 Sterne Familien- und Biohotel in der Ramsau am Dachstein hei\u00dft Sie herzlich Willkommen! Gastfreundschaft, beste regionale K\u00fcche, Erzeugung im eigenen Haus und der pers\u00f6nliche Kontakt mit unseren G\u00e4sten zeichnet uns aus.","publisher":{"@id":"https:\/\/feistererhof.at\/en\/#organization"},"potentialAction":[{"@type":"SearchAction","target":{"@type":"EntryPoint","urlTemplate":"https:\/\/feistererhof.at\/en\/?s={search_term_string}"},"query-input":{"@type":"PropertyValueSpecification","valueRequired":true,"valueName":"search_term_string"}}],"inLanguage":"en-US"},{"@type":"Organization","@id":"https:\/\/feistererhof.at\/en\/#organization","name":"Bio Hotel Feistererhof - Ramsau am Dachstein","url":"https:\/\/feistererhof.at\/en\/","logo":{"@type":"ImageObject","inLanguage":"en-US","@id":"https:\/\/feistererhof.at\/en\/#\/schema\/logo\/image\/","url":"https:\/\/feistererhof.at\/wp-content\/uploads\/2019\/10\/Feistererhof_Logo_1_black_RGB_large.png","contentUrl":"https:\/\/feistererhof.at\/wp-content\/uploads\/2019\/10\/Feistererhof_Logo_1_black_RGB_large.png","width":1000,"height":81,"caption":"Bio Hotel Feistererhof - Ramsau am Dachstein"},"image":{"@id":"https:\/\/feistererhof.at\/en\/#\/schema\/logo\/image\/"}}]}},"_links":{"self":[{"href":"https:\/\/feistererhof.at\/en\/wp-json\/wp\/v2\/pages\/4577","targetHints":{"allow":["GET"]}}],"collection":[{"href":"https:\/\/feistererhof.at\/en\/wp-json\/wp\/v2\/pages"}],"about":[{"href":"https:\/\/feistererhof.at\/en\/wp-json\/wp\/v2\/types\/page"}],"author":[{"embeddable":true,"href":"https:\/\/feistererhof.at\/en\/wp-json\/wp\/v2\/users\/1"}],"replies":[{"embeddable":true,"href":"https:\/\/feistererhof.at\/en\/wp-json\/wp\/v2\/comments?post=4577"}],"version-history":[{"count":0,"href":"https:\/\/feistererhof.at\/en\/wp-json\/wp\/v2\/pages\/4577\/revisions"}],"wp:attachment":[{"href":"https:\/\/feistererhof.at\/en\/wp-json\/wp\/v2\/media?parent=4577"}],"curies":[{"name":"wp","href":"https:\/\/api.w.org\/{rel}","templated":true}]}}