{"id":3997,"date":"2022-04-04T13:22:32","date_gmt":"2022-04-04T11:22:32","guid":{"rendered":"https:\/\/feistererhof.at\/?page_id=3997"},"modified":"2024-09-05T04:04:36","modified_gmt":"2024-09-05T02:04:36","slug":"yoga-at-feistererhof","status":"publish","type":"page","link":"https:\/\/feistererhof.at\/en\/yoga-at-feistererhof\/","title":{"rendered":"Yoga at the Feistererhof"},"content":{"rendered":"\n<p class=\"p1\">Living in harmony with nature also means resting in one&#8217;s own balance. The Bio Hotel Feistererhof offers the ideal place for this: our hotel&#8217;s own yoga room. Regular yoga classes and retreats lasting several days are held in the sun-drenched ambience with a direct view of nature. In addition to our hotel guests, we also welcome external participants.<\/p>\n","protected":false},"excerpt":{"rendered":"<p>Living in harmony with nature also means resting in one&#8217;s own balance. The Bio Hotel Feistererhof offers the ideal place for this: our hotel&#8217;s own yoga room. Regular yoga classes and retreats lasting several days are held in the sun-drenched ambience with a direct view of nature. In addition to our hotel guests, we also [&hellip;]<\/p>\n","protected":false},"author":1,"featured_media":5874,"parent":0,"menu_order":0,"comment_status":"closed","ping_status":"closed","template":"content_page.php","meta":{"_acf_changed":false,"_monsterinsights_skip_tracking":false,"_monsterinsights_sitenote_active":false,"_monsterinsights_sitenote_note":"","_monsterinsights_sitenote_category":0,"footnotes":""},"class_list":["post-3997","page","type-page","status-publish","has-post-thumbnail","hentry"],"acf":[],"yoast_head":"<!-- This site is optimized with the Yoast SEO plugin v27.5 - https:\/\/yoast.com\/product\/yoast-seo-wordpress\/ -->\n<title>Yoga at the Feistererhof - Bio Hotel Feistererhof - Ramsau am Dachstein - since 1442<\/title>\n<meta name=\"description\" content=\"For us, &quot;organic&quot; is perfectly natural. At the Feistererhof we combine hotel, guesthouse and farm, cook organically and live in harmony with our surroundings.\" \/>\n<meta name=\"robots\" content=\"index, follow, max-snippet:-1, max-image-preview:large, max-video-preview:-1\" \/>\n<link rel=\"canonical\" href=\"https:\/\/feistererhof.at\/en\/yoga-at-feistererhof\/\" \/>\n<meta property=\"og:locale\" content=\"en_US\" \/>\n<meta property=\"og:type\" content=\"article\" \/>\n<meta property=\"og:title\" content=\"Yoga at the Feistererhof - Bio Hotel Feistererhof - Ramsau am Dachstein - since 1442\" \/>\n<meta property=\"og:description\" content=\"For us, &quot;organic&quot; is perfectly natural. At the Feistererhof we combine hotel, guesthouse and farm, cook organically and live in harmony with our surroundings.\" \/>\n<meta property=\"og:url\" content=\"https:\/\/feistererhof.at\/en\/yoga-at-feistererhof\/\" \/>\n<meta property=\"og:site_name\" content=\"Bio Hotel Feistererhof - Ramsau am Dachstein\" \/>\n<meta property=\"article:modified_time\" content=\"2024-09-05T02:04:36+00:00\" \/>\n<meta property=\"og:image\" content=\"https:\/\/feistererhof.at\/wp-content\/uploads\/2024\/09\/yoga_titel.jpg\" \/>\n\t<meta property=\"og:image:width\" content=\"1900\" \/>\n\t<meta property=\"og:image:height\" content=\"1267\" \/>\n\t<meta property=\"og:image:type\" content=\"image\/jpeg\" \/>\n<meta name=\"twitter:card\" content=\"summary_large_image\" \/>\n<meta name=\"twitter:label1\" content=\"Est. reading time\" \/>\n\t<meta name=\"twitter:data1\" content=\"1 minute\" \/>\n<script type=\"application\/ld+json\" class=\"yoast-schema-graph\">{\"@context\":\"https:\\\/\\\/schema.org\",\"@graph\":[{\"@type\":\"WebPage\",\"@id\":\"https:\\\/\\\/feistererhof.at\\\/en\\\/yoga-at-feistererhof\\\/\",\"url\":\"https:\\\/\\\/feistererhof.at\\\/en\\\/yoga-at-feistererhof\\\/\",\"name\":\"Yoga at the Feistererhof - Bio Hotel Feistererhof - Ramsau am Dachstein - since 1442\",\"isPartOf\":{\"@id\":\"https:\\\/\\\/feistererhof.at\\\/en\\\/#website\"},\"primaryImageOfPage\":{\"@id\":\"https:\\\/\\\/feistererhof.at\\\/en\\\/yoga-at-feistererhof\\\/#primaryimage\"},\"image\":{\"@id\":\"https:\\\/\\\/feistererhof.at\\\/en\\\/yoga-at-feistererhof\\\/#primaryimage\"},\"thumbnailUrl\":\"https:\\\/\\\/feistererhof.at\\\/wp-content\\\/uploads\\\/2024\\\/09\\\/yoga_titel.jpg\",\"datePublished\":\"2022-04-04T11:22:32+00:00\",\"dateModified\":\"2024-09-05T02:04:36+00:00\",\"description\":\"For us, \\\"organic\\\" is perfectly natural. At the Feistererhof we combine hotel, guesthouse and farm, cook organically and live in harmony with our surroundings.\",\"breadcrumb\":{\"@id\":\"https:\\\/\\\/feistererhof.at\\\/en\\\/yoga-at-feistererhof\\\/#breadcrumb\"},\"inLanguage\":\"en-US\",\"potentialAction\":[{\"@type\":\"ReadAction\",\"target\":[\"https:\\\/\\\/feistererhof.at\\\/en\\\/yoga-at-feistererhof\\\/\"]}]},{\"@type\":\"ImageObject\",\"inLanguage\":\"en-US\",\"@id\":\"https:\\\/\\\/feistererhof.at\\\/en\\\/yoga-at-feistererhof\\\/#primaryimage\",\"url\":\"https:\\\/\\\/feistererhof.at\\\/wp-content\\\/uploads\\\/2024\\\/09\\\/yoga_titel.jpg\",\"contentUrl\":\"https:\\\/\\\/feistererhof.at\\\/wp-content\\\/uploads\\\/2024\\\/09\\\/yoga_titel.jpg\",\"width\":1900,\"height\":1267,\"caption\":\"Yoga Retreat at the Feistererhof\"},{\"@type\":\"BreadcrumbList\",\"@id\":\"https:\\\/\\\/feistererhof.at\\\/en\\\/yoga-at-feistererhof\\\/#breadcrumb\",\"itemListElement\":[{\"@type\":\"ListItem\",\"position\":1,\"name\":\"Home\",\"item\":\"https:\\\/\\\/feistererhof.at\\\/en\\\/\"},{\"@type\":\"ListItem\",\"position\":2,\"name\":\"Yoga at the Feistererhof\"}]},{\"@type\":\"WebSite\",\"@id\":\"https:\\\/\\\/feistererhof.at\\\/en\\\/#website\",\"url\":\"https:\\\/\\\/feistererhof.at\\\/en\\\/\",\"name\":\"Bio Hotel Feistererhof - Ramsau am Dachstein\",\"description\":\"Unser 4 Sterne Familien- und Biohotel in der Ramsau am Dachstein hei\u00dft Sie herzlich Willkommen! Gastfreundschaft, beste regionale K\u00fcche, Erzeugung im eigenen Haus und der pers\u00f6nliche Kontakt mit unseren G\u00e4sten zeichnet uns aus.\",\"publisher\":{\"@id\":\"https:\\\/\\\/feistererhof.at\\\/en\\\/#organization\"},\"potentialAction\":[{\"@type\":\"SearchAction\",\"target\":{\"@type\":\"EntryPoint\",\"urlTemplate\":\"https:\\\/\\\/feistererhof.at\\\/en\\\/?s={search_term_string}\"},\"query-input\":{\"@type\":\"PropertyValueSpecification\",\"valueRequired\":true,\"valueName\":\"search_term_string\"}}],\"inLanguage\":\"en-US\"},{\"@type\":\"Organization\",\"@id\":\"https:\\\/\\\/feistererhof.at\\\/en\\\/#organization\",\"name\":\"Bio Hotel Feistererhof - Ramsau am Dachstein\",\"url\":\"https:\\\/\\\/feistererhof.at\\\/en\\\/\",\"logo\":{\"@type\":\"ImageObject\",\"inLanguage\":\"en-US\",\"@id\":\"https:\\\/\\\/feistererhof.at\\\/en\\\/#\\\/schema\\\/logo\\\/image\\\/\",\"url\":\"https:\\\/\\\/feistererhof.at\\\/wp-content\\\/uploads\\\/2019\\\/10\\\/Feistererhof_Logo_1_black_RGB_large.png\",\"contentUrl\":\"https:\\\/\\\/feistererhof.at\\\/wp-content\\\/uploads\\\/2019\\\/10\\\/Feistererhof_Logo_1_black_RGB_large.png\",\"width\":1000,\"height\":81,\"caption\":\"Bio Hotel Feistererhof - Ramsau am Dachstein\"},\"image\":{\"@id\":\"https:\\\/\\\/feistererhof.at\\\/en\\\/#\\\/schema\\\/logo\\\/image\\\/\"}}]}<\/script>\n<!-- \/ Yoast SEO plugin. -->","yoast_head_json":{"title":"Yoga at the Feistererhof - Bio Hotel Feistererhof - Ramsau am Dachstein - since 1442","description":"For us, \"organic\" is perfectly natural. At the Feistererhof we combine hotel, guesthouse and farm, cook organically and live in harmony with our surroundings.","robots":{"index":"index","follow":"follow","max-snippet":"max-snippet:-1","max-image-preview":"max-image-preview:large","max-video-preview":"max-video-preview:-1"},"canonical":"https:\/\/feistererhof.at\/en\/yoga-at-feistererhof\/","og_locale":"en_US","og_type":"article","og_title":"Yoga at the Feistererhof - Bio Hotel Feistererhof - Ramsau am Dachstein - since 1442","og_description":"For us, \"organic\" is perfectly natural. At the Feistererhof we combine hotel, guesthouse and farm, cook organically and live in harmony with our surroundings.","og_url":"https:\/\/feistererhof.at\/en\/yoga-at-feistererhof\/","og_site_name":"Bio Hotel Feistererhof - Ramsau am Dachstein","article_modified_time":"2024-09-05T02:04:36+00:00","og_image":[{"width":1900,"height":1267,"url":"https:\/\/feistererhof.at\/wp-content\/uploads\/2024\/09\/yoga_titel.jpg","type":"image\/jpeg"}],"twitter_card":"summary_large_image","twitter_misc":{"Est. reading time":"1 minute"},"schema":{"@context":"https:\/\/schema.org","@graph":[{"@type":"WebPage","@id":"https:\/\/feistererhof.at\/en\/yoga-at-feistererhof\/","url":"https:\/\/feistererhof.at\/en\/yoga-at-feistererhof\/","name":"Yoga at the Feistererhof - Bio Hotel Feistererhof - Ramsau am Dachstein - since 1442","isPartOf":{"@id":"https:\/\/feistererhof.at\/en\/#website"},"primaryImageOfPage":{"@id":"https:\/\/feistererhof.at\/en\/yoga-at-feistererhof\/#primaryimage"},"image":{"@id":"https:\/\/feistererhof.at\/en\/yoga-at-feistererhof\/#primaryimage"},"thumbnailUrl":"https:\/\/feistererhof.at\/wp-content\/uploads\/2024\/09\/yoga_titel.jpg","datePublished":"2022-04-04T11:22:32+00:00","dateModified":"2024-09-05T02:04:36+00:00","description":"For us, \"organic\" is perfectly natural. At the Feistererhof we combine hotel, guesthouse and farm, cook organically and live in harmony with our surroundings.","breadcrumb":{"@id":"https:\/\/feistererhof.at\/en\/yoga-at-feistererhof\/#breadcrumb"},"inLanguage":"en-US","potentialAction":[{"@type":"ReadAction","target":["https:\/\/feistererhof.at\/en\/yoga-at-feistererhof\/"]}]},{"@type":"ImageObject","inLanguage":"en-US","@id":"https:\/\/feistererhof.at\/en\/yoga-at-feistererhof\/#primaryimage","url":"https:\/\/feistererhof.at\/wp-content\/uploads\/2024\/09\/yoga_titel.jpg","contentUrl":"https:\/\/feistererhof.at\/wp-content\/uploads\/2024\/09\/yoga_titel.jpg","width":1900,"height":1267,"caption":"Yoga Retreat at the Feistererhof"},{"@type":"BreadcrumbList","@id":"https:\/\/feistererhof.at\/en\/yoga-at-feistererhof\/#breadcrumb","itemListElement":[{"@type":"ListItem","position":1,"name":"Home","item":"https:\/\/feistererhof.at\/en\/"},{"@type":"ListItem","position":2,"name":"Yoga at the Feistererhof"}]},{"@type":"WebSite","@id":"https:\/\/feistererhof.at\/en\/#website","url":"https:\/\/feistererhof.at\/en\/","name":"Bio Hotel Feistererhof - Ramsau am Dachstein","description":"Unser 4 Sterne Familien- und Biohotel in der Ramsau am Dachstein hei\u00dft Sie herzlich Willkommen! Gastfreundschaft, beste regionale K\u00fcche, Erzeugung im eigenen Haus und der pers\u00f6nliche Kontakt mit unseren G\u00e4sten zeichnet uns aus.","publisher":{"@id":"https:\/\/feistererhof.at\/en\/#organization"},"potentialAction":[{"@type":"SearchAction","target":{"@type":"EntryPoint","urlTemplate":"https:\/\/feistererhof.at\/en\/?s={search_term_string}"},"query-input":{"@type":"PropertyValueSpecification","valueRequired":true,"valueName":"search_term_string"}}],"inLanguage":"en-US"},{"@type":"Organization","@id":"https:\/\/feistererhof.at\/en\/#organization","name":"Bio Hotel Feistererhof - Ramsau am Dachstein","url":"https:\/\/feistererhof.at\/en\/","logo":{"@type":"ImageObject","inLanguage":"en-US","@id":"https:\/\/feistererhof.at\/en\/#\/schema\/logo\/image\/","url":"https:\/\/feistererhof.at\/wp-content\/uploads\/2019\/10\/Feistererhof_Logo_1_black_RGB_large.png","contentUrl":"https:\/\/feistererhof.at\/wp-content\/uploads\/2019\/10\/Feistererhof_Logo_1_black_RGB_large.png","width":1000,"height":81,"caption":"Bio Hotel Feistererhof - Ramsau am Dachstein"},"image":{"@id":"https:\/\/feistererhof.at\/en\/#\/schema\/logo\/image\/"}}]}},"_links":{"self":[{"href":"https:\/\/feistererhof.at\/en\/wp-json\/wp\/v2\/pages\/3997","targetHints":{"allow":["GET"]}}],"collection":[{"href":"https:\/\/feistererhof.at\/en\/wp-json\/wp\/v2\/pages"}],"about":[{"href":"https:\/\/feistererhof.at\/en\/wp-json\/wp\/v2\/types\/page"}],"author":[{"embeddable":true,"href":"https:\/\/feistererhof.at\/en\/wp-json\/wp\/v2\/users\/1"}],"replies":[{"embeddable":true,"href":"https:\/\/feistererhof.at\/en\/wp-json\/wp\/v2\/comments?post=3997"}],"version-history":[{"count":0,"href":"https:\/\/feistererhof.at\/en\/wp-json\/wp\/v2\/pages\/3997\/revisions"}],"wp:featuredmedia":[{"embeddable":true,"href":"https:\/\/feistererhof.at\/en\/wp-json\/wp\/v2\/media\/5874"}],"wp:attachment":[{"href":"https:\/\/feistererhof.at\/en\/wp-json\/wp\/v2\/media?parent=3997"}],"curies":[{"name":"wp","href":"https:\/\/api.w.org\/{rel}","templated":true}]}}