{"id":3701,"date":"2022-04-05T15:13:36","date_gmt":"2022-04-05T13:13:36","guid":{"rendered":"https:\/\/feistererhof.at\/?page_id=3701"},"modified":"2022-06-03T14:18:42","modified_gmt":"2022-06-03T12:18:42","slug":"spring-retreat","status":"publish","type":"page","link":"https:\/\/feistererhof.at\/en\/spring-retreat\/","title":{"rendered":"SPRING RETREAT"},"content":{"rendered":"\n<p>Recharge your batteries, free yourself from ballast and bring body, mind and soul into balance: This and more awaits you on this wonderful spring weekend. Strengthen your inner harmony while hiking in the slowly awakening nature and enjoying gentle yoga sessions. <br \/>Take some time and let your soul breathe free&#8230; <br \/><br \/>Maximum number of participants for the retreat is 10 people. Currently the retreat is fully booked. You are welcome to join the waiting list and we will inform you when places are available again.<\/p>\n","protected":false},"excerpt":{"rendered":"<p>Recharge your batteries, free yourself from ballast and bring body, mind and soul into balance: This and more awaits you on this wonderful spring weekend. Strengthen your inner harmony while hiking in the slowly awakening nature and enjoying gentle yoga sessions. Take some time and let your soul breathe free&#8230; Maximum number of participants for [&hellip;]<\/p>\n","protected":false},"author":1,"featured_media":0,"parent":0,"menu_order":0,"comment_status":"closed","ping_status":"closed","template":"pauschale.php","meta":{"_acf_changed":false,"_monsterinsights_skip_tracking":false,"_monsterinsights_sitenote_active":false,"_monsterinsights_sitenote_note":"","_monsterinsights_sitenote_category":0,"footnotes":""},"class_list":["post-3701","page","type-page","status-publish","hentry"],"acf":[],"yoast_head":"<!-- This site is optimized with the Yoast SEO plugin v27.5 - https:\/\/yoast.com\/product\/yoast-seo-wordpress\/ -->\n<title>SPRING RETREAT - Bio Hotel Feistererhof - Ramsau am Dachstein<\/title>\n<meta name=\"description\" content=\"Build a snowman, snowball fight and so much more. Winter is for kids! At the Schneemandl lift the little ones can already make their first attempts on skis. The animals are visited in the barn and later everybody comes to the kitchen to bake (and snack) their own cookies.\" \/>\n<meta name=\"robots\" content=\"index, follow, max-snippet:-1, max-image-preview:large, max-video-preview:-1\" \/>\n<link rel=\"canonical\" href=\"https:\/\/feistererhof.at\/en\/spring-retreat\/\" \/>\n<meta property=\"og:locale\" content=\"en_US\" \/>\n<meta property=\"og:type\" content=\"article\" \/>\n<meta property=\"og:title\" content=\"SPRING RETREAT - Bio Hotel Feistererhof - Ramsau am Dachstein\" \/>\n<meta property=\"og:description\" content=\"Build a snowman, snowball fight and so much more. Winter is for kids! At the Schneemandl lift the little ones can already make their first attempts on skis. The animals are visited in the barn and later everybody comes to the kitchen to bake (and snack) their own cookies.\" \/>\n<meta property=\"og:url\" content=\"https:\/\/feistererhof.at\/en\/spring-retreat\/\" \/>\n<meta property=\"og:site_name\" content=\"Bio Hotel Feistererhof - Ramsau am Dachstein\" \/>\n<meta property=\"article:modified_time\" content=\"2022-06-03T12:18:42+00:00\" \/>\n<meta name=\"twitter:card\" content=\"summary_large_image\" \/>\n<meta name=\"twitter:label1\" content=\"Est. reading time\" \/>\n\t<meta name=\"twitter:data1\" content=\"1 minute\" \/>\n<script type=\"application\/ld+json\" class=\"yoast-schema-graph\">{\"@context\":\"https:\\\/\\\/schema.org\",\"@graph\":[{\"@type\":\"WebPage\",\"@id\":\"https:\\\/\\\/feistererhof.at\\\/en\\\/spring-retreat\\\/\",\"url\":\"https:\\\/\\\/feistererhof.at\\\/en\\\/spring-retreat\\\/\",\"name\":\"SPRING RETREAT - Bio Hotel Feistererhof - Ramsau am Dachstein\",\"isPartOf\":{\"@id\":\"https:\\\/\\\/feistererhof.at\\\/en\\\/#website\"},\"datePublished\":\"2022-04-05T13:13:36+00:00\",\"dateModified\":\"2022-06-03T12:18:42+00:00\",\"description\":\"Build a snowman, snowball fight and so much more. Winter is for kids! At the Schneemandl lift the little ones can already make their first attempts on skis. The animals are visited in the barn and later everybody comes to the kitchen to bake (and snack) their own cookies.\",\"breadcrumb\":{\"@id\":\"https:\\\/\\\/feistererhof.at\\\/en\\\/spring-retreat\\\/#breadcrumb\"},\"inLanguage\":\"en-US\",\"potentialAction\":[{\"@type\":\"ReadAction\",\"target\":[\"https:\\\/\\\/feistererhof.at\\\/en\\\/spring-retreat\\\/\"]}]},{\"@type\":\"BreadcrumbList\",\"@id\":\"https:\\\/\\\/feistererhof.at\\\/en\\\/spring-retreat\\\/#breadcrumb\",\"itemListElement\":[{\"@type\":\"ListItem\",\"position\":1,\"name\":\"Home\",\"item\":\"https:\\\/\\\/feistererhof.at\\\/en\\\/\"},{\"@type\":\"ListItem\",\"position\":2,\"name\":\"SPRING RETREAT\"}]},{\"@type\":\"WebSite\",\"@id\":\"https:\\\/\\\/feistererhof.at\\\/en\\\/#website\",\"url\":\"https:\\\/\\\/feistererhof.at\\\/en\\\/\",\"name\":\"Bio Hotel Feistererhof - Ramsau am Dachstein\",\"description\":\"Unser 4 Sterne Familien- und Biohotel in der Ramsau am Dachstein hei\u00dft Sie herzlich Willkommen! Gastfreundschaft, beste regionale K\u00fcche, Erzeugung im eigenen Haus und der pers\u00f6nliche Kontakt mit unseren G\u00e4sten zeichnet uns aus.\",\"publisher\":{\"@id\":\"https:\\\/\\\/feistererhof.at\\\/en\\\/#organization\"},\"potentialAction\":[{\"@type\":\"SearchAction\",\"target\":{\"@type\":\"EntryPoint\",\"urlTemplate\":\"https:\\\/\\\/feistererhof.at\\\/en\\\/?s={search_term_string}\"},\"query-input\":{\"@type\":\"PropertyValueSpecification\",\"valueRequired\":true,\"valueName\":\"search_term_string\"}}],\"inLanguage\":\"en-US\"},{\"@type\":\"Organization\",\"@id\":\"https:\\\/\\\/feistererhof.at\\\/en\\\/#organization\",\"name\":\"Bio Hotel Feistererhof - Ramsau am Dachstein\",\"url\":\"https:\\\/\\\/feistererhof.at\\\/en\\\/\",\"logo\":{\"@type\":\"ImageObject\",\"inLanguage\":\"en-US\",\"@id\":\"https:\\\/\\\/feistererhof.at\\\/en\\\/#\\\/schema\\\/logo\\\/image\\\/\",\"url\":\"https:\\\/\\\/feistererhof.at\\\/wp-content\\\/uploads\\\/2019\\\/10\\\/Feistererhof_Logo_1_black_RGB_large.png\",\"contentUrl\":\"https:\\\/\\\/feistererhof.at\\\/wp-content\\\/uploads\\\/2019\\\/10\\\/Feistererhof_Logo_1_black_RGB_large.png\",\"width\":1000,\"height\":81,\"caption\":\"Bio Hotel Feistererhof - Ramsau am Dachstein\"},\"image\":{\"@id\":\"https:\\\/\\\/feistererhof.at\\\/en\\\/#\\\/schema\\\/logo\\\/image\\\/\"}}]}<\/script>\n<!-- \/ Yoast SEO plugin. -->","yoast_head_json":{"title":"SPRING RETREAT - Bio Hotel Feistererhof - Ramsau am Dachstein","description":"Build a snowman, snowball fight and so much more. Winter is for kids! At the Schneemandl lift the little ones can already make their first attempts on skis. The animals are visited in the barn and later everybody comes to the kitchen to bake (and snack) their own cookies.","robots":{"index":"index","follow":"follow","max-snippet":"max-snippet:-1","max-image-preview":"max-image-preview:large","max-video-preview":"max-video-preview:-1"},"canonical":"https:\/\/feistererhof.at\/en\/spring-retreat\/","og_locale":"en_US","og_type":"article","og_title":"SPRING RETREAT - Bio Hotel Feistererhof - Ramsau am Dachstein","og_description":"Build a snowman, snowball fight and so much more. Winter is for kids! At the Schneemandl lift the little ones can already make their first attempts on skis. The animals are visited in the barn and later everybody comes to the kitchen to bake (and snack) their own cookies.","og_url":"https:\/\/feistererhof.at\/en\/spring-retreat\/","og_site_name":"Bio Hotel Feistererhof - Ramsau am Dachstein","article_modified_time":"2022-06-03T12:18:42+00:00","twitter_card":"summary_large_image","twitter_misc":{"Est. reading time":"1 minute"},"schema":{"@context":"https:\/\/schema.org","@graph":[{"@type":"WebPage","@id":"https:\/\/feistererhof.at\/en\/spring-retreat\/","url":"https:\/\/feistererhof.at\/en\/spring-retreat\/","name":"SPRING RETREAT - Bio Hotel Feistererhof - Ramsau am Dachstein","isPartOf":{"@id":"https:\/\/feistererhof.at\/en\/#website"},"datePublished":"2022-04-05T13:13:36+00:00","dateModified":"2022-06-03T12:18:42+00:00","description":"Build a snowman, snowball fight and so much more. Winter is for kids! At the Schneemandl lift the little ones can already make their first attempts on skis. The animals are visited in the barn and later everybody comes to the kitchen to bake (and snack) their own cookies.","breadcrumb":{"@id":"https:\/\/feistererhof.at\/en\/spring-retreat\/#breadcrumb"},"inLanguage":"en-US","potentialAction":[{"@type":"ReadAction","target":["https:\/\/feistererhof.at\/en\/spring-retreat\/"]}]},{"@type":"BreadcrumbList","@id":"https:\/\/feistererhof.at\/en\/spring-retreat\/#breadcrumb","itemListElement":[{"@type":"ListItem","position":1,"name":"Home","item":"https:\/\/feistererhof.at\/en\/"},{"@type":"ListItem","position":2,"name":"SPRING RETREAT"}]},{"@type":"WebSite","@id":"https:\/\/feistererhof.at\/en\/#website","url":"https:\/\/feistererhof.at\/en\/","name":"Bio Hotel Feistererhof - Ramsau am Dachstein","description":"Unser 4 Sterne Familien- und Biohotel in der Ramsau am Dachstein hei\u00dft Sie herzlich Willkommen! Gastfreundschaft, beste regionale K\u00fcche, Erzeugung im eigenen Haus und der pers\u00f6nliche Kontakt mit unseren G\u00e4sten zeichnet uns aus.","publisher":{"@id":"https:\/\/feistererhof.at\/en\/#organization"},"potentialAction":[{"@type":"SearchAction","target":{"@type":"EntryPoint","urlTemplate":"https:\/\/feistererhof.at\/en\/?s={search_term_string}"},"query-input":{"@type":"PropertyValueSpecification","valueRequired":true,"valueName":"search_term_string"}}],"inLanguage":"en-US"},{"@type":"Organization","@id":"https:\/\/feistererhof.at\/en\/#organization","name":"Bio Hotel Feistererhof - Ramsau am Dachstein","url":"https:\/\/feistererhof.at\/en\/","logo":{"@type":"ImageObject","inLanguage":"en-US","@id":"https:\/\/feistererhof.at\/en\/#\/schema\/logo\/image\/","url":"https:\/\/feistererhof.at\/wp-content\/uploads\/2019\/10\/Feistererhof_Logo_1_black_RGB_large.png","contentUrl":"https:\/\/feistererhof.at\/wp-content\/uploads\/2019\/10\/Feistererhof_Logo_1_black_RGB_large.png","width":1000,"height":81,"caption":"Bio Hotel Feistererhof - Ramsau am Dachstein"},"image":{"@id":"https:\/\/feistererhof.at\/en\/#\/schema\/logo\/image\/"}}]}},"_links":{"self":[{"href":"https:\/\/feistererhof.at\/en\/wp-json\/wp\/v2\/pages\/3701","targetHints":{"allow":["GET"]}}],"collection":[{"href":"https:\/\/feistererhof.at\/en\/wp-json\/wp\/v2\/pages"}],"about":[{"href":"https:\/\/feistererhof.at\/en\/wp-json\/wp\/v2\/types\/page"}],"author":[{"embeddable":true,"href":"https:\/\/feistererhof.at\/en\/wp-json\/wp\/v2\/users\/1"}],"replies":[{"embeddable":true,"href":"https:\/\/feistererhof.at\/en\/wp-json\/wp\/v2\/comments?post=3701"}],"version-history":[{"count":0,"href":"https:\/\/feistererhof.at\/en\/wp-json\/wp\/v2\/pages\/3701\/revisions"}],"wp:attachment":[{"href":"https:\/\/feistererhof.at\/en\/wp-json\/wp\/v2\/media?parent=3701"}],"curies":[{"name":"wp","href":"https:\/\/api.w.org\/{rel}","templated":true}]}}