{"id":2510,"date":"2020-10-09T21:49:50","date_gmt":"2020-10-09T19:49:50","guid":{"rendered":"https:\/\/feistererhof.at\/covid-19-measures\/"},"modified":"2020-10-09T21:49:52","modified_gmt":"2020-10-09T19:49:52","slug":"covid-19-measures","status":"publish","type":"page","link":"https:\/\/feistererhof.at\/en\/covid-19-measures\/","title":{"rendered":"COVID-19 Measures"},"content":{"rendered":"\n          \n\n          <h6 style=\"text-align: center;\"><span style=\"font-weight: 400;\">&#8220;There are no disadvantages to look positively into the future.&#8221;<\/span> <span style=\"font-weight: 400;\"> <br> \u2013 missclaralouise<\/span><\/h6>\n          \n\n          <p> <\/p>\n          \n\n          <p>\n            <span style=\"font-weight: 400;\">We, the Simonlehner family, would like to tell you about all the important information about your holiday with us. Because of all the beautiful things in our lives, it is our health that matters most.  <\/span>\n          <\/p>\n          \n\n          <p>Gradually we return to &#8220;Life before Corona&#8221; with further relaxations. Even if the media already report on this, we are still on the number &#8220;Safe is safe&#8221; and do not implement corresponding relaxations immediately. On the one hand for your safety, on the other hand, additions to the &#8220;new relaxations&#8221; can be made again and again. We&#8217;re just waiting a little bit to beautify your holiday with the best possible and safest mindfulness rules. Freely following the motto &#8220;Hiatz woat ma moi, donn schaun ma moi &amp; donn sehn mas eh.&#8221; (to German: &#8220;Let&#8217;s wait, then let&#8217;s see and then we&#8217;ll see what happens.&#8221;)<\/p>\n          \n\n          <p> <\/p>\n          \n\n          <p>\n            <span style=\"font-weight: 400;\">Cancellation conditions<\/span>\n          <\/p>\n          \n\n          <ul>\n            \n\n            <li style=\"font-weight: 400;\">\n              <span style=\"font-weight: 400;\">All existing and new bookings in the period 29.05. &#8211; 03.11.2020 can be cancelled free of charge up to 14 days prior to arrival.<\/span>\n            <\/li>\n            \n\n            <li>13 days &#8211; 8 days before arrival: 50%<\/li>\n            \n\n            <li>7 days &#8211; arrival day: 80%<\/li>\n            \n\n          <\/ul>\n          \n\n          <p>The following cancellation conditions apply for winter 2020\/2021:<\/p>\n          \n\n          <ul>\n            \n\n            <li>Cancellation up to 30 days before arrival date: no fees.<\/li>\n            \n\n            <li>\n              <span style=\"font-size: inherit;\">Cancellation from 29 days &#8211; 15 days before arrival date: 40%  <\/span>\n            <\/li>\n            \n\n            <li>Cancellation from 14 days &#8211; 8 days before arrival date: 70%  <\/li>\n            \n\n            <li>Cancellation from 7 days &#8211; arrival day: 100%  <\/li>\n            \n\n          <\/ul>\n          \n\n          <p>For cancellations of 29 days or more &#8211; day of arrival we do NOT guarantee a cancellation fee if the following is available:<\/p>\n          \n\n          <ul>\n            \n\n            <li>Corona traffic light of the Austrian Federal Government in the holiday community is on ROT<\/li>\n            \n\n            <li>For the home country or the district of the guest a travel warning of level 6 is issued\/it is declared a risk area (here we refer to the publications of the Robert Koch Institute)<\/li>\n            \n\n            <li>The home country issues a travel warning for the district of Liezen\/Styria<\/li>\n            \n\n            <li>You or the persons living in the same household were tested positive for Corona at the scheduled start of the holiday (medical certificate must not be older than 48 hours) or a government-prescribed quarantine has not yet been completed at the time of arrival. Here it is for you, as a guest, to submit the document to us for proof.<\/li>\n            \n\n          <\/ul>\n          \n\n          <p>Further information on the cancellation conditions can also be found in our Terms and Conditions.<\/p>\n          \n\n          <p>\n            <span style=\"font-weight: 400;\">Employees<\/span>\n          <\/p>\n          \n\n          <ul>\n            \n\n            <li style=\"font-weight: 400;\">\n              <span style=\"font-weight: 400;\">Our staff at the service &amp; reception we dress not only in brisk costume but also with Face Shields &#8211; because we don&#8217;t want to give up the smile that you can see.<\/span>\n            <\/li>\n            \n\n            <li style=\"font-weight: 400;\">\n              <span style=\"font-weight: 400;\">Thorough hand washing and regular disinfection are a matter of course for us even after falling mask duty.<\/span>\n            <\/li>\n            \n\n            <li style=\"font-weight: 400;\">\n              <span style=\"font-weight: 400;\">Minimum distances are observed.<\/span>\n            <\/li>\n            \n\n            <li>Our employees are aware of the regulations around Covid-19 at all times and take the disease seriously.<\/li>\n            \n\n          <\/ul>\n          \n\n          <p> <\/p>\n          \n\n          <p>\n            <span style=\"font-weight: 400;\">Hotel<\/span>\n          <\/p>\n          \n\n          <ul>\n            \n\n            <li style=\"font-weight: 400;\"><b>Mask duty in the hotel. <\/b> As of Monday, September 21, an MNS obligation will again apply in all premises. Except for seats.<\/li>\n            \n\n            <li style=\"font-weight: 400;\">\n              <span style=\"font-weight: 400;\">Disinfection islands with hand sanitizer gel can be found at all entrances, in the restaurant areas and in front of our elevator.<\/span>\n            <\/li>\n            \n\n            <li style=\"font-weight: 400;\">\n              <span style=\"font-weight: 400;\">Doorknobs, light switches, are cleaned and disinfected at regular intervals by our employees.<\/span>\n            <\/li>\n            \n\n            <li style=\"font-weight: 400;\">\n              <span style=\"font-weight: 400;\">Furthermore, all guest areas are ventilated regularly.<\/span>\n            <\/li>\n            \n\n            <li style=\"font-weight: 400;\">\n              <span style=\"font-weight: 400;\">Those who like to travel by lift can continue to do so. However, please only with his\/her travel companion.<\/span>\n            <\/li>\n            \n\n            <li style=\"font-weight: 400;\">\n              <span style=\"font-weight: 400;\">In the stairwell we ask for correct distance.<\/span>\n            <\/li>\n            \n\n            <li style=\"font-weight: 400;\">\n              <span style=\"font-weight: 400;\">Rooms are disinfected at the end of the cleaning. On request, room cleaning is required.<\/span>\n            <\/li>\n            \n\n            <li style=\"font-weight: 400;\">\n              <span style=\"font-weight: 400;\">Invoices can be paid in advance by bank transfer.<\/span>\n            <\/li>\n            \n\n          <\/ul>\n          \n\n          <p>If you experience symptoms during your stay, we ask you to stay in the room and let us know about it over the phone. We will then immediately inform the health authority or the official doctor in order to receive further instructions. These instructions must be followed without exception.<\/p>\n          \n\n          <p> <\/p>\n          \n\n          <p>\n            <span style=\"font-weight: 400;\">Restaurant<\/span>\n          <\/p>\n          \n\n          <ul>\n            \n\n            <li><b>Mask duty in the restaurant. <\/b> As of Monday, September 21, an MNS obligation will again apply in all premises. Except for seats.<\/li>\n            \n\n            <li>In addition to the MNS obligation, buffets:<br>\n<ul>\n<li>Disinfect hands with every meal withdrawal (breakfast, afternoon, evening)<\/li>\n<li>Keep distance from the guests you don&#8217;t spend your holidays with<\/li>\n<li>Always stop at the buffet in a family way.<\/li>\n<\/ul>\n<\/li>\n            \n\n            <li style=\"font-weight: 400;\">\n              <span style=\"font-weight: 400;\">We offer 3 restaurant areas as well as our terrace.<\/span>\n            <\/li>\n            \n\n            <li style=\"font-weight: 400;\">\n              <span style=\"font-weight: 400;\">Disinfection islands as well as the rules of conduct can be found at all entrance areas.<\/span>\n            <\/li>\n            \n\n            <li>Our staff will always show you your table on the day of arrival\/arrival evening. On &#8220;good luck&#8221; where to sit, we ask you not to make.<\/li>\n            \n\n            <li style=\"font-weight: 400;\">\n              <span style=\"font-weight: 400;\">We occupy only every second table in the a la carte area and our tables in the half-board restaurant in such a way that distance rules are always adhered to. Therefore, we ask you not to move blankets.<\/span>\n            <\/li>\n            \n\n            <li style=\"font-weight: 400;\">\n              <span style=\"font-weight: 400;\">Hotel guests receive their fixed table for breakfast &amp; dinner. We will not place any other guests at this one.<\/span>\n            <\/li>\n            \n\n            <li>Breakfast &amp; dinner are no less in selection and composition. We assure you of that. It just changes the way the buffet is going.<br><br><\/li>\n            \n\n          <\/ul>\n          \n\n          <p>\n            <span style=\"font-weight: 400;\">Sauna<\/span>\n          <\/p>\n          \n\n          <ul>\n            \n\n            <li style=\"font-weight: 400;\">\n              <span style=\"font-weight: 400;\">at the entrance area you will find a disinfection island.<\/span>\n            <\/li>\n            \n\n            <li style=\"font-weight: 400;\">\n              <span style=\"font-weight: 400;\">Towels are washed according to the new HACCP guidelines.<\/span>\n            <\/li>\n            \n\n            <li style=\"font-weight: 400;\">\n              <span style=\"font-weight: 400;\">The seating &amp; lying surfaces in the strombones &amp; in the rest area are disinfected at regular intervals.<\/span>\n            <\/li>\n            \n\n            <li style=\"font-weight: 400;\">\n              <span style=\"font-weight: 400;\">Since our sauna area is manageable, we ask for mutual consideration. A maximum of 3 people can be seated in each sauna at the same time. Excluded here are families who spend the holiday together.<\/span>\n            <\/li>\n            \n\n          <\/ul>\n          \n\n          <p> <\/p>\n          \n\n          <p>\n            <span style=\"font-weight: 400;\">Forest playground<\/span>\n          <\/p>\n          \n\n          <ul>\n            \n\n            <li style=\"font-weight: 400;\">If 22 millionaires are allowed to run together over a football field, then at the Feistererhof Waldspielplatz children can romp and play to their heart&#8217;s content. Especially in times after quarantine!<span style=\"font-weight: 400;\"><br><\/span><\/li>\n            \n\n          <\/ul>\n          \n\n          <p>\n            <span style=\"font-weight: 400;\">Indoor children&#8217;s playroom<\/span>\n          <\/p>\n          \n\n          <ul>\n            \n\n            <li style=\"font-weight: 400;\">\n              <span style=\"font-weight: 400;\">Don&#8217;t forget to wash your hands before and after your visit to the indoor children&#8217;s playroom.<\/span>\n            <\/li>\n            \n\n            <li style=\"font-weight: 400;\">\n              <span style=\"font-weight: 400;\">We ask parents to always accompany their children.  <\/span>\n            <\/li>\n            \n\n            <li style=\"font-weight: 400;\">\n              <span style=\"font-weight: 400;\">For safety reasons, disinfection gel is out of reach of the children. Please reset this to the specified place after use.<\/span>\n            <\/li>\n            \n\n          <\/ul>\n          \n\n          <p> <\/p>\n          \n\n          <p>\n            <span style=\"font-weight: 400;\">Farm<\/span>\n          <\/p>\n          \n\n          <ul>\n            \n\n            <li style=\"font-weight: 400;\">\n              <span style=\"font-weight: 400;\">Our animals are outdoors most of the time. When visiting, you don&#8217;t need an MNS.<\/span>\n            <\/li>\n            \n\n            <li style=\"font-weight: 400;\">\n              <span style=\"font-weight: 400;\">During visits to our stable building, we kindly ask you to observe the distance rules.<\/span>\n            <\/li>\n            \n\n          <\/ul>\n          \n\n          <p> <\/p>\n          \n\n          <p>\n            <span style=\"font-weight: 400;\">Activity program<\/span>\n          <\/p>\n          \n\n          <ul>\n            \n\n            <li style=\"font-weight: 400;\">\n              <span style=\"font-weight: 400;\">Our guided hikes take place 2x a week. Preferably, the hikes will start from the hotel. Our hotel bus is still available when a tour leads to the Schladminger Tauern, to Filzmoos etc. Instead of 8 guests we will be able to take 5 guests on the bus.<\/span>\n            <\/li>\n            \n\n            <li style=\"font-weight: 400;\">\n              <span style=\"font-weight: 400;\">Our children&#8217;s program with Michaela takes place 3 times a week. Always outdoors to take the most beautiful things from nature and spend a lot of time outdoors.<\/span>\n            <\/li>\n            \n\n            <li style=\"font-weight: 400;\">\n              <span style=\"font-weight: 400;\">However, we will be happy to inform you in advance or upon arrival.<\/span>\n            <\/li>\n            \n\n          <\/ul>\n          \n\n          <p> <\/p>\n          \n\n          <p>\n            <span style=\"font-weight: 400;\">We always keep an eye on the ongoing developments and are always happy to inform you via our Corona info page (this one), by phone and also by e-mail. So please do not hesitate if you have any questions or are even unsettled about your holiday with us. Likewise, the following websites always offer you a good overview of a safe interaction with each other &#8211; especially on holiday.  <\/span>\n          <\/p>\n          \n\n          <ul>\n            \n\n            <li>\n              <span style=\"font-weight: 400;\">\n                <a href=\"http:\/\/www.sichere-gastfreundschaft.at\">www.sichere-gastfreundschaft.at<\/a>\n                <br>\n              <\/span>\n            <\/li>\n            \n\n            <li>\n              <a href=\"https:\/\/www.austria.info\/de\/service-und-fakten\/coronavirus-situation-in-oesterreich\">Austria Advertising &#8211; Up-to-date information about your holiday<\/a>\n            <\/li>\n            \n\n          <\/ul>\n          \n\n          <p>\n            <span style=\"font-weight: 400;\">The most important information about the Corona measures in the hotel can also be found at: <a href=\"https:\/\/feistererhof.at\/wp-content\/uploads\/2020\/06\/Corona-Infos-f%C3%BCr-G%C3%A4ste-3.pdf\">Corona Infos for guests<\/a><\/span>\n          <\/p>\n          \n\n          <p>\n            <span style=\"font-weight: 400;\">Wash your hands, stay healthy, stay human!<\/span>\n          <\/p>\n          \n\n          <p>\n            <span style=\"font-weight: 400;\">Your Simonlehner family<\/span>\n          <\/p>\n          \n\n          <p>(We are constantly updating the information on the Covid 19 measures in accordance with the government&#8217;s recommendations\/guidelines. Current status: 05.10.2020)<\/p>\n          \n\n          <p> <\/p>\n          \n\n        ","protected":false},"excerpt":{"rendered":"<p>&#8220;There are no disadvantages to look positively into the future.&#8221; \u2013 missclaralouise We, the Simonlehner family, would like to tell you about all the important information about your holiday with us. Because of all the beautiful things in our lives, it is our health that matters most. Gradually we return to &#8220;Life before Corona&#8221; with [&hellip;]<\/p>\n","protected":false},"author":1,"featured_media":0,"parent":0,"menu_order":0,"comment_status":"closed","ping_status":"closed","template":"","meta":{"_acf_changed":false,"_monsterinsights_skip_tracking":false,"_monsterinsights_sitenote_active":false,"_monsterinsights_sitenote_note":"","_monsterinsights_sitenote_category":0,"footnotes":""},"class_list":["post-2510","page","type-page","status-publish","hentry"],"acf":[],"yoast_head":"<!-- This site is optimized with the Yoast SEO plugin v27.4 - https:\/\/yoast.com\/product\/yoast-seo-wordpress\/ -->\n<title>COVID-19 Measures - Bio Hotel Feistererhof - Ramsau am Dachstein<\/title>\n<meta name=\"robots\" content=\"index, follow, max-snippet:-1, max-image-preview:large, max-video-preview:-1\" \/>\n<link rel=\"canonical\" href=\"https:\/\/feistererhof.at\/en\/covid-19-measures\/\" \/>\n<meta property=\"og:locale\" content=\"en_US\" \/>\n<meta property=\"og:type\" content=\"article\" \/>\n<meta property=\"og:title\" content=\"COVID-19 Measures - Bio Hotel Feistererhof - Ramsau am Dachstein\" \/>\n<meta property=\"og:description\" content=\"&#8220;There are no disadvantages to look positively into the future.&#8221; \u2013 missclaralouise We, the Simonlehner family, would like to tell you about all the important information about your holiday with us. Because of all the beautiful things in our lives, it is our health that matters most. Gradually we return to &#8220;Life before Corona&#8221; with [&hellip;]\" \/>\n<meta property=\"og:url\" content=\"https:\/\/feistererhof.at\/en\/covid-19-measures\/\" \/>\n<meta property=\"og:site_name\" content=\"Bio Hotel Feistererhof - Ramsau am Dachstein\" \/>\n<meta property=\"article:modified_time\" content=\"2020-10-09T19:49:52+00:00\" \/>\n<meta name=\"twitter:card\" content=\"summary_large_image\" \/>\n<meta name=\"twitter:label1\" content=\"Est. reading time\" \/>\n\t<meta name=\"twitter:data1\" content=\"6 minutes\" \/>\n<script type=\"application\/ld+json\" class=\"yoast-schema-graph\">{\"@context\":\"https:\\\/\\\/schema.org\",\"@graph\":[{\"@type\":\"WebPage\",\"@id\":\"https:\\\/\\\/feistererhof.at\\\/en\\\/covid-19-measures\\\/\",\"url\":\"https:\\\/\\\/feistererhof.at\\\/en\\\/covid-19-measures\\\/\",\"name\":\"COVID-19 Measures - Bio Hotel Feistererhof - Ramsau am Dachstein\",\"isPartOf\":{\"@id\":\"https:\\\/\\\/feistererhof.at\\\/en\\\/#website\"},\"datePublished\":\"2020-10-09T19:49:50+00:00\",\"dateModified\":\"2020-10-09T19:49:52+00:00\",\"breadcrumb\":{\"@id\":\"https:\\\/\\\/feistererhof.at\\\/en\\\/covid-19-measures\\\/#breadcrumb\"},\"inLanguage\":\"en-US\",\"potentialAction\":[{\"@type\":\"ReadAction\",\"target\":[\"https:\\\/\\\/feistererhof.at\\\/en\\\/covid-19-measures\\\/\"]}]},{\"@type\":\"BreadcrumbList\",\"@id\":\"https:\\\/\\\/feistererhof.at\\\/en\\\/covid-19-measures\\\/#breadcrumb\",\"itemListElement\":[{\"@type\":\"ListItem\",\"position\":1,\"name\":\"Home\",\"item\":\"https:\\\/\\\/feistererhof.at\\\/en\\\/\"},{\"@type\":\"ListItem\",\"position\":2,\"name\":\"COVID-19 Measures\"}]},{\"@type\":\"WebSite\",\"@id\":\"https:\\\/\\\/feistererhof.at\\\/en\\\/#website\",\"url\":\"https:\\\/\\\/feistererhof.at\\\/en\\\/\",\"name\":\"Bio Hotel Feistererhof - Ramsau am Dachstein\",\"description\":\"Unser 4 Sterne Familien- und Biohotel in der Ramsau am Dachstein hei\u00dft Sie herzlich Willkommen! Gastfreundschaft, beste regionale K\u00fcche, Erzeugung im eigenen Haus und der pers\u00f6nliche Kontakt mit unseren G\u00e4sten zeichnet uns aus.\",\"publisher\":{\"@id\":\"https:\\\/\\\/feistererhof.at\\\/en\\\/#organization\"},\"potentialAction\":[{\"@type\":\"SearchAction\",\"target\":{\"@type\":\"EntryPoint\",\"urlTemplate\":\"https:\\\/\\\/feistererhof.at\\\/en\\\/?s={search_term_string}\"},\"query-input\":{\"@type\":\"PropertyValueSpecification\",\"valueRequired\":true,\"valueName\":\"search_term_string\"}}],\"inLanguage\":\"en-US\"},{\"@type\":\"Organization\",\"@id\":\"https:\\\/\\\/feistererhof.at\\\/en\\\/#organization\",\"name\":\"Bio Hotel Feistererhof - Ramsau am Dachstein\",\"url\":\"https:\\\/\\\/feistererhof.at\\\/en\\\/\",\"logo\":{\"@type\":\"ImageObject\",\"inLanguage\":\"en-US\",\"@id\":\"https:\\\/\\\/feistererhof.at\\\/en\\\/#\\\/schema\\\/logo\\\/image\\\/\",\"url\":\"https:\\\/\\\/feistererhof.at\\\/wp-content\\\/uploads\\\/2019\\\/10\\\/Feistererhof_Logo_1_black_RGB_large.png\",\"contentUrl\":\"https:\\\/\\\/feistererhof.at\\\/wp-content\\\/uploads\\\/2019\\\/10\\\/Feistererhof_Logo_1_black_RGB_large.png\",\"width\":1000,\"height\":81,\"caption\":\"Bio Hotel Feistererhof - Ramsau am Dachstein\"},\"image\":{\"@id\":\"https:\\\/\\\/feistererhof.at\\\/en\\\/#\\\/schema\\\/logo\\\/image\\\/\"}}]}<\/script>\n<!-- \/ Yoast SEO plugin. -->","yoast_head_json":{"title":"COVID-19 Measures - Bio Hotel Feistererhof - Ramsau am Dachstein","robots":{"index":"index","follow":"follow","max-snippet":"max-snippet:-1","max-image-preview":"max-image-preview:large","max-video-preview":"max-video-preview:-1"},"canonical":"https:\/\/feistererhof.at\/en\/covid-19-measures\/","og_locale":"en_US","og_type":"article","og_title":"COVID-19 Measures - Bio Hotel Feistererhof - Ramsau am Dachstein","og_description":"&#8220;There are no disadvantages to look positively into the future.&#8221; \u2013 missclaralouise We, the Simonlehner family, would like to tell you about all the important information about your holiday with us. Because of all the beautiful things in our lives, it is our health that matters most. Gradually we return to &#8220;Life before Corona&#8221; with [&hellip;]","og_url":"https:\/\/feistererhof.at\/en\/covid-19-measures\/","og_site_name":"Bio Hotel Feistererhof - Ramsau am Dachstein","article_modified_time":"2020-10-09T19:49:52+00:00","twitter_card":"summary_large_image","twitter_misc":{"Est. reading time":"6 minutes"},"schema":{"@context":"https:\/\/schema.org","@graph":[{"@type":"WebPage","@id":"https:\/\/feistererhof.at\/en\/covid-19-measures\/","url":"https:\/\/feistererhof.at\/en\/covid-19-measures\/","name":"COVID-19 Measures - Bio Hotel Feistererhof - Ramsau am Dachstein","isPartOf":{"@id":"https:\/\/feistererhof.at\/en\/#website"},"datePublished":"2020-10-09T19:49:50+00:00","dateModified":"2020-10-09T19:49:52+00:00","breadcrumb":{"@id":"https:\/\/feistererhof.at\/en\/covid-19-measures\/#breadcrumb"},"inLanguage":"en-US","potentialAction":[{"@type":"ReadAction","target":["https:\/\/feistererhof.at\/en\/covid-19-measures\/"]}]},{"@type":"BreadcrumbList","@id":"https:\/\/feistererhof.at\/en\/covid-19-measures\/#breadcrumb","itemListElement":[{"@type":"ListItem","position":1,"name":"Home","item":"https:\/\/feistererhof.at\/en\/"},{"@type":"ListItem","position":2,"name":"COVID-19 Measures"}]},{"@type":"WebSite","@id":"https:\/\/feistererhof.at\/en\/#website","url":"https:\/\/feistererhof.at\/en\/","name":"Bio Hotel Feistererhof - Ramsau am Dachstein","description":"Unser 4 Sterne Familien- und Biohotel in der Ramsau am Dachstein hei\u00dft Sie herzlich Willkommen! Gastfreundschaft, beste regionale K\u00fcche, Erzeugung im eigenen Haus und der pers\u00f6nliche Kontakt mit unseren G\u00e4sten zeichnet uns aus.","publisher":{"@id":"https:\/\/feistererhof.at\/en\/#organization"},"potentialAction":[{"@type":"SearchAction","target":{"@type":"EntryPoint","urlTemplate":"https:\/\/feistererhof.at\/en\/?s={search_term_string}"},"query-input":{"@type":"PropertyValueSpecification","valueRequired":true,"valueName":"search_term_string"}}],"inLanguage":"en-US"},{"@type":"Organization","@id":"https:\/\/feistererhof.at\/en\/#organization","name":"Bio Hotel Feistererhof - Ramsau am Dachstein","url":"https:\/\/feistererhof.at\/en\/","logo":{"@type":"ImageObject","inLanguage":"en-US","@id":"https:\/\/feistererhof.at\/en\/#\/schema\/logo\/image\/","url":"https:\/\/feistererhof.at\/wp-content\/uploads\/2019\/10\/Feistererhof_Logo_1_black_RGB_large.png","contentUrl":"https:\/\/feistererhof.at\/wp-content\/uploads\/2019\/10\/Feistererhof_Logo_1_black_RGB_large.png","width":1000,"height":81,"caption":"Bio Hotel Feistererhof - Ramsau am Dachstein"},"image":{"@id":"https:\/\/feistererhof.at\/en\/#\/schema\/logo\/image\/"}}]}},"_links":{"self":[{"href":"https:\/\/feistererhof.at\/en\/wp-json\/wp\/v2\/pages\/2510","targetHints":{"allow":["GET"]}}],"collection":[{"href":"https:\/\/feistererhof.at\/en\/wp-json\/wp\/v2\/pages"}],"about":[{"href":"https:\/\/feistererhof.at\/en\/wp-json\/wp\/v2\/types\/page"}],"author":[{"embeddable":true,"href":"https:\/\/feistererhof.at\/en\/wp-json\/wp\/v2\/users\/1"}],"replies":[{"embeddable":true,"href":"https:\/\/feistererhof.at\/en\/wp-json\/wp\/v2\/comments?post=2510"}],"version-history":[{"count":0,"href":"https:\/\/feistererhof.at\/en\/wp-json\/wp\/v2\/pages\/2510\/revisions"}],"wp:attachment":[{"href":"https:\/\/feistererhof.at\/en\/wp-json\/wp\/v2\/media?parent=2510"}],"curies":[{"name":"wp","href":"https:\/\/api.w.org\/{rel}","templated":true}]}}