{"id":2066,"date":"2019-12-21T10:36:56","date_gmt":"2019-12-21T09:36:56","guid":{"rendered":"https:\/\/feistererhof.at\/arrival\/"},"modified":"2019-12-21T10:57:00","modified_gmt":"2019-12-21T09:57:00","slug":"arrival","status":"publish","type":"page","link":"https:\/\/feistererhof.at\/en\/arrival\/","title":{"rendered":"Arrival"},"content":{"rendered":"<h3><\/h3>\n<p style=\"text-align: center;\">\n<h3 style=\"text-align: center;\">Arriving by car<\/h3>\n<h5 style=\"text-align: center;\">From Germany<\/h5>\n<p style=\"text-align: center;\">Motorway in the direction of Salzburg, in Austria the Tauern motorway A 10. At the exit Graz\/Slovenia on the federal road B 320 , approx. 25 km to Schladming. From Schladming follow the signs into the Ramsau.<\/p>\n<h5 style=\"text-align: center;\">From Vienna<\/h5>\n<p style=\"text-align: center;\">Over the Semmering in the direction of Salzburg to Schladming. From Schladming follow the signs into the Ramsau.<\/p>\n<h5 style=\"text-align: center;\">From Italy<\/h5>\n<p style=\"text-align: center;\">Motorway towards Villach and continue towards Salzburg. At the exit Graz\/Slovenia on the federal road B 320, approx. 25 km to Schladming. From Schladming follow the signs into the Ramsau.<\/p>\n<h3 style=\"text-align: center;\">Arriving by train<\/h3>\n<p style=\"text-align: center;\">Arrival Schladming railway station.<br \/>\nFrom Schladming you can get to Ramsau by taxi or bus. We are happy to organize a transport for you.<\/p>\n<h3 style=\"text-align: center;\">Arriving by plane<\/h3>\n<p style=\"text-align: center;\">Salzburg Airport (90 km) can be reached either by taxi or by train to Ramsau. A transfer can also be arranged.<\/p>\n<p style=\"text-align: center;\"><style type=\"text\/css\" id=\"gmpMapStyles_1_56971\">\r\n\t#google_map_easy_1_56971 {\r\n        width: 100%;\r\n        height: 400px;\r\n\t\t\t\t\t\t    }\r\n\t#gmapControlsNum_1_56971 {\r\n\t\twidth:100%\t}\r\n\t.gmpMapDetailsContainer#gmpMapDetailsContainer_1_56971 {\r\n\t\theight:400px;\r\n\t}\r\n\t.gmp_MapPreview#google_map_easy_1_56971 {\r\n\t\t\/*position:absolute;*\/\r\n\t\twidth: 100%;\r\n\t}\r\n\t#mapConElem_1_56971{\r\n\t\twidth: 100%\t}\r\n    .gm-style .gm-style-iw-c{\r\n        padding: 12px!important;\r\n    }\r\n\t    <\/style>\r\n <div class=\"gmp_map_opts\" id=\"mapConElem_1_56971\" data-id=\"1\" data-view-id=\"1_56971\" > <div class=\"gmpMapDetailsContainer\" id=\"gmpMapDetailsContainer_1_56971\"> <i class=\"gmpKMLLayersPreloader fa fa-spinner fa-spin\" aria-hidden=\"true\" style=\"display: none;\"><\/i> <div class=\"gmp_MapPreview \" id=\"google_map_easy_1_56971\"><\/div> <\/div> <div class=\"gmpMapMarkerFilters\" id=\"gmpMapMarkerFilters_1_56971\"> <\/div> <div class=\"gmpMapProControlsCon\" id=\"gmpMapProControlsCon_1_56971\"> <a title=\"Google Maps Wordpress\" style=\"display:none;\" href=\"https:\/\/supsystic.com\/plugins\/google-maps-plugin\/?utm_medium=love_link_hide\" target=\"_blank\">Google Maps Wordpress<\/a><div style=\"clear: both;\"><\/div> <\/div> <div class=\"gmpMapProDirectionsCon\" id=\"gmpMapProDirectionsCon_1_56971\" > <\/div> <div class=\"gmpMapProKmlFilterCon\" id=\"gmpMapProKmlFilterCon_1_56971\" > <\/div> <div class=\"gmpSocialSharingShell gmpSocialSharingShell_1_56971\"> <\/div> <div style=\"clear: both;\"><\/div> <\/div> <\/p>\n","protected":false},"excerpt":{"rendered":"<p>Arriving by car From Germany Motorway in the direction of Salzburg, in Austria the Tauern motorway A 10. At the exit Graz\/Slovenia on the federal road B 320 , approx. 25 km to Schladming. From Schladming follow the signs into the Ramsau. From Vienna Over the Semmering in the direction of Salzburg to Schladming. From [&hellip;]<\/p>\n","protected":false},"author":1,"featured_media":1542,"parent":0,"menu_order":0,"comment_status":"closed","ping_status":"closed","template":"","meta":{"_acf_changed":false,"_monsterinsights_skip_tracking":false,"_monsterinsights_sitenote_active":false,"_monsterinsights_sitenote_note":"","_monsterinsights_sitenote_category":0,"footnotes":""},"class_list":["post-2066","page","type-page","status-publish","has-post-thumbnail","hentry"],"acf":[],"yoast_head":"<!-- This site is optimized with the Yoast SEO plugin v27.4 - https:\/\/yoast.com\/product\/yoast-seo-wordpress\/ -->\n<title>Arrival &amp; Maps - Bio Hotel Feistererhof - Ramsau am Dachstein<\/title>\n<meta name=\"description\" content=\"How to find us: Ramsau 35 - 8972 Ramsau am Dachstein, Osterreich - +43 3687 81980 - feistererhof@simonlehner-hotels.at\" \/>\n<meta name=\"robots\" content=\"index, follow, max-snippet:-1, max-image-preview:large, max-video-preview:-1\" \/>\n<link rel=\"canonical\" href=\"https:\/\/feistererhof.at\/en\/arrival\/\" \/>\n<meta property=\"og:locale\" content=\"en_US\" \/>\n<meta property=\"og:type\" content=\"article\" \/>\n<meta property=\"og:title\" content=\"Arrival &amp; Maps - Bio Hotel Feistererhof - Ramsau am Dachstein\" \/>\n<meta property=\"og:description\" content=\"How to find us: Ramsau 35 - 8972 Ramsau am Dachstein, Osterreich - +43 3687 81980 - feistererhof@simonlehner-hotels.at\" \/>\n<meta property=\"og:url\" content=\"https:\/\/feistererhof.at\/en\/arrival\/\" \/>\n<meta property=\"og:site_name\" content=\"Bio Hotel Feistererhof - Ramsau am Dachstein\" \/>\n<meta property=\"article:modified_time\" content=\"2019-12-21T09:57:00+00:00\" \/>\n<meta property=\"og:image\" content=\"https:\/\/feistererhof.at\/wp-content\/uploads\/2019\/10\/Feistererhof-Umgebung.jpg\" \/>\n\t<meta property=\"og:image:width\" content=\"1900\" \/>\n\t<meta property=\"og:image:height\" content=\"1264\" \/>\n\t<meta property=\"og:image:type\" content=\"image\/jpeg\" \/>\n<meta name=\"twitter:card\" content=\"summary_large_image\" \/>\n<meta name=\"twitter:label1\" content=\"Est. reading time\" \/>\n\t<meta name=\"twitter:data1\" content=\"1 minute\" \/>\n<script type=\"application\/ld+json\" class=\"yoast-schema-graph\">{\"@context\":\"https:\\\/\\\/schema.org\",\"@graph\":[{\"@type\":\"WebPage\",\"@id\":\"https:\\\/\\\/feistererhof.at\\\/en\\\/arrival\\\/\",\"url\":\"https:\\\/\\\/feistererhof.at\\\/en\\\/arrival\\\/\",\"name\":\"Arrival & Maps - Bio Hotel Feistererhof - Ramsau am Dachstein\",\"isPartOf\":{\"@id\":\"https:\\\/\\\/feistererhof.at\\\/en\\\/#website\"},\"primaryImageOfPage\":{\"@id\":\"https:\\\/\\\/feistererhof.at\\\/en\\\/arrival\\\/#primaryimage\"},\"image\":{\"@id\":\"https:\\\/\\\/feistererhof.at\\\/en\\\/arrival\\\/#primaryimage\"},\"thumbnailUrl\":\"https:\\\/\\\/feistererhof.at\\\/wp-content\\\/uploads\\\/2019\\\/10\\\/Feistererhof-Umgebung.jpg\",\"datePublished\":\"2019-12-21T09:36:56+00:00\",\"dateModified\":\"2019-12-21T09:57:00+00:00\",\"description\":\"How to find us: Ramsau 35 - 8972 Ramsau am Dachstein, Osterreich - +43 3687 81980 - feistererhof@simonlehner-hotels.at\",\"breadcrumb\":{\"@id\":\"https:\\\/\\\/feistererhof.at\\\/en\\\/arrival\\\/#breadcrumb\"},\"inLanguage\":\"en-US\",\"potentialAction\":[{\"@type\":\"ReadAction\",\"target\":[\"https:\\\/\\\/feistererhof.at\\\/en\\\/arrival\\\/\"]}]},{\"@type\":\"ImageObject\",\"inLanguage\":\"en-US\",\"@id\":\"https:\\\/\\\/feistererhof.at\\\/en\\\/arrival\\\/#primaryimage\",\"url\":\"https:\\\/\\\/feistererhof.at\\\/wp-content\\\/uploads\\\/2019\\\/10\\\/Feistererhof-Umgebung.jpg\",\"contentUrl\":\"https:\\\/\\\/feistererhof.at\\\/wp-content\\\/uploads\\\/2019\\\/10\\\/Feistererhof-Umgebung.jpg\",\"width\":1900,\"height\":1264,\"caption\":\"Organic hotel Feistererhof - surroundings of Dachstein massif\"},{\"@type\":\"BreadcrumbList\",\"@id\":\"https:\\\/\\\/feistererhof.at\\\/en\\\/arrival\\\/#breadcrumb\",\"itemListElement\":[{\"@type\":\"ListItem\",\"position\":1,\"name\":\"Home\",\"item\":\"https:\\\/\\\/feistererhof.at\\\/en\\\/\"},{\"@type\":\"ListItem\",\"position\":2,\"name\":\"Arrival\"}]},{\"@type\":\"WebSite\",\"@id\":\"https:\\\/\\\/feistererhof.at\\\/en\\\/#website\",\"url\":\"https:\\\/\\\/feistererhof.at\\\/en\\\/\",\"name\":\"Bio Hotel Feistererhof - Ramsau am Dachstein\",\"description\":\"Unser 4 Sterne Familien- und Biohotel in der Ramsau am Dachstein hei\u00dft Sie herzlich Willkommen! Gastfreundschaft, beste regionale K\u00fcche, Erzeugung im eigenen Haus und der pers\u00f6nliche Kontakt mit unseren G\u00e4sten zeichnet uns aus.\",\"publisher\":{\"@id\":\"https:\\\/\\\/feistererhof.at\\\/en\\\/#organization\"},\"potentialAction\":[{\"@type\":\"SearchAction\",\"target\":{\"@type\":\"EntryPoint\",\"urlTemplate\":\"https:\\\/\\\/feistererhof.at\\\/en\\\/?s={search_term_string}\"},\"query-input\":{\"@type\":\"PropertyValueSpecification\",\"valueRequired\":true,\"valueName\":\"search_term_string\"}}],\"inLanguage\":\"en-US\"},{\"@type\":\"Organization\",\"@id\":\"https:\\\/\\\/feistererhof.at\\\/en\\\/#organization\",\"name\":\"Bio Hotel Feistererhof - Ramsau am Dachstein\",\"url\":\"https:\\\/\\\/feistererhof.at\\\/en\\\/\",\"logo\":{\"@type\":\"ImageObject\",\"inLanguage\":\"en-US\",\"@id\":\"https:\\\/\\\/feistererhof.at\\\/en\\\/#\\\/schema\\\/logo\\\/image\\\/\",\"url\":\"https:\\\/\\\/feistererhof.at\\\/wp-content\\\/uploads\\\/2019\\\/10\\\/Feistererhof_Logo_1_black_RGB_large.png\",\"contentUrl\":\"https:\\\/\\\/feistererhof.at\\\/wp-content\\\/uploads\\\/2019\\\/10\\\/Feistererhof_Logo_1_black_RGB_large.png\",\"width\":1000,\"height\":81,\"caption\":\"Bio Hotel Feistererhof - Ramsau am Dachstein\"},\"image\":{\"@id\":\"https:\\\/\\\/feistererhof.at\\\/en\\\/#\\\/schema\\\/logo\\\/image\\\/\"}}]}<\/script>\n<!-- \/ Yoast SEO plugin. -->","yoast_head_json":{"title":"Arrival & Maps - Bio Hotel Feistererhof - Ramsau am Dachstein","description":"How to find us: Ramsau 35 - 8972 Ramsau am Dachstein, Osterreich - +43 3687 81980 - feistererhof@simonlehner-hotels.at","robots":{"index":"index","follow":"follow","max-snippet":"max-snippet:-1","max-image-preview":"max-image-preview:large","max-video-preview":"max-video-preview:-1"},"canonical":"https:\/\/feistererhof.at\/en\/arrival\/","og_locale":"en_US","og_type":"article","og_title":"Arrival & Maps - Bio Hotel Feistererhof - Ramsau am Dachstein","og_description":"How to find us: Ramsau 35 - 8972 Ramsau am Dachstein, Osterreich - +43 3687 81980 - feistererhof@simonlehner-hotels.at","og_url":"https:\/\/feistererhof.at\/en\/arrival\/","og_site_name":"Bio Hotel Feistererhof - Ramsau am Dachstein","article_modified_time":"2019-12-21T09:57:00+00:00","og_image":[{"width":1900,"height":1264,"url":"https:\/\/feistererhof.at\/wp-content\/uploads\/2019\/10\/Feistererhof-Umgebung.jpg","type":"image\/jpeg"}],"twitter_card":"summary_large_image","twitter_misc":{"Est. reading time":"1 minute"},"schema":{"@context":"https:\/\/schema.org","@graph":[{"@type":"WebPage","@id":"https:\/\/feistererhof.at\/en\/arrival\/","url":"https:\/\/feistererhof.at\/en\/arrival\/","name":"Arrival & Maps - Bio Hotel Feistererhof - Ramsau am Dachstein","isPartOf":{"@id":"https:\/\/feistererhof.at\/en\/#website"},"primaryImageOfPage":{"@id":"https:\/\/feistererhof.at\/en\/arrival\/#primaryimage"},"image":{"@id":"https:\/\/feistererhof.at\/en\/arrival\/#primaryimage"},"thumbnailUrl":"https:\/\/feistererhof.at\/wp-content\/uploads\/2019\/10\/Feistererhof-Umgebung.jpg","datePublished":"2019-12-21T09:36:56+00:00","dateModified":"2019-12-21T09:57:00+00:00","description":"How to find us: Ramsau 35 - 8972 Ramsau am Dachstein, Osterreich - +43 3687 81980 - feistererhof@simonlehner-hotels.at","breadcrumb":{"@id":"https:\/\/feistererhof.at\/en\/arrival\/#breadcrumb"},"inLanguage":"en-US","potentialAction":[{"@type":"ReadAction","target":["https:\/\/feistererhof.at\/en\/arrival\/"]}]},{"@type":"ImageObject","inLanguage":"en-US","@id":"https:\/\/feistererhof.at\/en\/arrival\/#primaryimage","url":"https:\/\/feistererhof.at\/wp-content\/uploads\/2019\/10\/Feistererhof-Umgebung.jpg","contentUrl":"https:\/\/feistererhof.at\/wp-content\/uploads\/2019\/10\/Feistererhof-Umgebung.jpg","width":1900,"height":1264,"caption":"Organic hotel Feistererhof - surroundings of Dachstein massif"},{"@type":"BreadcrumbList","@id":"https:\/\/feistererhof.at\/en\/arrival\/#breadcrumb","itemListElement":[{"@type":"ListItem","position":1,"name":"Home","item":"https:\/\/feistererhof.at\/en\/"},{"@type":"ListItem","position":2,"name":"Arrival"}]},{"@type":"WebSite","@id":"https:\/\/feistererhof.at\/en\/#website","url":"https:\/\/feistererhof.at\/en\/","name":"Bio Hotel Feistererhof - Ramsau am Dachstein","description":"Unser 4 Sterne Familien- und Biohotel in der Ramsau am Dachstein hei\u00dft Sie herzlich Willkommen! Gastfreundschaft, beste regionale K\u00fcche, Erzeugung im eigenen Haus und der pers\u00f6nliche Kontakt mit unseren G\u00e4sten zeichnet uns aus.","publisher":{"@id":"https:\/\/feistererhof.at\/en\/#organization"},"potentialAction":[{"@type":"SearchAction","target":{"@type":"EntryPoint","urlTemplate":"https:\/\/feistererhof.at\/en\/?s={search_term_string}"},"query-input":{"@type":"PropertyValueSpecification","valueRequired":true,"valueName":"search_term_string"}}],"inLanguage":"en-US"},{"@type":"Organization","@id":"https:\/\/feistererhof.at\/en\/#organization","name":"Bio Hotel Feistererhof - Ramsau am Dachstein","url":"https:\/\/feistererhof.at\/en\/","logo":{"@type":"ImageObject","inLanguage":"en-US","@id":"https:\/\/feistererhof.at\/en\/#\/schema\/logo\/image\/","url":"https:\/\/feistererhof.at\/wp-content\/uploads\/2019\/10\/Feistererhof_Logo_1_black_RGB_large.png","contentUrl":"https:\/\/feistererhof.at\/wp-content\/uploads\/2019\/10\/Feistererhof_Logo_1_black_RGB_large.png","width":1000,"height":81,"caption":"Bio Hotel Feistererhof - Ramsau am Dachstein"},"image":{"@id":"https:\/\/feistererhof.at\/en\/#\/schema\/logo\/image\/"}}]}},"_links":{"self":[{"href":"https:\/\/feistererhof.at\/en\/wp-json\/wp\/v2\/pages\/2066","targetHints":{"allow":["GET"]}}],"collection":[{"href":"https:\/\/feistererhof.at\/en\/wp-json\/wp\/v2\/pages"}],"about":[{"href":"https:\/\/feistererhof.at\/en\/wp-json\/wp\/v2\/types\/page"}],"author":[{"embeddable":true,"href":"https:\/\/feistererhof.at\/en\/wp-json\/wp\/v2\/users\/1"}],"replies":[{"embeddable":true,"href":"https:\/\/feistererhof.at\/en\/wp-json\/wp\/v2\/comments?post=2066"}],"version-history":[{"count":0,"href":"https:\/\/feistererhof.at\/en\/wp-json\/wp\/v2\/pages\/2066\/revisions"}],"wp:featuredmedia":[{"embeddable":true,"href":"https:\/\/feistererhof.at\/en\/wp-json\/wp\/v2\/media\/1542"}],"wp:attachment":[{"href":"https:\/\/feistererhof.at\/en\/wp-json\/wp\/v2\/media?parent=2066"}],"curies":[{"name":"wp","href":"https:\/\/api.w.org\/{rel}","templated":true}]}}