{"id":2053,"date":"2019-12-21T10:04:46","date_gmt":"2019-12-21T09:04:46","guid":{"rendered":"https:\/\/feistererhof.at\/apartment-hansl-linde\/"},"modified":"2024-10-01T13:12:14","modified_gmt":"2024-10-01T11:12:14","slug":"apartment-hansl-linde","status":"publish","type":"page","link":"https:\/\/feistererhof.at\/en\/organic-hotel-room\/apartment-hansl-linde\/","title":{"rendered":"APPARTEMENT HANSL LINDE"},"content":{"rendered":"\n<p>Our 45 m\u00b2 apartment in nature-conscious and organic &#8220;Green Earth&#8221; style &#8211; modern and cozy. The south-facing balcony gives you a wonderful view into the mountains of the Lower Tauern.<\/p>\n","protected":false},"excerpt":{"rendered":"<p>Our 45 m\u00b2 apartment in nature-conscious and organic &#8220;Green Earth&#8221; style &#8211; modern and cozy. The south-facing balcony gives you a wonderful view into the mountains of the Lower Tauern.<\/p>\n","protected":false},"author":1,"featured_media":1614,"parent":2063,"menu_order":0,"comment_status":"closed","ping_status":"closed","template":"zimmer.php","meta":{"_acf_changed":false,"_monsterinsights_skip_tracking":false,"_monsterinsights_sitenote_active":false,"_monsterinsights_sitenote_note":"","_monsterinsights_sitenote_category":0,"footnotes":""},"class_list":["post-2053","page","type-page","status-publish","has-post-thumbnail","hentry"],"acf":[],"yoast_head":"<!-- This site is optimized with the Yoast SEO plugin v27.4 - https:\/\/yoast.com\/product\/yoast-seo-wordpress\/ -->\n<title>APPARTEMENT HANSL LINDE - Bio Hotel Feistererhof - Ramsau am Dachstein<\/title>\n<meta name=\"description\" content=\"Our 45 m\u00b2 apartment Hansl Linde is furnished in a nature-conscious and organic &quot;Green Earth&quot; style, modern and cozy.\" \/>\n<meta name=\"robots\" content=\"index, follow, max-snippet:-1, max-image-preview:large, max-video-preview:-1\" \/>\n<link rel=\"canonical\" href=\"https:\/\/feistererhof.at\/en\/organic-hotel-room\/apartment-hansl-linde\/\" \/>\n<meta property=\"og:locale\" content=\"en_US\" \/>\n<meta property=\"og:type\" content=\"article\" \/>\n<meta property=\"og:title\" content=\"APPARTEMENT HANSL LINDE - Bio Hotel Feistererhof - Ramsau am Dachstein\" \/>\n<meta property=\"og:description\" content=\"Our 45 m\u00b2 apartment Hansl Linde is furnished in a nature-conscious and organic &quot;Green Earth&quot; style, modern and cozy.\" \/>\n<meta property=\"og:url\" content=\"https:\/\/feistererhof.at\/en\/organic-hotel-room\/apartment-hansl-linde\/\" \/>\n<meta property=\"og:site_name\" content=\"Bio Hotel Feistererhof - Ramsau am Dachstein\" \/>\n<meta property=\"article:modified_time\" content=\"2024-10-01T11:12:14+00:00\" \/>\n<meta property=\"og:image\" content=\"https:\/\/feistererhof.at\/wp-content\/uploads\/2019\/11\/hansllinde.jpg\" \/>\n\t<meta property=\"og:image:width\" content=\"250\" \/>\n\t<meta property=\"og:image:height\" content=\"250\" \/>\n\t<meta property=\"og:image:type\" content=\"image\/jpeg\" \/>\n<meta name=\"twitter:card\" content=\"summary_large_image\" \/>\n<script type=\"application\/ld+json\" class=\"yoast-schema-graph\">{\"@context\":\"https:\\\/\\\/schema.org\",\"@graph\":[{\"@type\":\"WebPage\",\"@id\":\"https:\\\/\\\/feistererhof.at\\\/en\\\/organic-hotel-room\\\/apartment-hansl-linde\\\/\",\"url\":\"https:\\\/\\\/feistererhof.at\\\/en\\\/organic-hotel-room\\\/apartment-hansl-linde\\\/\",\"name\":\"APPARTEMENT HANSL LINDE - Bio Hotel Feistererhof - Ramsau am Dachstein\",\"isPartOf\":{\"@id\":\"https:\\\/\\\/feistererhof.at\\\/en\\\/#website\"},\"primaryImageOfPage\":{\"@id\":\"https:\\\/\\\/feistererhof.at\\\/en\\\/organic-hotel-room\\\/apartment-hansl-linde\\\/#primaryimage\"},\"image\":{\"@id\":\"https:\\\/\\\/feistererhof.at\\\/en\\\/organic-hotel-room\\\/apartment-hansl-linde\\\/#primaryimage\"},\"thumbnailUrl\":\"https:\\\/\\\/feistererhof.at\\\/wp-content\\\/uploads\\\/2019\\\/11\\\/hansllinde.jpg\",\"datePublished\":\"2019-12-21T09:04:46+00:00\",\"dateModified\":\"2024-10-01T11:12:14+00:00\",\"description\":\"Our 45 m\u00b2 apartment Hansl Linde is furnished in a nature-conscious and organic \\\"Green Earth\\\" style, modern and cozy.\",\"breadcrumb\":{\"@id\":\"https:\\\/\\\/feistererhof.at\\\/en\\\/organic-hotel-room\\\/apartment-hansl-linde\\\/#breadcrumb\"},\"inLanguage\":\"en-US\",\"potentialAction\":[{\"@type\":\"ReadAction\",\"target\":[\"https:\\\/\\\/feistererhof.at\\\/en\\\/organic-hotel-room\\\/apartment-hansl-linde\\\/\"]}]},{\"@type\":\"ImageObject\",\"inLanguage\":\"en-US\",\"@id\":\"https:\\\/\\\/feistererhof.at\\\/en\\\/organic-hotel-room\\\/apartment-hansl-linde\\\/#primaryimage\",\"url\":\"https:\\\/\\\/feistererhof.at\\\/wp-content\\\/uploads\\\/2019\\\/11\\\/hansllinde.jpg\",\"contentUrl\":\"https:\\\/\\\/feistererhof.at\\\/wp-content\\\/uploads\\\/2019\\\/11\\\/hansllinde.jpg\",\"width\":250,\"height\":250,\"caption\":\"Apartment Hansl Linde\"},{\"@type\":\"BreadcrumbList\",\"@id\":\"https:\\\/\\\/feistererhof.at\\\/en\\\/organic-hotel-room\\\/apartment-hansl-linde\\\/#breadcrumb\",\"itemListElement\":[{\"@type\":\"ListItem\",\"position\":1,\"name\":\"Home\",\"item\":\"https:\\\/\\\/feistererhof.at\\\/en\\\/\"},{\"@type\":\"ListItem\",\"position\":2,\"name\":\"Organic hotel room\",\"item\":\"https:\\\/\\\/feistererhof.at\\\/en\\\/organic-hotel-room\\\/\"},{\"@type\":\"ListItem\",\"position\":3,\"name\":\"APPARTEMENT HANSL LINDE\"}]},{\"@type\":\"WebSite\",\"@id\":\"https:\\\/\\\/feistererhof.at\\\/en\\\/#website\",\"url\":\"https:\\\/\\\/feistererhof.at\\\/en\\\/\",\"name\":\"Bio Hotel Feistererhof - Ramsau am Dachstein\",\"description\":\"Unser 4 Sterne Familien- und Biohotel in der Ramsau am Dachstein hei\u00dft Sie herzlich Willkommen! Gastfreundschaft, beste regionale K\u00fcche, Erzeugung im eigenen Haus und der pers\u00f6nliche Kontakt mit unseren G\u00e4sten zeichnet uns aus.\",\"publisher\":{\"@id\":\"https:\\\/\\\/feistererhof.at\\\/en\\\/#organization\"},\"potentialAction\":[{\"@type\":\"SearchAction\",\"target\":{\"@type\":\"EntryPoint\",\"urlTemplate\":\"https:\\\/\\\/feistererhof.at\\\/en\\\/?s={search_term_string}\"},\"query-input\":{\"@type\":\"PropertyValueSpecification\",\"valueRequired\":true,\"valueName\":\"search_term_string\"}}],\"inLanguage\":\"en-US\"},{\"@type\":\"Organization\",\"@id\":\"https:\\\/\\\/feistererhof.at\\\/en\\\/#organization\",\"name\":\"Bio Hotel Feistererhof - Ramsau am Dachstein\",\"url\":\"https:\\\/\\\/feistererhof.at\\\/en\\\/\",\"logo\":{\"@type\":\"ImageObject\",\"inLanguage\":\"en-US\",\"@id\":\"https:\\\/\\\/feistererhof.at\\\/en\\\/#\\\/schema\\\/logo\\\/image\\\/\",\"url\":\"https:\\\/\\\/feistererhof.at\\\/wp-content\\\/uploads\\\/2019\\\/10\\\/Feistererhof_Logo_1_black_RGB_large.png\",\"contentUrl\":\"https:\\\/\\\/feistererhof.at\\\/wp-content\\\/uploads\\\/2019\\\/10\\\/Feistererhof_Logo_1_black_RGB_large.png\",\"width\":1000,\"height\":81,\"caption\":\"Bio Hotel Feistererhof - Ramsau am Dachstein\"},\"image\":{\"@id\":\"https:\\\/\\\/feistererhof.at\\\/en\\\/#\\\/schema\\\/logo\\\/image\\\/\"}}]}<\/script>\n<!-- \/ Yoast SEO plugin. -->","yoast_head_json":{"title":"APPARTEMENT HANSL LINDE - Bio Hotel Feistererhof - Ramsau am Dachstein","description":"Our 45 m\u00b2 apartment Hansl Linde is furnished in a nature-conscious and organic \"Green Earth\" style, modern and cozy.","robots":{"index":"index","follow":"follow","max-snippet":"max-snippet:-1","max-image-preview":"max-image-preview:large","max-video-preview":"max-video-preview:-1"},"canonical":"https:\/\/feistererhof.at\/en\/organic-hotel-room\/apartment-hansl-linde\/","og_locale":"en_US","og_type":"article","og_title":"APPARTEMENT HANSL LINDE - Bio Hotel Feistererhof - Ramsau am Dachstein","og_description":"Our 45 m\u00b2 apartment Hansl Linde is furnished in a nature-conscious and organic \"Green Earth\" style, modern and cozy.","og_url":"https:\/\/feistererhof.at\/en\/organic-hotel-room\/apartment-hansl-linde\/","og_site_name":"Bio Hotel Feistererhof - Ramsau am Dachstein","article_modified_time":"2024-10-01T11:12:14+00:00","og_image":[{"width":250,"height":250,"url":"https:\/\/feistererhof.at\/wp-content\/uploads\/2019\/11\/hansllinde.jpg","type":"image\/jpeg"}],"twitter_card":"summary_large_image","schema":{"@context":"https:\/\/schema.org","@graph":[{"@type":"WebPage","@id":"https:\/\/feistererhof.at\/en\/organic-hotel-room\/apartment-hansl-linde\/","url":"https:\/\/feistererhof.at\/en\/organic-hotel-room\/apartment-hansl-linde\/","name":"APPARTEMENT HANSL LINDE - Bio Hotel Feistererhof - Ramsau am Dachstein","isPartOf":{"@id":"https:\/\/feistererhof.at\/en\/#website"},"primaryImageOfPage":{"@id":"https:\/\/feistererhof.at\/en\/organic-hotel-room\/apartment-hansl-linde\/#primaryimage"},"image":{"@id":"https:\/\/feistererhof.at\/en\/organic-hotel-room\/apartment-hansl-linde\/#primaryimage"},"thumbnailUrl":"https:\/\/feistererhof.at\/wp-content\/uploads\/2019\/11\/hansllinde.jpg","datePublished":"2019-12-21T09:04:46+00:00","dateModified":"2024-10-01T11:12:14+00:00","description":"Our 45 m\u00b2 apartment Hansl Linde is furnished in a nature-conscious and organic \"Green Earth\" style, modern and cozy.","breadcrumb":{"@id":"https:\/\/feistererhof.at\/en\/organic-hotel-room\/apartment-hansl-linde\/#breadcrumb"},"inLanguage":"en-US","potentialAction":[{"@type":"ReadAction","target":["https:\/\/feistererhof.at\/en\/organic-hotel-room\/apartment-hansl-linde\/"]}]},{"@type":"ImageObject","inLanguage":"en-US","@id":"https:\/\/feistererhof.at\/en\/organic-hotel-room\/apartment-hansl-linde\/#primaryimage","url":"https:\/\/feistererhof.at\/wp-content\/uploads\/2019\/11\/hansllinde.jpg","contentUrl":"https:\/\/feistererhof.at\/wp-content\/uploads\/2019\/11\/hansllinde.jpg","width":250,"height":250,"caption":"Apartment Hansl Linde"},{"@type":"BreadcrumbList","@id":"https:\/\/feistererhof.at\/en\/organic-hotel-room\/apartment-hansl-linde\/#breadcrumb","itemListElement":[{"@type":"ListItem","position":1,"name":"Home","item":"https:\/\/feistererhof.at\/en\/"},{"@type":"ListItem","position":2,"name":"Organic hotel room","item":"https:\/\/feistererhof.at\/en\/organic-hotel-room\/"},{"@type":"ListItem","position":3,"name":"APPARTEMENT HANSL LINDE"}]},{"@type":"WebSite","@id":"https:\/\/feistererhof.at\/en\/#website","url":"https:\/\/feistererhof.at\/en\/","name":"Bio Hotel Feistererhof - Ramsau am Dachstein","description":"Unser 4 Sterne Familien- und Biohotel in der Ramsau am Dachstein hei\u00dft Sie herzlich Willkommen! Gastfreundschaft, beste regionale K\u00fcche, Erzeugung im eigenen Haus und der pers\u00f6nliche Kontakt mit unseren G\u00e4sten zeichnet uns aus.","publisher":{"@id":"https:\/\/feistererhof.at\/en\/#organization"},"potentialAction":[{"@type":"SearchAction","target":{"@type":"EntryPoint","urlTemplate":"https:\/\/feistererhof.at\/en\/?s={search_term_string}"},"query-input":{"@type":"PropertyValueSpecification","valueRequired":true,"valueName":"search_term_string"}}],"inLanguage":"en-US"},{"@type":"Organization","@id":"https:\/\/feistererhof.at\/en\/#organization","name":"Bio Hotel Feistererhof - Ramsau am Dachstein","url":"https:\/\/feistererhof.at\/en\/","logo":{"@type":"ImageObject","inLanguage":"en-US","@id":"https:\/\/feistererhof.at\/en\/#\/schema\/logo\/image\/","url":"https:\/\/feistererhof.at\/wp-content\/uploads\/2019\/10\/Feistererhof_Logo_1_black_RGB_large.png","contentUrl":"https:\/\/feistererhof.at\/wp-content\/uploads\/2019\/10\/Feistererhof_Logo_1_black_RGB_large.png","width":1000,"height":81,"caption":"Bio Hotel Feistererhof - Ramsau am Dachstein"},"image":{"@id":"https:\/\/feistererhof.at\/en\/#\/schema\/logo\/image\/"}}]}},"_links":{"self":[{"href":"https:\/\/feistererhof.at\/en\/wp-json\/wp\/v2\/pages\/2053","targetHints":{"allow":["GET"]}}],"collection":[{"href":"https:\/\/feistererhof.at\/en\/wp-json\/wp\/v2\/pages"}],"about":[{"href":"https:\/\/feistererhof.at\/en\/wp-json\/wp\/v2\/types\/page"}],"author":[{"embeddable":true,"href":"https:\/\/feistererhof.at\/en\/wp-json\/wp\/v2\/users\/1"}],"replies":[{"embeddable":true,"href":"https:\/\/feistererhof.at\/en\/wp-json\/wp\/v2\/comments?post=2053"}],"version-history":[{"count":0,"href":"https:\/\/feistererhof.at\/en\/wp-json\/wp\/v2\/pages\/2053\/revisions"}],"up":[{"embeddable":true,"href":"https:\/\/feistererhof.at\/en\/wp-json\/wp\/v2\/pages\/2063"}],"wp:featuredmedia":[{"embeddable":true,"href":"https:\/\/feistererhof.at\/en\/wp-json\/wp\/v2\/media\/1614"}],"wp:attachment":[{"href":"https:\/\/feistererhof.at\/en\/wp-json\/wp\/v2\/media?parent=2053"}],"curies":[{"name":"wp","href":"https:\/\/api.w.org\/{rel}","templated":true}]}}