{"id":2038,"date":"2019-12-21T09:29:33","date_gmt":"2019-12-21T08:29:33","guid":{"rendered":"https:\/\/feistererhof.at\/family-room-lindenbaum\/"},"modified":"2024-10-01T13:09:29","modified_gmt":"2024-10-01T11:09:29","slug":"family-room-lindenbaum","status":"publish","type":"page","link":"https:\/\/feistererhof.at\/en\/organic-hotel-room\/family-room-lindenbaum\/","title":{"rendered":"FAMILY ROOM LINDENBAUM"},"content":{"rendered":"\n<p>&#8220;When we surround ourselves with wood, our bodies shift to rest!&#8221; Our family room &#8220;Lindenbaum&#8221; with 44 m\u00b2 has two rooms. One with double bed and south-facing balcony with a view of the mountains of the Schladminger Tauern. In the other (for the children) there is a view to the north as well as two separate beds.<\/p>\n","protected":false},"excerpt":{"rendered":"<p>&#8220;When we surround ourselves with wood, our bodies shift to rest!&#8221; Our family room &#8220;Lindenbaum&#8221; with 44 m\u00b2 has two rooms. One with double bed and south-facing balcony with a view of the mountains of the Schladminger Tauern. In the other (for the children) there is a view to the north as well as two [&hellip;]<\/p>\n","protected":false},"author":1,"featured_media":1640,"parent":2063,"menu_order":0,"comment_status":"closed","ping_status":"closed","template":"zimmer.php","meta":{"_acf_changed":false,"_monsterinsights_skip_tracking":false,"_monsterinsights_sitenote_active":false,"_monsterinsights_sitenote_note":"","_monsterinsights_sitenote_category":0,"footnotes":""},"class_list":["post-2038","page","type-page","status-publish","has-post-thumbnail","hentry"],"acf":[],"yoast_head":"<!-- This site is optimized with the Yoast SEO plugin v27.4 - https:\/\/yoast.com\/product\/yoast-seo-wordpress\/ -->\n<title>FAMILY ROOM LINDENBAUM - Bio Hotel Feistererhof - Ramsau am Dachstein<\/title>\n<meta name=\"description\" content=\"Our family room Lindenbaum with 44 m\u00b2 has 2 rooms with a view of the Schladminger Tauern. Here a whole family finds enough space on their holiday.\" \/>\n<meta name=\"robots\" content=\"index, follow, max-snippet:-1, max-image-preview:large, max-video-preview:-1\" \/>\n<link rel=\"canonical\" href=\"https:\/\/feistererhof.at\/en\/organic-hotel-room\/family-room-lindenbaum\/\" \/>\n<meta property=\"og:locale\" content=\"en_US\" \/>\n<meta property=\"og:type\" content=\"article\" \/>\n<meta property=\"og:title\" content=\"FAMILY ROOM LINDENBAUM - Bio Hotel Feistererhof - Ramsau am Dachstein\" \/>\n<meta property=\"og:description\" content=\"Our family room Lindenbaum with 44 m\u00b2 has 2 rooms with a view of the Schladminger Tauern. Here a whole family finds enough space on their holiday.\" \/>\n<meta property=\"og:url\" content=\"https:\/\/feistererhof.at\/en\/organic-hotel-room\/family-room-lindenbaum\/\" \/>\n<meta property=\"og:site_name\" content=\"Bio Hotel Feistererhof - Ramsau am Dachstein\" \/>\n<meta property=\"article:modified_time\" content=\"2024-10-01T11:09:29+00:00\" \/>\n<meta property=\"og:image\" content=\"https:\/\/feistererhof.at\/wp-content\/uploads\/2019\/11\/Biohotel-Feistererhof-Ramsau-am-Dachstein-April-2017-31-1.jpg\" \/>\n\t<meta property=\"og:image:width\" content=\"1024\" \/>\n\t<meta property=\"og:image:height\" content=\"683\" \/>\n\t<meta property=\"og:image:type\" content=\"image\/jpeg\" \/>\n<meta name=\"twitter:card\" content=\"summary_large_image\" \/>\n<script type=\"application\/ld+json\" class=\"yoast-schema-graph\">{\"@context\":\"https:\\\/\\\/schema.org\",\"@graph\":[{\"@type\":\"WebPage\",\"@id\":\"https:\\\/\\\/feistererhof.at\\\/en\\\/organic-hotel-room\\\/family-room-lindenbaum\\\/\",\"url\":\"https:\\\/\\\/feistererhof.at\\\/en\\\/organic-hotel-room\\\/family-room-lindenbaum\\\/\",\"name\":\"FAMILY ROOM LINDENBAUM - Bio Hotel Feistererhof - Ramsau am Dachstein\",\"isPartOf\":{\"@id\":\"https:\\\/\\\/feistererhof.at\\\/en\\\/#website\"},\"primaryImageOfPage\":{\"@id\":\"https:\\\/\\\/feistererhof.at\\\/en\\\/organic-hotel-room\\\/family-room-lindenbaum\\\/#primaryimage\"},\"image\":{\"@id\":\"https:\\\/\\\/feistererhof.at\\\/en\\\/organic-hotel-room\\\/family-room-lindenbaum\\\/#primaryimage\"},\"thumbnailUrl\":\"https:\\\/\\\/feistererhof.at\\\/wp-content\\\/uploads\\\/2019\\\/11\\\/Biohotel-Feistererhof-Ramsau-am-Dachstein-April-2017-31-1.jpg\",\"datePublished\":\"2019-12-21T08:29:33+00:00\",\"dateModified\":\"2024-10-01T11:09:29+00:00\",\"description\":\"Our family room Lindenbaum with 44 m\u00b2 has 2 rooms with a view of the Schladminger Tauern. Here a whole family finds enough space on their holiday.\",\"breadcrumb\":{\"@id\":\"https:\\\/\\\/feistererhof.at\\\/en\\\/organic-hotel-room\\\/family-room-lindenbaum\\\/#breadcrumb\"},\"inLanguage\":\"en-US\",\"potentialAction\":[{\"@type\":\"ReadAction\",\"target\":[\"https:\\\/\\\/feistererhof.at\\\/en\\\/organic-hotel-room\\\/family-room-lindenbaum\\\/\"]}]},{\"@type\":\"ImageObject\",\"inLanguage\":\"en-US\",\"@id\":\"https:\\\/\\\/feistererhof.at\\\/en\\\/organic-hotel-room\\\/family-room-lindenbaum\\\/#primaryimage\",\"url\":\"https:\\\/\\\/feistererhof.at\\\/wp-content\\\/uploads\\\/2019\\\/11\\\/Biohotel-Feistererhof-Ramsau-am-Dachstein-April-2017-31-1.jpg\",\"contentUrl\":\"https:\\\/\\\/feistererhof.at\\\/wp-content\\\/uploads\\\/2019\\\/11\\\/Biohotel-Feistererhof-Ramsau-am-Dachstein-April-2017-31-1.jpg\",\"width\":1024,\"height\":683,\"caption\":\"Organic hotel Feistererhof family room Lindenbaum\"},{\"@type\":\"BreadcrumbList\",\"@id\":\"https:\\\/\\\/feistererhof.at\\\/en\\\/organic-hotel-room\\\/family-room-lindenbaum\\\/#breadcrumb\",\"itemListElement\":[{\"@type\":\"ListItem\",\"position\":1,\"name\":\"Home\",\"item\":\"https:\\\/\\\/feistererhof.at\\\/en\\\/\"},{\"@type\":\"ListItem\",\"position\":2,\"name\":\"Organic hotel room\",\"item\":\"https:\\\/\\\/feistererhof.at\\\/en\\\/organic-hotel-room\\\/\"},{\"@type\":\"ListItem\",\"position\":3,\"name\":\"FAMILY ROOM LINDENBAUM\"}]},{\"@type\":\"WebSite\",\"@id\":\"https:\\\/\\\/feistererhof.at\\\/en\\\/#website\",\"url\":\"https:\\\/\\\/feistererhof.at\\\/en\\\/\",\"name\":\"Bio Hotel Feistererhof - Ramsau am Dachstein\",\"description\":\"Unser 4 Sterne Familien- und Biohotel in der Ramsau am Dachstein hei\u00dft Sie herzlich Willkommen! Gastfreundschaft, beste regionale K\u00fcche, Erzeugung im eigenen Haus und der pers\u00f6nliche Kontakt mit unseren G\u00e4sten zeichnet uns aus.\",\"publisher\":{\"@id\":\"https:\\\/\\\/feistererhof.at\\\/en\\\/#organization\"},\"potentialAction\":[{\"@type\":\"SearchAction\",\"target\":{\"@type\":\"EntryPoint\",\"urlTemplate\":\"https:\\\/\\\/feistererhof.at\\\/en\\\/?s={search_term_string}\"},\"query-input\":{\"@type\":\"PropertyValueSpecification\",\"valueRequired\":true,\"valueName\":\"search_term_string\"}}],\"inLanguage\":\"en-US\"},{\"@type\":\"Organization\",\"@id\":\"https:\\\/\\\/feistererhof.at\\\/en\\\/#organization\",\"name\":\"Bio Hotel Feistererhof - Ramsau am Dachstein\",\"url\":\"https:\\\/\\\/feistererhof.at\\\/en\\\/\",\"logo\":{\"@type\":\"ImageObject\",\"inLanguage\":\"en-US\",\"@id\":\"https:\\\/\\\/feistererhof.at\\\/en\\\/#\\\/schema\\\/logo\\\/image\\\/\",\"url\":\"https:\\\/\\\/feistererhof.at\\\/wp-content\\\/uploads\\\/2019\\\/10\\\/Feistererhof_Logo_1_black_RGB_large.png\",\"contentUrl\":\"https:\\\/\\\/feistererhof.at\\\/wp-content\\\/uploads\\\/2019\\\/10\\\/Feistererhof_Logo_1_black_RGB_large.png\",\"width\":1000,\"height\":81,\"caption\":\"Bio Hotel Feistererhof - Ramsau am Dachstein\"},\"image\":{\"@id\":\"https:\\\/\\\/feistererhof.at\\\/en\\\/#\\\/schema\\\/logo\\\/image\\\/\"}}]}<\/script>\n<!-- \/ Yoast SEO plugin. -->","yoast_head_json":{"title":"FAMILY ROOM LINDENBAUM - Bio Hotel Feistererhof - Ramsau am Dachstein","description":"Our family room Lindenbaum with 44 m\u00b2 has 2 rooms with a view of the Schladminger Tauern. Here a whole family finds enough space on their holiday.","robots":{"index":"index","follow":"follow","max-snippet":"max-snippet:-1","max-image-preview":"max-image-preview:large","max-video-preview":"max-video-preview:-1"},"canonical":"https:\/\/feistererhof.at\/en\/organic-hotel-room\/family-room-lindenbaum\/","og_locale":"en_US","og_type":"article","og_title":"FAMILY ROOM LINDENBAUM - Bio Hotel Feistererhof - Ramsau am Dachstein","og_description":"Our family room Lindenbaum with 44 m\u00b2 has 2 rooms with a view of the Schladminger Tauern. Here a whole family finds enough space on their holiday.","og_url":"https:\/\/feistererhof.at\/en\/organic-hotel-room\/family-room-lindenbaum\/","og_site_name":"Bio Hotel Feistererhof - Ramsau am Dachstein","article_modified_time":"2024-10-01T11:09:29+00:00","og_image":[{"width":1024,"height":683,"url":"https:\/\/feistererhof.at\/wp-content\/uploads\/2019\/11\/Biohotel-Feistererhof-Ramsau-am-Dachstein-April-2017-31-1.jpg","type":"image\/jpeg"}],"twitter_card":"summary_large_image","schema":{"@context":"https:\/\/schema.org","@graph":[{"@type":"WebPage","@id":"https:\/\/feistererhof.at\/en\/organic-hotel-room\/family-room-lindenbaum\/","url":"https:\/\/feistererhof.at\/en\/organic-hotel-room\/family-room-lindenbaum\/","name":"FAMILY ROOM LINDENBAUM - Bio Hotel Feistererhof - Ramsau am Dachstein","isPartOf":{"@id":"https:\/\/feistererhof.at\/en\/#website"},"primaryImageOfPage":{"@id":"https:\/\/feistererhof.at\/en\/organic-hotel-room\/family-room-lindenbaum\/#primaryimage"},"image":{"@id":"https:\/\/feistererhof.at\/en\/organic-hotel-room\/family-room-lindenbaum\/#primaryimage"},"thumbnailUrl":"https:\/\/feistererhof.at\/wp-content\/uploads\/2019\/11\/Biohotel-Feistererhof-Ramsau-am-Dachstein-April-2017-31-1.jpg","datePublished":"2019-12-21T08:29:33+00:00","dateModified":"2024-10-01T11:09:29+00:00","description":"Our family room Lindenbaum with 44 m\u00b2 has 2 rooms with a view of the Schladminger Tauern. Here a whole family finds enough space on their holiday.","breadcrumb":{"@id":"https:\/\/feistererhof.at\/en\/organic-hotel-room\/family-room-lindenbaum\/#breadcrumb"},"inLanguage":"en-US","potentialAction":[{"@type":"ReadAction","target":["https:\/\/feistererhof.at\/en\/organic-hotel-room\/family-room-lindenbaum\/"]}]},{"@type":"ImageObject","inLanguage":"en-US","@id":"https:\/\/feistererhof.at\/en\/organic-hotel-room\/family-room-lindenbaum\/#primaryimage","url":"https:\/\/feistererhof.at\/wp-content\/uploads\/2019\/11\/Biohotel-Feistererhof-Ramsau-am-Dachstein-April-2017-31-1.jpg","contentUrl":"https:\/\/feistererhof.at\/wp-content\/uploads\/2019\/11\/Biohotel-Feistererhof-Ramsau-am-Dachstein-April-2017-31-1.jpg","width":1024,"height":683,"caption":"Organic hotel Feistererhof family room Lindenbaum"},{"@type":"BreadcrumbList","@id":"https:\/\/feistererhof.at\/en\/organic-hotel-room\/family-room-lindenbaum\/#breadcrumb","itemListElement":[{"@type":"ListItem","position":1,"name":"Home","item":"https:\/\/feistererhof.at\/en\/"},{"@type":"ListItem","position":2,"name":"Organic hotel room","item":"https:\/\/feistererhof.at\/en\/organic-hotel-room\/"},{"@type":"ListItem","position":3,"name":"FAMILY ROOM LINDENBAUM"}]},{"@type":"WebSite","@id":"https:\/\/feistererhof.at\/en\/#website","url":"https:\/\/feistererhof.at\/en\/","name":"Bio Hotel Feistererhof - Ramsau am Dachstein","description":"Unser 4 Sterne Familien- und Biohotel in der Ramsau am Dachstein hei\u00dft Sie herzlich Willkommen! Gastfreundschaft, beste regionale K\u00fcche, Erzeugung im eigenen Haus und der pers\u00f6nliche Kontakt mit unseren G\u00e4sten zeichnet uns aus.","publisher":{"@id":"https:\/\/feistererhof.at\/en\/#organization"},"potentialAction":[{"@type":"SearchAction","target":{"@type":"EntryPoint","urlTemplate":"https:\/\/feistererhof.at\/en\/?s={search_term_string}"},"query-input":{"@type":"PropertyValueSpecification","valueRequired":true,"valueName":"search_term_string"}}],"inLanguage":"en-US"},{"@type":"Organization","@id":"https:\/\/feistererhof.at\/en\/#organization","name":"Bio Hotel Feistererhof - Ramsau am Dachstein","url":"https:\/\/feistererhof.at\/en\/","logo":{"@type":"ImageObject","inLanguage":"en-US","@id":"https:\/\/feistererhof.at\/en\/#\/schema\/logo\/image\/","url":"https:\/\/feistererhof.at\/wp-content\/uploads\/2019\/10\/Feistererhof_Logo_1_black_RGB_large.png","contentUrl":"https:\/\/feistererhof.at\/wp-content\/uploads\/2019\/10\/Feistererhof_Logo_1_black_RGB_large.png","width":1000,"height":81,"caption":"Bio Hotel Feistererhof - Ramsau am Dachstein"},"image":{"@id":"https:\/\/feistererhof.at\/en\/#\/schema\/logo\/image\/"}}]}},"_links":{"self":[{"href":"https:\/\/feistererhof.at\/en\/wp-json\/wp\/v2\/pages\/2038","targetHints":{"allow":["GET"]}}],"collection":[{"href":"https:\/\/feistererhof.at\/en\/wp-json\/wp\/v2\/pages"}],"about":[{"href":"https:\/\/feistererhof.at\/en\/wp-json\/wp\/v2\/types\/page"}],"author":[{"embeddable":true,"href":"https:\/\/feistererhof.at\/en\/wp-json\/wp\/v2\/users\/1"}],"replies":[{"embeddable":true,"href":"https:\/\/feistererhof.at\/en\/wp-json\/wp\/v2\/comments?post=2038"}],"version-history":[{"count":0,"href":"https:\/\/feistererhof.at\/en\/wp-json\/wp\/v2\/pages\/2038\/revisions"}],"up":[{"embeddable":true,"href":"https:\/\/feistererhof.at\/en\/wp-json\/wp\/v2\/pages\/2063"}],"wp:featuredmedia":[{"embeddable":true,"href":"https:\/\/feistererhof.at\/en\/wp-json\/wp\/v2\/media\/1640"}],"wp:attachment":[{"href":"https:\/\/feistererhof.at\/en\/wp-json\/wp\/v2\/media?parent=2038"}],"curies":[{"name":"wp","href":"https:\/\/api.w.org\/{rel}","templated":true}]}}