{"id":2025,"date":"2019-12-20T18:08:32","date_gmt":"2019-12-20T17:08:32","guid":{"rendered":"https:\/\/feistererhof.at\/cuisine\/"},"modified":"2024-09-05T03:23:34","modified_gmt":"2024-09-05T01:23:34","slug":"cuisine","status":"publish","type":"page","link":"https:\/\/feistererhof.at\/en\/cuisine\/","title":{"rendered":"Cuisine"},"content":{"rendered":"\n<p class=\"p1\"><span class=\"s1\">Regional, seasonal, organic: the good things are often so close. <br>In our organic hotel <\/span><span class=\"s1\">we cook with many high-quality products <\/span> <span class=\"s1\">from our own organic farm. This includes not only fruit, vegetables and herbs, but also meat, venison <\/span><span class=\"s1\">as well as dairy products. These delicacies are not only enjoyed by our half-board guests, but also by everyone who orders \u00e0 la carte in our restaurant. <\/span><\/p>\n<h6>We ask for your understanding that for organizational reasons no completely vegan &#8220;Feistererhofs Halbboard&#8221; can be offered. Individual dishes can of course be prepared vegan. Just let us know when you make your request.<\/h6>\n","protected":false},"excerpt":{"rendered":"<p>Regional, seasonal, organic: the good things are often so close. In our organic hotel we cook with many high-quality products from our own organic farm. This includes not only fruit, vegetables and herbs, but also meat, venison as well as dairy products. These delicacies are not only enjoyed by our half-board guests, but also by [&hellip;]<\/p>\n","protected":false},"author":1,"featured_media":5820,"parent":0,"menu_order":0,"comment_status":"closed","ping_status":"closed","template":"content_page.php","meta":{"_acf_changed":false,"_monsterinsights_skip_tracking":false,"_monsterinsights_sitenote_active":false,"_monsterinsights_sitenote_note":"","_monsterinsights_sitenote_category":0,"footnotes":""},"class_list":["post-2025","page","type-page","status-publish","has-post-thumbnail","hentry"],"acf":[],"yoast_head":"<!-- This site is optimized with the Yoast SEO plugin v27.4 - https:\/\/yoast.com\/product\/yoast-seo-wordpress\/ -->\n<title>Cuisine in Bio Hotel Feistererhof - Ramsau am Dachstein<\/title>\n<meta name=\"description\" content=\"Regional, seasonal, organic. In our organic hotel and restaurant in Ramsau am Dachstein we cook with products from our own organic farm!\" \/>\n<meta name=\"robots\" content=\"index, follow, max-snippet:-1, max-image-preview:large, max-video-preview:-1\" \/>\n<link rel=\"canonical\" href=\"https:\/\/feistererhof.at\/en\/cuisine\/\" \/>\n<meta property=\"og:locale\" content=\"en_US\" \/>\n<meta property=\"og:type\" content=\"article\" \/>\n<meta property=\"og:title\" content=\"Cuisine in Bio Hotel Feistererhof - Ramsau am Dachstein\" \/>\n<meta property=\"og:description\" content=\"Regional, seasonal, organic. In our organic hotel and restaurant in Ramsau am Dachstein we cook with products from our own organic farm!\" \/>\n<meta property=\"og:url\" content=\"https:\/\/feistererhof.at\/en\/cuisine\/\" \/>\n<meta property=\"og:site_name\" content=\"Bio Hotel Feistererhof - Ramsau am Dachstein\" \/>\n<meta property=\"article:modified_time\" content=\"2024-09-05T01:23:34+00:00\" \/>\n<meta property=\"og:image\" content=\"https:\/\/feistererhof.at\/wp-content\/uploads\/2024\/09\/kulinarik.jpg\" \/>\n\t<meta property=\"og:image:width\" content=\"1900\" \/>\n\t<meta property=\"og:image:height\" content=\"1267\" \/>\n\t<meta property=\"og:image:type\" content=\"image\/jpeg\" \/>\n<meta name=\"twitter:card\" content=\"summary_large_image\" \/>\n<script type=\"application\/ld+json\" class=\"yoast-schema-graph\">{\"@context\":\"https:\\\/\\\/schema.org\",\"@graph\":[{\"@type\":\"WebPage\",\"@id\":\"https:\\\/\\\/feistererhof.at\\\/en\\\/cuisine\\\/\",\"url\":\"https:\\\/\\\/feistererhof.at\\\/en\\\/cuisine\\\/\",\"name\":\"Cuisine in Bio Hotel Feistererhof - Ramsau am Dachstein\",\"isPartOf\":{\"@id\":\"https:\\\/\\\/feistererhof.at\\\/en\\\/#website\"},\"primaryImageOfPage\":{\"@id\":\"https:\\\/\\\/feistererhof.at\\\/en\\\/cuisine\\\/#primaryimage\"},\"image\":{\"@id\":\"https:\\\/\\\/feistererhof.at\\\/en\\\/cuisine\\\/#primaryimage\"},\"thumbnailUrl\":\"https:\\\/\\\/feistererhof.at\\\/wp-content\\\/uploads\\\/2024\\\/09\\\/kulinarik.jpg\",\"datePublished\":\"2019-12-20T17:08:32+00:00\",\"dateModified\":\"2024-09-05T01:23:34+00:00\",\"description\":\"Regional, seasonal, organic. In our organic hotel and restaurant in Ramsau am Dachstein we cook with products from our own organic farm!\",\"breadcrumb\":{\"@id\":\"https:\\\/\\\/feistererhof.at\\\/en\\\/cuisine\\\/#breadcrumb\"},\"inLanguage\":\"en-US\",\"potentialAction\":[{\"@type\":\"ReadAction\",\"target\":[\"https:\\\/\\\/feistererhof.at\\\/en\\\/cuisine\\\/\"]}]},{\"@type\":\"ImageObject\",\"inLanguage\":\"en-US\",\"@id\":\"https:\\\/\\\/feistererhof.at\\\/en\\\/cuisine\\\/#primaryimage\",\"url\":\"https:\\\/\\\/feistererhof.at\\\/wp-content\\\/uploads\\\/2024\\\/09\\\/kulinarik.jpg\",\"contentUrl\":\"https:\\\/\\\/feistererhof.at\\\/wp-content\\\/uploads\\\/2024\\\/09\\\/kulinarik.jpg\",\"width\":1900,\"height\":1267},{\"@type\":\"BreadcrumbList\",\"@id\":\"https:\\\/\\\/feistererhof.at\\\/en\\\/cuisine\\\/#breadcrumb\",\"itemListElement\":[{\"@type\":\"ListItem\",\"position\":1,\"name\":\"Home\",\"item\":\"https:\\\/\\\/feistererhof.at\\\/en\\\/\"},{\"@type\":\"ListItem\",\"position\":2,\"name\":\"Cuisine\"}]},{\"@type\":\"WebSite\",\"@id\":\"https:\\\/\\\/feistererhof.at\\\/en\\\/#website\",\"url\":\"https:\\\/\\\/feistererhof.at\\\/en\\\/\",\"name\":\"Bio Hotel Feistererhof - Ramsau am Dachstein\",\"description\":\"Unser 4 Sterne Familien- und Biohotel in der Ramsau am Dachstein hei\u00dft Sie herzlich Willkommen! Gastfreundschaft, beste regionale K\u00fcche, Erzeugung im eigenen Haus und der pers\u00f6nliche Kontakt mit unseren G\u00e4sten zeichnet uns aus.\",\"publisher\":{\"@id\":\"https:\\\/\\\/feistererhof.at\\\/en\\\/#organization\"},\"potentialAction\":[{\"@type\":\"SearchAction\",\"target\":{\"@type\":\"EntryPoint\",\"urlTemplate\":\"https:\\\/\\\/feistererhof.at\\\/en\\\/?s={search_term_string}\"},\"query-input\":{\"@type\":\"PropertyValueSpecification\",\"valueRequired\":true,\"valueName\":\"search_term_string\"}}],\"inLanguage\":\"en-US\"},{\"@type\":\"Organization\",\"@id\":\"https:\\\/\\\/feistererhof.at\\\/en\\\/#organization\",\"name\":\"Bio Hotel Feistererhof - Ramsau am Dachstein\",\"url\":\"https:\\\/\\\/feistererhof.at\\\/en\\\/\",\"logo\":{\"@type\":\"ImageObject\",\"inLanguage\":\"en-US\",\"@id\":\"https:\\\/\\\/feistererhof.at\\\/en\\\/#\\\/schema\\\/logo\\\/image\\\/\",\"url\":\"https:\\\/\\\/feistererhof.at\\\/wp-content\\\/uploads\\\/2019\\\/10\\\/Feistererhof_Logo_1_black_RGB_large.png\",\"contentUrl\":\"https:\\\/\\\/feistererhof.at\\\/wp-content\\\/uploads\\\/2019\\\/10\\\/Feistererhof_Logo_1_black_RGB_large.png\",\"width\":1000,\"height\":81,\"caption\":\"Bio Hotel Feistererhof - Ramsau am Dachstein\"},\"image\":{\"@id\":\"https:\\\/\\\/feistererhof.at\\\/en\\\/#\\\/schema\\\/logo\\\/image\\\/\"}}]}<\/script>\n<!-- \/ Yoast SEO plugin. -->","yoast_head_json":{"title":"Cuisine in Bio Hotel Feistererhof - Ramsau am Dachstein","description":"Regional, seasonal, organic. In our organic hotel and restaurant in Ramsau am Dachstein we cook with products from our own organic farm!","robots":{"index":"index","follow":"follow","max-snippet":"max-snippet:-1","max-image-preview":"max-image-preview:large","max-video-preview":"max-video-preview:-1"},"canonical":"https:\/\/feistererhof.at\/en\/cuisine\/","og_locale":"en_US","og_type":"article","og_title":"Cuisine in Bio Hotel Feistererhof - Ramsau am Dachstein","og_description":"Regional, seasonal, organic. In our organic hotel and restaurant in Ramsau am Dachstein we cook with products from our own organic farm!","og_url":"https:\/\/feistererhof.at\/en\/cuisine\/","og_site_name":"Bio Hotel Feistererhof - Ramsau am Dachstein","article_modified_time":"2024-09-05T01:23:34+00:00","og_image":[{"width":1900,"height":1267,"url":"https:\/\/feistererhof.at\/wp-content\/uploads\/2024\/09\/kulinarik.jpg","type":"image\/jpeg"}],"twitter_card":"summary_large_image","schema":{"@context":"https:\/\/schema.org","@graph":[{"@type":"WebPage","@id":"https:\/\/feistererhof.at\/en\/cuisine\/","url":"https:\/\/feistererhof.at\/en\/cuisine\/","name":"Cuisine in Bio Hotel Feistererhof - Ramsau am Dachstein","isPartOf":{"@id":"https:\/\/feistererhof.at\/en\/#website"},"primaryImageOfPage":{"@id":"https:\/\/feistererhof.at\/en\/cuisine\/#primaryimage"},"image":{"@id":"https:\/\/feistererhof.at\/en\/cuisine\/#primaryimage"},"thumbnailUrl":"https:\/\/feistererhof.at\/wp-content\/uploads\/2024\/09\/kulinarik.jpg","datePublished":"2019-12-20T17:08:32+00:00","dateModified":"2024-09-05T01:23:34+00:00","description":"Regional, seasonal, organic. In our organic hotel and restaurant in Ramsau am Dachstein we cook with products from our own organic farm!","breadcrumb":{"@id":"https:\/\/feistererhof.at\/en\/cuisine\/#breadcrumb"},"inLanguage":"en-US","potentialAction":[{"@type":"ReadAction","target":["https:\/\/feistererhof.at\/en\/cuisine\/"]}]},{"@type":"ImageObject","inLanguage":"en-US","@id":"https:\/\/feistererhof.at\/en\/cuisine\/#primaryimage","url":"https:\/\/feistererhof.at\/wp-content\/uploads\/2024\/09\/kulinarik.jpg","contentUrl":"https:\/\/feistererhof.at\/wp-content\/uploads\/2024\/09\/kulinarik.jpg","width":1900,"height":1267},{"@type":"BreadcrumbList","@id":"https:\/\/feistererhof.at\/en\/cuisine\/#breadcrumb","itemListElement":[{"@type":"ListItem","position":1,"name":"Home","item":"https:\/\/feistererhof.at\/en\/"},{"@type":"ListItem","position":2,"name":"Cuisine"}]},{"@type":"WebSite","@id":"https:\/\/feistererhof.at\/en\/#website","url":"https:\/\/feistererhof.at\/en\/","name":"Bio Hotel Feistererhof - Ramsau am Dachstein","description":"Unser 4 Sterne Familien- und Biohotel in der Ramsau am Dachstein hei\u00dft Sie herzlich Willkommen! Gastfreundschaft, beste regionale K\u00fcche, Erzeugung im eigenen Haus und der pers\u00f6nliche Kontakt mit unseren G\u00e4sten zeichnet uns aus.","publisher":{"@id":"https:\/\/feistererhof.at\/en\/#organization"},"potentialAction":[{"@type":"SearchAction","target":{"@type":"EntryPoint","urlTemplate":"https:\/\/feistererhof.at\/en\/?s={search_term_string}"},"query-input":{"@type":"PropertyValueSpecification","valueRequired":true,"valueName":"search_term_string"}}],"inLanguage":"en-US"},{"@type":"Organization","@id":"https:\/\/feistererhof.at\/en\/#organization","name":"Bio Hotel Feistererhof - Ramsau am Dachstein","url":"https:\/\/feistererhof.at\/en\/","logo":{"@type":"ImageObject","inLanguage":"en-US","@id":"https:\/\/feistererhof.at\/en\/#\/schema\/logo\/image\/","url":"https:\/\/feistererhof.at\/wp-content\/uploads\/2019\/10\/Feistererhof_Logo_1_black_RGB_large.png","contentUrl":"https:\/\/feistererhof.at\/wp-content\/uploads\/2019\/10\/Feistererhof_Logo_1_black_RGB_large.png","width":1000,"height":81,"caption":"Bio Hotel Feistererhof - Ramsau am Dachstein"},"image":{"@id":"https:\/\/feistererhof.at\/en\/#\/schema\/logo\/image\/"}}]}},"_links":{"self":[{"href":"https:\/\/feistererhof.at\/en\/wp-json\/wp\/v2\/pages\/2025","targetHints":{"allow":["GET"]}}],"collection":[{"href":"https:\/\/feistererhof.at\/en\/wp-json\/wp\/v2\/pages"}],"about":[{"href":"https:\/\/feistererhof.at\/en\/wp-json\/wp\/v2\/types\/page"}],"author":[{"embeddable":true,"href":"https:\/\/feistererhof.at\/en\/wp-json\/wp\/v2\/users\/1"}],"replies":[{"embeddable":true,"href":"https:\/\/feistererhof.at\/en\/wp-json\/wp\/v2\/comments?post=2025"}],"version-history":[{"count":0,"href":"https:\/\/feistererhof.at\/en\/wp-json\/wp\/v2\/pages\/2025\/revisions"}],"wp:featuredmedia":[{"embeddable":true,"href":"https:\/\/feistererhof.at\/en\/wp-json\/wp\/v2\/media\/5820"}],"wp:attachment":[{"href":"https:\/\/feistererhof.at\/en\/wp-json\/wp\/v2\/media?parent=2025"}],"curies":[{"name":"wp","href":"https:\/\/api.w.org\/{rel}","templated":true}]}}