{"id":1996,"date":"2019-12-19T23:33:13","date_gmt":"2019-12-19T22:33:13","guid":{"rendered":"https:\/\/feistererhof.at\/winter\/"},"modified":"2023-09-21T13:37:07","modified_gmt":"2023-09-21T11:37:07","slug":"winter","status":"publish","type":"page","link":"https:\/\/feistererhof.at\/en\/experiences\/winter\/","title":{"rendered":"winter"},"content":{"rendered":"\n<p class=\"p1\"><span class=\"s1\">The Schladming-Dachstein region is a guarantee for the best that winter has to offer. The dreamlike mountain scenery of the Dachstein, cross-country ski trails,<span class=\"Apple-converted-space\">&nbsp;<\/span>untapped slopes that invite you to snowshoeing and touring. Snow-covered meadows and forests that are perfect for winter hiking.<span class=\"Apple-converted-space\">&nbsp;<\/span>Toboggan runs that promise fun for young and old and much more. <\/span><\/p>\n","protected":false},"excerpt":{"rendered":"<p>The Schladming-Dachstein region is a guarantee for the best that winter has to offer. The dreamlike mountain scenery of the Dachstein, cross-country ski trails,&nbsp;untapped slopes that invite you to snowshoeing and touring. Snow-covered meadows and forests that are perfect for winter hiking.&nbsp;Toboggan runs that promise fun for young and old and much more.<\/p>\n","protected":false},"author":1,"featured_media":1800,"parent":2002,"menu_order":0,"comment_status":"closed","ping_status":"closed","template":"content_page.php","meta":{"_acf_changed":false,"_monsterinsights_skip_tracking":false,"_monsterinsights_sitenote_active":false,"_monsterinsights_sitenote_note":"","_monsterinsights_sitenote_category":0,"footnotes":""},"class_list":["post-1996","page","type-page","status-publish","has-post-thumbnail","hentry"],"acf":[],"yoast_head":"<!-- This site is optimized with the Yoast SEO plugin v27.4 - https:\/\/yoast.com\/product\/yoast-seo-wordpress\/ -->\n<title>winter urlaub - Bio Hotel Feistererhof - Ramsau am Dachstein<\/title>\n<meta name=\"description\" content=\"The Ramsau\/Dachstein region is a guarantee for the best that winter has to offer. From cross-country skiing to a leisurely ski tour, there&#039;s something for everyone.\" \/>\n<meta name=\"robots\" content=\"index, follow, max-snippet:-1, max-image-preview:large, max-video-preview:-1\" \/>\n<link rel=\"canonical\" href=\"https:\/\/feistererhof.at\/en\/experiences\/winter\/\" \/>\n<meta property=\"og:locale\" content=\"en_US\" \/>\n<meta property=\"og:type\" content=\"article\" \/>\n<meta property=\"og:title\" content=\"winter urlaub - Bio Hotel Feistererhof - Ramsau am Dachstein\" \/>\n<meta property=\"og:description\" content=\"The Ramsau\/Dachstein region is a guarantee for the best that winter has to offer. From cross-country skiing to a leisurely ski tour, there&#039;s something for everyone.\" \/>\n<meta property=\"og:url\" content=\"https:\/\/feistererhof.at\/en\/experiences\/winter\/\" \/>\n<meta property=\"og:site_name\" content=\"Bio Hotel Feistererhof - Ramsau am Dachstein\" \/>\n<meta property=\"article:modified_time\" content=\"2023-09-21T11:37:07+00:00\" \/>\n<meta property=\"og:image\" content=\"https:\/\/feistererhof.at\/wp-content\/uploads\/2019\/11\/Erlebnisse_Winter.jpg\" \/>\n\t<meta property=\"og:image:width\" content=\"1900\" \/>\n\t<meta property=\"og:image:height\" content=\"1267\" \/>\n\t<meta property=\"og:image:type\" content=\"image\/jpeg\" \/>\n<meta name=\"twitter:card\" content=\"summary_large_image\" \/>\n<script type=\"application\/ld+json\" class=\"yoast-schema-graph\">{\"@context\":\"https:\\\/\\\/schema.org\",\"@graph\":[{\"@type\":\"WebPage\",\"@id\":\"https:\\\/\\\/feistererhof.at\\\/en\\\/experiences\\\/winter\\\/\",\"url\":\"https:\\\/\\\/feistererhof.at\\\/en\\\/experiences\\\/winter\\\/\",\"name\":\"winter urlaub - Bio Hotel Feistererhof - Ramsau am Dachstein\",\"isPartOf\":{\"@id\":\"https:\\\/\\\/feistererhof.at\\\/en\\\/#website\"},\"primaryImageOfPage\":{\"@id\":\"https:\\\/\\\/feistererhof.at\\\/en\\\/experiences\\\/winter\\\/#primaryimage\"},\"image\":{\"@id\":\"https:\\\/\\\/feistererhof.at\\\/en\\\/experiences\\\/winter\\\/#primaryimage\"},\"thumbnailUrl\":\"https:\\\/\\\/feistererhof.at\\\/wp-content\\\/uploads\\\/2019\\\/11\\\/Erlebnisse_Winter.jpg\",\"datePublished\":\"2019-12-19T22:33:13+00:00\",\"dateModified\":\"2023-09-21T11:37:07+00:00\",\"description\":\"The Ramsau\\\/Dachstein region is a guarantee for the best that winter has to offer. From cross-country skiing to a leisurely ski tour, there's something for everyone.\",\"breadcrumb\":{\"@id\":\"https:\\\/\\\/feistererhof.at\\\/en\\\/experiences\\\/winter\\\/#breadcrumb\"},\"inLanguage\":\"en-US\",\"potentialAction\":[{\"@type\":\"ReadAction\",\"target\":[\"https:\\\/\\\/feistererhof.at\\\/en\\\/experiences\\\/winter\\\/\"]}]},{\"@type\":\"ImageObject\",\"inLanguage\":\"en-US\",\"@id\":\"https:\\\/\\\/feistererhof.at\\\/en\\\/experiences\\\/winter\\\/#primaryimage\",\"url\":\"https:\\\/\\\/feistererhof.at\\\/wp-content\\\/uploads\\\/2019\\\/11\\\/Erlebnisse_Winter.jpg\",\"contentUrl\":\"https:\\\/\\\/feistererhof.at\\\/wp-content\\\/uploads\\\/2019\\\/11\\\/Erlebnisse_Winter.jpg\",\"width\":1900,\"height\":1267,\"caption\":\"Organic hotel Feistererhof experiences winter\"},{\"@type\":\"BreadcrumbList\",\"@id\":\"https:\\\/\\\/feistererhof.at\\\/en\\\/experiences\\\/winter\\\/#breadcrumb\",\"itemListElement\":[{\"@type\":\"ListItem\",\"position\":1,\"name\":\"Home\",\"item\":\"https:\\\/\\\/feistererhof.at\\\/en\\\/\"},{\"@type\":\"ListItem\",\"position\":2,\"name\":\"experiences\",\"item\":\"https:\\\/\\\/feistererhof.at\\\/en\\\/experiences\\\/\"},{\"@type\":\"ListItem\",\"position\":3,\"name\":\"winter\"}]},{\"@type\":\"WebSite\",\"@id\":\"https:\\\/\\\/feistererhof.at\\\/en\\\/#website\",\"url\":\"https:\\\/\\\/feistererhof.at\\\/en\\\/\",\"name\":\"Bio Hotel Feistererhof - Ramsau am Dachstein\",\"description\":\"Unser 4 Sterne Familien- und Biohotel in der Ramsau am Dachstein hei\u00dft Sie herzlich Willkommen! Gastfreundschaft, beste regionale K\u00fcche, Erzeugung im eigenen Haus und der pers\u00f6nliche Kontakt mit unseren G\u00e4sten zeichnet uns aus.\",\"publisher\":{\"@id\":\"https:\\\/\\\/feistererhof.at\\\/en\\\/#organization\"},\"potentialAction\":[{\"@type\":\"SearchAction\",\"target\":{\"@type\":\"EntryPoint\",\"urlTemplate\":\"https:\\\/\\\/feistererhof.at\\\/en\\\/?s={search_term_string}\"},\"query-input\":{\"@type\":\"PropertyValueSpecification\",\"valueRequired\":true,\"valueName\":\"search_term_string\"}}],\"inLanguage\":\"en-US\"},{\"@type\":\"Organization\",\"@id\":\"https:\\\/\\\/feistererhof.at\\\/en\\\/#organization\",\"name\":\"Bio Hotel Feistererhof - Ramsau am Dachstein\",\"url\":\"https:\\\/\\\/feistererhof.at\\\/en\\\/\",\"logo\":{\"@type\":\"ImageObject\",\"inLanguage\":\"en-US\",\"@id\":\"https:\\\/\\\/feistererhof.at\\\/en\\\/#\\\/schema\\\/logo\\\/image\\\/\",\"url\":\"https:\\\/\\\/feistererhof.at\\\/wp-content\\\/uploads\\\/2019\\\/10\\\/Feistererhof_Logo_1_black_RGB_large.png\",\"contentUrl\":\"https:\\\/\\\/feistererhof.at\\\/wp-content\\\/uploads\\\/2019\\\/10\\\/Feistererhof_Logo_1_black_RGB_large.png\",\"width\":1000,\"height\":81,\"caption\":\"Bio Hotel Feistererhof - Ramsau am Dachstein\"},\"image\":{\"@id\":\"https:\\\/\\\/feistererhof.at\\\/en\\\/#\\\/schema\\\/logo\\\/image\\\/\"}}]}<\/script>\n<!-- \/ Yoast SEO plugin. -->","yoast_head_json":{"title":"winter urlaub - Bio Hotel Feistererhof - Ramsau am Dachstein","description":"The Ramsau\/Dachstein region is a guarantee for the best that winter has to offer. From cross-country skiing to a leisurely ski tour, there's something for everyone.","robots":{"index":"index","follow":"follow","max-snippet":"max-snippet:-1","max-image-preview":"max-image-preview:large","max-video-preview":"max-video-preview:-1"},"canonical":"https:\/\/feistererhof.at\/en\/experiences\/winter\/","og_locale":"en_US","og_type":"article","og_title":"winter urlaub - Bio Hotel Feistererhof - Ramsau am Dachstein","og_description":"The Ramsau\/Dachstein region is a guarantee for the best that winter has to offer. From cross-country skiing to a leisurely ski tour, there's something for everyone.","og_url":"https:\/\/feistererhof.at\/en\/experiences\/winter\/","og_site_name":"Bio Hotel Feistererhof - Ramsau am Dachstein","article_modified_time":"2023-09-21T11:37:07+00:00","og_image":[{"width":1900,"height":1267,"url":"https:\/\/feistererhof.at\/wp-content\/uploads\/2019\/11\/Erlebnisse_Winter.jpg","type":"image\/jpeg"}],"twitter_card":"summary_large_image","schema":{"@context":"https:\/\/schema.org","@graph":[{"@type":"WebPage","@id":"https:\/\/feistererhof.at\/en\/experiences\/winter\/","url":"https:\/\/feistererhof.at\/en\/experiences\/winter\/","name":"winter urlaub - Bio Hotel Feistererhof - Ramsau am Dachstein","isPartOf":{"@id":"https:\/\/feistererhof.at\/en\/#website"},"primaryImageOfPage":{"@id":"https:\/\/feistererhof.at\/en\/experiences\/winter\/#primaryimage"},"image":{"@id":"https:\/\/feistererhof.at\/en\/experiences\/winter\/#primaryimage"},"thumbnailUrl":"https:\/\/feistererhof.at\/wp-content\/uploads\/2019\/11\/Erlebnisse_Winter.jpg","datePublished":"2019-12-19T22:33:13+00:00","dateModified":"2023-09-21T11:37:07+00:00","description":"The Ramsau\/Dachstein region is a guarantee for the best that winter has to offer. From cross-country skiing to a leisurely ski tour, there's something for everyone.","breadcrumb":{"@id":"https:\/\/feistererhof.at\/en\/experiences\/winter\/#breadcrumb"},"inLanguage":"en-US","potentialAction":[{"@type":"ReadAction","target":["https:\/\/feistererhof.at\/en\/experiences\/winter\/"]}]},{"@type":"ImageObject","inLanguage":"en-US","@id":"https:\/\/feistererhof.at\/en\/experiences\/winter\/#primaryimage","url":"https:\/\/feistererhof.at\/wp-content\/uploads\/2019\/11\/Erlebnisse_Winter.jpg","contentUrl":"https:\/\/feistererhof.at\/wp-content\/uploads\/2019\/11\/Erlebnisse_Winter.jpg","width":1900,"height":1267,"caption":"Organic hotel Feistererhof experiences winter"},{"@type":"BreadcrumbList","@id":"https:\/\/feistererhof.at\/en\/experiences\/winter\/#breadcrumb","itemListElement":[{"@type":"ListItem","position":1,"name":"Home","item":"https:\/\/feistererhof.at\/en\/"},{"@type":"ListItem","position":2,"name":"experiences","item":"https:\/\/feistererhof.at\/en\/experiences\/"},{"@type":"ListItem","position":3,"name":"winter"}]},{"@type":"WebSite","@id":"https:\/\/feistererhof.at\/en\/#website","url":"https:\/\/feistererhof.at\/en\/","name":"Bio Hotel Feistererhof - Ramsau am Dachstein","description":"Unser 4 Sterne Familien- und Biohotel in der Ramsau am Dachstein hei\u00dft Sie herzlich Willkommen! Gastfreundschaft, beste regionale K\u00fcche, Erzeugung im eigenen Haus und der pers\u00f6nliche Kontakt mit unseren G\u00e4sten zeichnet uns aus.","publisher":{"@id":"https:\/\/feistererhof.at\/en\/#organization"},"potentialAction":[{"@type":"SearchAction","target":{"@type":"EntryPoint","urlTemplate":"https:\/\/feistererhof.at\/en\/?s={search_term_string}"},"query-input":{"@type":"PropertyValueSpecification","valueRequired":true,"valueName":"search_term_string"}}],"inLanguage":"en-US"},{"@type":"Organization","@id":"https:\/\/feistererhof.at\/en\/#organization","name":"Bio Hotel Feistererhof - Ramsau am Dachstein","url":"https:\/\/feistererhof.at\/en\/","logo":{"@type":"ImageObject","inLanguage":"en-US","@id":"https:\/\/feistererhof.at\/en\/#\/schema\/logo\/image\/","url":"https:\/\/feistererhof.at\/wp-content\/uploads\/2019\/10\/Feistererhof_Logo_1_black_RGB_large.png","contentUrl":"https:\/\/feistererhof.at\/wp-content\/uploads\/2019\/10\/Feistererhof_Logo_1_black_RGB_large.png","width":1000,"height":81,"caption":"Bio Hotel Feistererhof - Ramsau am Dachstein"},"image":{"@id":"https:\/\/feistererhof.at\/en\/#\/schema\/logo\/image\/"}}]}},"_links":{"self":[{"href":"https:\/\/feistererhof.at\/en\/wp-json\/wp\/v2\/pages\/1996","targetHints":{"allow":["GET"]}}],"collection":[{"href":"https:\/\/feistererhof.at\/en\/wp-json\/wp\/v2\/pages"}],"about":[{"href":"https:\/\/feistererhof.at\/en\/wp-json\/wp\/v2\/types\/page"}],"author":[{"embeddable":true,"href":"https:\/\/feistererhof.at\/en\/wp-json\/wp\/v2\/users\/1"}],"replies":[{"embeddable":true,"href":"https:\/\/feistererhof.at\/en\/wp-json\/wp\/v2\/comments?post=1996"}],"version-history":[{"count":0,"href":"https:\/\/feistererhof.at\/en\/wp-json\/wp\/v2\/pages\/1996\/revisions"}],"up":[{"embeddable":true,"href":"https:\/\/feistererhof.at\/en\/wp-json\/wp\/v2\/pages\/2002"}],"wp:featuredmedia":[{"embeddable":true,"href":"https:\/\/feistererhof.at\/en\/wp-json\/wp\/v2\/media\/1800"}],"wp:attachment":[{"href":"https:\/\/feistererhof.at\/en\/wp-json\/wp\/v2\/media?parent=1996"}],"curies":[{"name":"wp","href":"https:\/\/api.w.org\/{rel}","templated":true}]}}