{"id":1973,"date":"2019-12-19T11:55:49","date_gmt":"2019-12-19T10:55:49","guid":{"rendered":"https:\/\/feistererhof.at\/winter-family-time\/"},"modified":"2026-03-16T16:18:47","modified_gmt":"2026-03-16T15:18:47","slug":"winter-family-time","status":"publish","type":"page","link":"https:\/\/feistererhof.at\/en\/pauschalen\/winter-family-time\/","title":{"rendered":"WINTER FAMILY TIME"},"content":{"rendered":"\n<p>Building a snowman. Bobsleighing. Hot chocolate with whipped cream. Snowball fight. Let&#8217;s collect winter experiences for the family album.<\/p>\n","protected":false},"excerpt":{"rendered":"<p>Building a snowman. Bobsleighing. Hot chocolate with whipped cream. Snowball fight. Let&#8217;s collect winter experiences for the family album.<\/p>\n","protected":false},"author":1,"featured_media":1876,"parent":4497,"menu_order":0,"comment_status":"closed","ping_status":"closed","template":"pauschale.php","meta":{"_acf_changed":false,"_monsterinsights_skip_tracking":false,"_monsterinsights_sitenote_active":false,"_monsterinsights_sitenote_note":"","_monsterinsights_sitenote_category":0,"footnotes":""},"class_list":["post-1973","page","type-page","status-publish","has-post-thumbnail","hentry"],"acf":[],"yoast_head":"<!-- This site is optimized with the Yoast SEO plugin v27.5 - https:\/\/yoast.com\/product\/yoast-seo-wordpress\/ -->\n<title>WINTER FAMILY TIME - Bio Hotel Feistererhof - Ramsau am Dachstein<\/title>\n<meta name=\"description\" content=\"Building a snowman. Bobsleighing. Hot chocolate with whipped cream. Snowball fight. Let&#039;s collect winter experiences for the family album.\" \/>\n<meta name=\"robots\" content=\"index, follow, max-snippet:-1, max-image-preview:large, max-video-preview:-1\" \/>\n<link rel=\"canonical\" href=\"https:\/\/feistererhof.at\/en\/pauschalen\/winter-family-time\/\" \/>\n<meta property=\"og:locale\" content=\"en_US\" \/>\n<meta property=\"og:type\" content=\"article\" \/>\n<meta property=\"og:title\" content=\"WINTER FAMILY TIME - Bio Hotel Feistererhof - Ramsau am Dachstein\" \/>\n<meta property=\"og:description\" content=\"Building a snowman. Bobsleighing. Hot chocolate with whipped cream. Snowball fight. Let&#039;s collect winter experiences for the family album.\" \/>\n<meta property=\"og:url\" content=\"https:\/\/feistererhof.at\/en\/pauschalen\/winter-family-time\/\" \/>\n<meta property=\"og:site_name\" content=\"Bio Hotel Feistererhof - Ramsau am Dachstein\" \/>\n<meta property=\"article:modified_time\" content=\"2026-03-16T15:18:47+00:00\" \/>\n<meta property=\"og:image\" content=\"https:\/\/feistererhof.at\/wp-content\/uploads\/2019\/11\/01_Title_rodeln.jpg\" \/>\n\t<meta property=\"og:image:width\" content=\"1024\" \/>\n\t<meta property=\"og:image:height\" content=\"681\" \/>\n\t<meta property=\"og:image:type\" content=\"image\/jpeg\" \/>\n<meta name=\"twitter:card\" content=\"summary_large_image\" \/>\n<meta name=\"twitter:label1\" content=\"Est. reading time\" \/>\n\t<meta name=\"twitter:data1\" content=\"2 minutes\" \/>\n<script type=\"application\/ld+json\" class=\"yoast-schema-graph\">{\"@context\":\"https:\\\/\\\/schema.org\",\"@graph\":[{\"@type\":\"WebPage\",\"@id\":\"https:\\\/\\\/feistererhof.at\\\/en\\\/pauschalen\\\/winter-family-time\\\/\",\"url\":\"https:\\\/\\\/feistererhof.at\\\/en\\\/pauschalen\\\/winter-family-time\\\/\",\"name\":\"WINTER FAMILY TIME - Bio Hotel Feistererhof - Ramsau am Dachstein\",\"isPartOf\":{\"@id\":\"https:\\\/\\\/feistererhof.at\\\/en\\\/#website\"},\"primaryImageOfPage\":{\"@id\":\"https:\\\/\\\/feistererhof.at\\\/en\\\/pauschalen\\\/winter-family-time\\\/#primaryimage\"},\"image\":{\"@id\":\"https:\\\/\\\/feistererhof.at\\\/en\\\/pauschalen\\\/winter-family-time\\\/#primaryimage\"},\"thumbnailUrl\":\"https:\\\/\\\/feistererhof.at\\\/wp-content\\\/uploads\\\/2019\\\/11\\\/01_Title_rodeln.jpg\",\"datePublished\":\"2019-12-19T10:55:49+00:00\",\"dateModified\":\"2026-03-16T15:18:47+00:00\",\"description\":\"Building a snowman. Bobsleighing. Hot chocolate with whipped cream. Snowball fight. Let's collect winter experiences for the family album.\",\"breadcrumb\":{\"@id\":\"https:\\\/\\\/feistererhof.at\\\/en\\\/pauschalen\\\/winter-family-time\\\/#breadcrumb\"},\"inLanguage\":\"en-US\",\"potentialAction\":[{\"@type\":\"ReadAction\",\"target\":[\"https:\\\/\\\/feistererhof.at\\\/en\\\/pauschalen\\\/winter-family-time\\\/\"]}]},{\"@type\":\"ImageObject\",\"inLanguage\":\"en-US\",\"@id\":\"https:\\\/\\\/feistererhof.at\\\/en\\\/pauschalen\\\/winter-family-time\\\/#primaryimage\",\"url\":\"https:\\\/\\\/feistererhof.at\\\/wp-content\\\/uploads\\\/2019\\\/11\\\/01_Title_rodeln.jpg\",\"contentUrl\":\"https:\\\/\\\/feistererhof.at\\\/wp-content\\\/uploads\\\/2019\\\/11\\\/01_Title_rodeln.jpg\",\"width\":1024,\"height\":681,\"caption\":\"Organic hotel Feistererhof winter family time package\"},{\"@type\":\"BreadcrumbList\",\"@id\":\"https:\\\/\\\/feistererhof.at\\\/en\\\/pauschalen\\\/winter-family-time\\\/#breadcrumb\",\"itemListElement\":[{\"@type\":\"ListItem\",\"position\":1,\"name\":\"Home\",\"item\":\"https:\\\/\\\/feistererhof.at\\\/en\\\/\"},{\"@type\":\"ListItem\",\"position\":2,\"name\":\"Pauschalen\",\"item\":\"https:\\\/\\\/feistererhof.at\\\/en\\\/?page_id=4497\"},{\"@type\":\"ListItem\",\"position\":3,\"name\":\"WINTER FAMILY TIME\"}]},{\"@type\":\"WebSite\",\"@id\":\"https:\\\/\\\/feistererhof.at\\\/en\\\/#website\",\"url\":\"https:\\\/\\\/feistererhof.at\\\/en\\\/\",\"name\":\"Bio Hotel Feistererhof - Ramsau am Dachstein\",\"description\":\"Unser 4 Sterne Familien- und Biohotel in der Ramsau am Dachstein hei\u00dft Sie herzlich Willkommen! Gastfreundschaft, beste regionale K\u00fcche, Erzeugung im eigenen Haus und der pers\u00f6nliche Kontakt mit unseren G\u00e4sten zeichnet uns aus.\",\"publisher\":{\"@id\":\"https:\\\/\\\/feistererhof.at\\\/en\\\/#organization\"},\"potentialAction\":[{\"@type\":\"SearchAction\",\"target\":{\"@type\":\"EntryPoint\",\"urlTemplate\":\"https:\\\/\\\/feistererhof.at\\\/en\\\/?s={search_term_string}\"},\"query-input\":{\"@type\":\"PropertyValueSpecification\",\"valueRequired\":true,\"valueName\":\"search_term_string\"}}],\"inLanguage\":\"en-US\"},{\"@type\":\"Organization\",\"@id\":\"https:\\\/\\\/feistererhof.at\\\/en\\\/#organization\",\"name\":\"Bio Hotel Feistererhof - Ramsau am Dachstein\",\"url\":\"https:\\\/\\\/feistererhof.at\\\/en\\\/\",\"logo\":{\"@type\":\"ImageObject\",\"inLanguage\":\"en-US\",\"@id\":\"https:\\\/\\\/feistererhof.at\\\/en\\\/#\\\/schema\\\/logo\\\/image\\\/\",\"url\":\"https:\\\/\\\/feistererhof.at\\\/wp-content\\\/uploads\\\/2019\\\/10\\\/Feistererhof_Logo_1_black_RGB_large.png\",\"contentUrl\":\"https:\\\/\\\/feistererhof.at\\\/wp-content\\\/uploads\\\/2019\\\/10\\\/Feistererhof_Logo_1_black_RGB_large.png\",\"width\":1000,\"height\":81,\"caption\":\"Bio Hotel Feistererhof - Ramsau am Dachstein\"},\"image\":{\"@id\":\"https:\\\/\\\/feistererhof.at\\\/en\\\/#\\\/schema\\\/logo\\\/image\\\/\"}}]}<\/script>\n<!-- \/ Yoast SEO plugin. -->","yoast_head_json":{"title":"WINTER FAMILY TIME - Bio Hotel Feistererhof - Ramsau am Dachstein","description":"Building a snowman. Bobsleighing. Hot chocolate with whipped cream. Snowball fight. Let's collect winter experiences for the family album.","robots":{"index":"index","follow":"follow","max-snippet":"max-snippet:-1","max-image-preview":"max-image-preview:large","max-video-preview":"max-video-preview:-1"},"canonical":"https:\/\/feistererhof.at\/en\/pauschalen\/winter-family-time\/","og_locale":"en_US","og_type":"article","og_title":"WINTER FAMILY TIME - Bio Hotel Feistererhof - Ramsau am Dachstein","og_description":"Building a snowman. Bobsleighing. Hot chocolate with whipped cream. Snowball fight. Let's collect winter experiences for the family album.","og_url":"https:\/\/feistererhof.at\/en\/pauschalen\/winter-family-time\/","og_site_name":"Bio Hotel Feistererhof - Ramsau am Dachstein","article_modified_time":"2026-03-16T15:18:47+00:00","og_image":[{"width":1024,"height":681,"url":"https:\/\/feistererhof.at\/wp-content\/uploads\/2019\/11\/01_Title_rodeln.jpg","type":"image\/jpeg"}],"twitter_card":"summary_large_image","twitter_misc":{"Est. reading time":"2 minutes"},"schema":{"@context":"https:\/\/schema.org","@graph":[{"@type":"WebPage","@id":"https:\/\/feistererhof.at\/en\/pauschalen\/winter-family-time\/","url":"https:\/\/feistererhof.at\/en\/pauschalen\/winter-family-time\/","name":"WINTER FAMILY TIME - Bio Hotel Feistererhof - Ramsau am Dachstein","isPartOf":{"@id":"https:\/\/feistererhof.at\/en\/#website"},"primaryImageOfPage":{"@id":"https:\/\/feistererhof.at\/en\/pauschalen\/winter-family-time\/#primaryimage"},"image":{"@id":"https:\/\/feistererhof.at\/en\/pauschalen\/winter-family-time\/#primaryimage"},"thumbnailUrl":"https:\/\/feistererhof.at\/wp-content\/uploads\/2019\/11\/01_Title_rodeln.jpg","datePublished":"2019-12-19T10:55:49+00:00","dateModified":"2026-03-16T15:18:47+00:00","description":"Building a snowman. Bobsleighing. Hot chocolate with whipped cream. Snowball fight. Let's collect winter experiences for the family album.","breadcrumb":{"@id":"https:\/\/feistererhof.at\/en\/pauschalen\/winter-family-time\/#breadcrumb"},"inLanguage":"en-US","potentialAction":[{"@type":"ReadAction","target":["https:\/\/feistererhof.at\/en\/pauschalen\/winter-family-time\/"]}]},{"@type":"ImageObject","inLanguage":"en-US","@id":"https:\/\/feistererhof.at\/en\/pauschalen\/winter-family-time\/#primaryimage","url":"https:\/\/feistererhof.at\/wp-content\/uploads\/2019\/11\/01_Title_rodeln.jpg","contentUrl":"https:\/\/feistererhof.at\/wp-content\/uploads\/2019\/11\/01_Title_rodeln.jpg","width":1024,"height":681,"caption":"Organic hotel Feistererhof winter family time package"},{"@type":"BreadcrumbList","@id":"https:\/\/feistererhof.at\/en\/pauschalen\/winter-family-time\/#breadcrumb","itemListElement":[{"@type":"ListItem","position":1,"name":"Home","item":"https:\/\/feistererhof.at\/en\/"},{"@type":"ListItem","position":2,"name":"Pauschalen","item":"https:\/\/feistererhof.at\/en\/?page_id=4497"},{"@type":"ListItem","position":3,"name":"WINTER FAMILY TIME"}]},{"@type":"WebSite","@id":"https:\/\/feistererhof.at\/en\/#website","url":"https:\/\/feistererhof.at\/en\/","name":"Bio Hotel Feistererhof - Ramsau am Dachstein","description":"Unser 4 Sterne Familien- und Biohotel in der Ramsau am Dachstein hei\u00dft Sie herzlich Willkommen! Gastfreundschaft, beste regionale K\u00fcche, Erzeugung im eigenen Haus und der pers\u00f6nliche Kontakt mit unseren G\u00e4sten zeichnet uns aus.","publisher":{"@id":"https:\/\/feistererhof.at\/en\/#organization"},"potentialAction":[{"@type":"SearchAction","target":{"@type":"EntryPoint","urlTemplate":"https:\/\/feistererhof.at\/en\/?s={search_term_string}"},"query-input":{"@type":"PropertyValueSpecification","valueRequired":true,"valueName":"search_term_string"}}],"inLanguage":"en-US"},{"@type":"Organization","@id":"https:\/\/feistererhof.at\/en\/#organization","name":"Bio Hotel Feistererhof - Ramsau am Dachstein","url":"https:\/\/feistererhof.at\/en\/","logo":{"@type":"ImageObject","inLanguage":"en-US","@id":"https:\/\/feistererhof.at\/en\/#\/schema\/logo\/image\/","url":"https:\/\/feistererhof.at\/wp-content\/uploads\/2019\/10\/Feistererhof_Logo_1_black_RGB_large.png","contentUrl":"https:\/\/feistererhof.at\/wp-content\/uploads\/2019\/10\/Feistererhof_Logo_1_black_RGB_large.png","width":1000,"height":81,"caption":"Bio Hotel Feistererhof - Ramsau am Dachstein"},"image":{"@id":"https:\/\/feistererhof.at\/en\/#\/schema\/logo\/image\/"}}]}},"_links":{"self":[{"href":"https:\/\/feistererhof.at\/en\/wp-json\/wp\/v2\/pages\/1973","targetHints":{"allow":["GET"]}}],"collection":[{"href":"https:\/\/feistererhof.at\/en\/wp-json\/wp\/v2\/pages"}],"about":[{"href":"https:\/\/feistererhof.at\/en\/wp-json\/wp\/v2\/types\/page"}],"author":[{"embeddable":true,"href":"https:\/\/feistererhof.at\/en\/wp-json\/wp\/v2\/users\/1"}],"replies":[{"embeddable":true,"href":"https:\/\/feistererhof.at\/en\/wp-json\/wp\/v2\/comments?post=1973"}],"version-history":[{"count":2,"href":"https:\/\/feistererhof.at\/en\/wp-json\/wp\/v2\/pages\/1973\/revisions"}],"predecessor-version":[{"id":7480,"href":"https:\/\/feistererhof.at\/en\/wp-json\/wp\/v2\/pages\/1973\/revisions\/7480"}],"up":[{"embeddable":true,"href":"https:\/\/feistererhof.at\/en\/wp-json\/wp\/v2\/pages\/4497"}],"wp:featuredmedia":[{"embeddable":true,"href":"https:\/\/feistererhof.at\/en\/wp-json\/wp\/v2\/media\/1876"}],"wp:attachment":[{"href":"https:\/\/feistererhof.at\/en\/wp-json\/wp\/v2\/media?parent=1973"}],"curies":[{"name":"wp","href":"https:\/\/api.w.org\/{rel}","templated":true}]}}