{"id":1957,"date":"2019-12-19T11:21:48","date_gmt":"2019-12-19T10:21:48","guid":{"rendered":"https:\/\/feistererhof.at\/prices\/"},"modified":"2022-08-22T11:45:58","modified_gmt":"2022-08-22T09:45:58","slug":"prices","status":"publish","type":"page","link":"https:\/\/feistererhof.at\/en\/prices\/","title":{"rendered":"Prices"},"content":{"rendered":"\n<p style=\"text-align: center;\">Since we are bookable on two other platforms in addition to our homepage and calculate our prices flexibly, there may be price differences in the individual offers. However, if you book directly through us, we guarantee you the best price.<\/p>\n<p style=\"text-align: center;\">Please have a look at our room rates from the <strong><a href=\"https:\/\/feistererhof.at\/en\/organic-hotel-room\/?h=hotel\">Hotel<\/a><\/strong> or our <strong><a href=\"https:\/\/feistererhof.at\/en\/organic-hotel-room\/?h=gaestehaus\">Guest house<\/a><\/strong>. <\/p>\n<p style=\"text-align: center;\">You already know when you want to spend your vacation with us? <br>Get in touch right away via our <strong><a href=\"https:\/\/feistererhof.at\/en\/contact\/\">contact form<\/a><\/strong>.<\/p>\n","protected":false},"excerpt":{"rendered":"<p>Since we are bookable on two other platforms in addition to our homepage and calculate our prices flexibly, there may be price differences in the individual offers. However, if you book directly through us, we guarantee you the best price. Please have a look at our room rates from the Hotel or our Guest house. [&hellip;]<\/p>\n","protected":false},"author":1,"featured_media":1541,"parent":0,"menu_order":0,"comment_status":"closed","ping_status":"closed","template":"preis.php","meta":{"_acf_changed":false,"_monsterinsights_skip_tracking":false,"_monsterinsights_sitenote_active":false,"_monsterinsights_sitenote_note":"","_monsterinsights_sitenote_category":0,"footnotes":""},"class_list":["post-1957","page","type-page","status-publish","has-post-thumbnail","hentry"],"acf":[],"yoast_head":"<!-- This site is optimized with the Yoast SEO plugin v27.5 - https:\/\/yoast.com\/product\/yoast-seo-wordpress\/ -->\n<title>Prices - Bio Hotel Feistererhof - Ramsau am Dachstein<\/title>\n<meta name=\"description\" content=\"When booking directly through us, you will always receive the best price for your winter or summer adventure holiday in the mountains.\" \/>\n<meta name=\"robots\" content=\"index, follow, max-snippet:-1, max-image-preview:large, max-video-preview:-1\" \/>\n<link rel=\"canonical\" href=\"https:\/\/feistererhof.at\/en\/prices\/\" \/>\n<meta property=\"og:locale\" content=\"en_US\" \/>\n<meta property=\"og:type\" content=\"article\" \/>\n<meta property=\"og:title\" content=\"Prices - Bio Hotel Feistererhof - Ramsau am Dachstein\" \/>\n<meta property=\"og:description\" content=\"When booking directly through us, you will always receive the best price for your winter or summer adventure holiday in the mountains.\" \/>\n<meta property=\"og:url\" content=\"https:\/\/feistererhof.at\/en\/prices\/\" \/>\n<meta property=\"og:site_name\" content=\"Bio Hotel Feistererhof - Ramsau am Dachstein\" \/>\n<meta property=\"article:modified_time\" content=\"2022-08-22T09:45:58+00:00\" \/>\n<meta property=\"og:image\" content=\"https:\/\/feistererhof.at\/wp-content\/uploads\/2019\/10\/Feistererhof-haus.jpg\" \/>\n\t<meta property=\"og:image:width\" content=\"1900\" \/>\n\t<meta property=\"og:image:height\" content=\"1266\" \/>\n\t<meta property=\"og:image:type\" content=\"image\/jpeg\" \/>\n<meta name=\"twitter:card\" content=\"summary_large_image\" \/>\n<meta name=\"twitter:label1\" content=\"Est. reading time\" \/>\n\t<meta name=\"twitter:data1\" content=\"1 minute\" \/>\n<script type=\"application\/ld+json\" class=\"yoast-schema-graph\">{\"@context\":\"https:\\\/\\\/schema.org\",\"@graph\":[{\"@type\":\"WebPage\",\"@id\":\"https:\\\/\\\/feistererhof.at\\\/en\\\/prices\\\/\",\"url\":\"https:\\\/\\\/feistererhof.at\\\/en\\\/prices\\\/\",\"name\":\"Prices - Bio Hotel Feistererhof - Ramsau am Dachstein\",\"isPartOf\":{\"@id\":\"https:\\\/\\\/feistererhof.at\\\/en\\\/#website\"},\"primaryImageOfPage\":{\"@id\":\"https:\\\/\\\/feistererhof.at\\\/en\\\/prices\\\/#primaryimage\"},\"image\":{\"@id\":\"https:\\\/\\\/feistererhof.at\\\/en\\\/prices\\\/#primaryimage\"},\"thumbnailUrl\":\"https:\\\/\\\/feistererhof.at\\\/wp-content\\\/uploads\\\/2019\\\/10\\\/Feistererhof-haus.jpg\",\"datePublished\":\"2019-12-19T10:21:48+00:00\",\"dateModified\":\"2022-08-22T09:45:58+00:00\",\"description\":\"When booking directly through us, you will always receive the best price for your winter or summer adventure holiday in the mountains.\",\"breadcrumb\":{\"@id\":\"https:\\\/\\\/feistererhof.at\\\/en\\\/prices\\\/#breadcrumb\"},\"inLanguage\":\"en-US\",\"potentialAction\":[{\"@type\":\"ReadAction\",\"target\":[\"https:\\\/\\\/feistererhof.at\\\/en\\\/prices\\\/\"]}]},{\"@type\":\"ImageObject\",\"inLanguage\":\"en-US\",\"@id\":\"https:\\\/\\\/feistererhof.at\\\/en\\\/prices\\\/#primaryimage\",\"url\":\"https:\\\/\\\/feistererhof.at\\\/wp-content\\\/uploads\\\/2019\\\/10\\\/Feistererhof-haus.jpg\",\"contentUrl\":\"https:\\\/\\\/feistererhof.at\\\/wp-content\\\/uploads\\\/2019\\\/10\\\/Feistererhof-haus.jpg\",\"width\":1900,\"height\":1266,\"caption\":\"Organic hotel Feistererhof Ramsau\"},{\"@type\":\"BreadcrumbList\",\"@id\":\"https:\\\/\\\/feistererhof.at\\\/en\\\/prices\\\/#breadcrumb\",\"itemListElement\":[{\"@type\":\"ListItem\",\"position\":1,\"name\":\"Home\",\"item\":\"https:\\\/\\\/feistererhof.at\\\/en\\\/\"},{\"@type\":\"ListItem\",\"position\":2,\"name\":\"Prices\"}]},{\"@type\":\"WebSite\",\"@id\":\"https:\\\/\\\/feistererhof.at\\\/en\\\/#website\",\"url\":\"https:\\\/\\\/feistererhof.at\\\/en\\\/\",\"name\":\"Bio Hotel Feistererhof - Ramsau am Dachstein\",\"description\":\"Unser 4 Sterne Familien- und Biohotel in der Ramsau am Dachstein hei\u00dft Sie herzlich Willkommen! Gastfreundschaft, beste regionale K\u00fcche, Erzeugung im eigenen Haus und der pers\u00f6nliche Kontakt mit unseren G\u00e4sten zeichnet uns aus.\",\"publisher\":{\"@id\":\"https:\\\/\\\/feistererhof.at\\\/en\\\/#organization\"},\"potentialAction\":[{\"@type\":\"SearchAction\",\"target\":{\"@type\":\"EntryPoint\",\"urlTemplate\":\"https:\\\/\\\/feistererhof.at\\\/en\\\/?s={search_term_string}\"},\"query-input\":{\"@type\":\"PropertyValueSpecification\",\"valueRequired\":true,\"valueName\":\"search_term_string\"}}],\"inLanguage\":\"en-US\"},{\"@type\":\"Organization\",\"@id\":\"https:\\\/\\\/feistererhof.at\\\/en\\\/#organization\",\"name\":\"Bio Hotel Feistererhof - Ramsau am Dachstein\",\"url\":\"https:\\\/\\\/feistererhof.at\\\/en\\\/\",\"logo\":{\"@type\":\"ImageObject\",\"inLanguage\":\"en-US\",\"@id\":\"https:\\\/\\\/feistererhof.at\\\/en\\\/#\\\/schema\\\/logo\\\/image\\\/\",\"url\":\"https:\\\/\\\/feistererhof.at\\\/wp-content\\\/uploads\\\/2019\\\/10\\\/Feistererhof_Logo_1_black_RGB_large.png\",\"contentUrl\":\"https:\\\/\\\/feistererhof.at\\\/wp-content\\\/uploads\\\/2019\\\/10\\\/Feistererhof_Logo_1_black_RGB_large.png\",\"width\":1000,\"height\":81,\"caption\":\"Bio Hotel Feistererhof - Ramsau am Dachstein\"},\"image\":{\"@id\":\"https:\\\/\\\/feistererhof.at\\\/en\\\/#\\\/schema\\\/logo\\\/image\\\/\"}}]}<\/script>\n<!-- \/ Yoast SEO plugin. -->","yoast_head_json":{"title":"Prices - Bio Hotel Feistererhof - Ramsau am Dachstein","description":"When booking directly through us, you will always receive the best price for your winter or summer adventure holiday in the mountains.","robots":{"index":"index","follow":"follow","max-snippet":"max-snippet:-1","max-image-preview":"max-image-preview:large","max-video-preview":"max-video-preview:-1"},"canonical":"https:\/\/feistererhof.at\/en\/prices\/","og_locale":"en_US","og_type":"article","og_title":"Prices - Bio Hotel Feistererhof - Ramsau am Dachstein","og_description":"When booking directly through us, you will always receive the best price for your winter or summer adventure holiday in the mountains.","og_url":"https:\/\/feistererhof.at\/en\/prices\/","og_site_name":"Bio Hotel Feistererhof - Ramsau am Dachstein","article_modified_time":"2022-08-22T09:45:58+00:00","og_image":[{"width":1900,"height":1266,"url":"https:\/\/feistererhof.at\/wp-content\/uploads\/2019\/10\/Feistererhof-haus.jpg","type":"image\/jpeg"}],"twitter_card":"summary_large_image","twitter_misc":{"Est. reading time":"1 minute"},"schema":{"@context":"https:\/\/schema.org","@graph":[{"@type":"WebPage","@id":"https:\/\/feistererhof.at\/en\/prices\/","url":"https:\/\/feistererhof.at\/en\/prices\/","name":"Prices - Bio Hotel Feistererhof - Ramsau am Dachstein","isPartOf":{"@id":"https:\/\/feistererhof.at\/en\/#website"},"primaryImageOfPage":{"@id":"https:\/\/feistererhof.at\/en\/prices\/#primaryimage"},"image":{"@id":"https:\/\/feistererhof.at\/en\/prices\/#primaryimage"},"thumbnailUrl":"https:\/\/feistererhof.at\/wp-content\/uploads\/2019\/10\/Feistererhof-haus.jpg","datePublished":"2019-12-19T10:21:48+00:00","dateModified":"2022-08-22T09:45:58+00:00","description":"When booking directly through us, you will always receive the best price for your winter or summer adventure holiday in the mountains.","breadcrumb":{"@id":"https:\/\/feistererhof.at\/en\/prices\/#breadcrumb"},"inLanguage":"en-US","potentialAction":[{"@type":"ReadAction","target":["https:\/\/feistererhof.at\/en\/prices\/"]}]},{"@type":"ImageObject","inLanguage":"en-US","@id":"https:\/\/feistererhof.at\/en\/prices\/#primaryimage","url":"https:\/\/feistererhof.at\/wp-content\/uploads\/2019\/10\/Feistererhof-haus.jpg","contentUrl":"https:\/\/feistererhof.at\/wp-content\/uploads\/2019\/10\/Feistererhof-haus.jpg","width":1900,"height":1266,"caption":"Organic hotel Feistererhof Ramsau"},{"@type":"BreadcrumbList","@id":"https:\/\/feistererhof.at\/en\/prices\/#breadcrumb","itemListElement":[{"@type":"ListItem","position":1,"name":"Home","item":"https:\/\/feistererhof.at\/en\/"},{"@type":"ListItem","position":2,"name":"Prices"}]},{"@type":"WebSite","@id":"https:\/\/feistererhof.at\/en\/#website","url":"https:\/\/feistererhof.at\/en\/","name":"Bio Hotel Feistererhof - Ramsau am Dachstein","description":"Unser 4 Sterne Familien- und Biohotel in der Ramsau am Dachstein hei\u00dft Sie herzlich Willkommen! Gastfreundschaft, beste regionale K\u00fcche, Erzeugung im eigenen Haus und der pers\u00f6nliche Kontakt mit unseren G\u00e4sten zeichnet uns aus.","publisher":{"@id":"https:\/\/feistererhof.at\/en\/#organization"},"potentialAction":[{"@type":"SearchAction","target":{"@type":"EntryPoint","urlTemplate":"https:\/\/feistererhof.at\/en\/?s={search_term_string}"},"query-input":{"@type":"PropertyValueSpecification","valueRequired":true,"valueName":"search_term_string"}}],"inLanguage":"en-US"},{"@type":"Organization","@id":"https:\/\/feistererhof.at\/en\/#organization","name":"Bio Hotel Feistererhof - Ramsau am Dachstein","url":"https:\/\/feistererhof.at\/en\/","logo":{"@type":"ImageObject","inLanguage":"en-US","@id":"https:\/\/feistererhof.at\/en\/#\/schema\/logo\/image\/","url":"https:\/\/feistererhof.at\/wp-content\/uploads\/2019\/10\/Feistererhof_Logo_1_black_RGB_large.png","contentUrl":"https:\/\/feistererhof.at\/wp-content\/uploads\/2019\/10\/Feistererhof_Logo_1_black_RGB_large.png","width":1000,"height":81,"caption":"Bio Hotel Feistererhof - Ramsau am Dachstein"},"image":{"@id":"https:\/\/feistererhof.at\/en\/#\/schema\/logo\/image\/"}}]}},"_links":{"self":[{"href":"https:\/\/feistererhof.at\/en\/wp-json\/wp\/v2\/pages\/1957","targetHints":{"allow":["GET"]}}],"collection":[{"href":"https:\/\/feistererhof.at\/en\/wp-json\/wp\/v2\/pages"}],"about":[{"href":"https:\/\/feistererhof.at\/en\/wp-json\/wp\/v2\/types\/page"}],"author":[{"embeddable":true,"href":"https:\/\/feistererhof.at\/en\/wp-json\/wp\/v2\/users\/1"}],"replies":[{"embeddable":true,"href":"https:\/\/feistererhof.at\/en\/wp-json\/wp\/v2\/comments?post=1957"}],"version-history":[{"count":0,"href":"https:\/\/feistererhof.at\/en\/wp-json\/wp\/v2\/pages\/1957\/revisions"}],"wp:featuredmedia":[{"embeddable":true,"href":"https:\/\/feistererhof.at\/en\/wp-json\/wp\/v2\/media\/1541"}],"wp:attachment":[{"href":"https:\/\/feistererhof.at\/en\/wp-json\/wp\/v2\/media?parent=1957"}],"curies":[{"name":"wp","href":"https:\/\/api.w.org\/{rel}","templated":true}]}}